{"id":86,"date":"2014-12-26T10:32:49","date_gmt":"2014-12-26T10:32:49","guid":{"rendered":"http:\/\/www.brogliplast.com.br\/site\/?page_id=86"},"modified":"2015-01-13T17:03:03","modified_gmt":"2015-01-13T17:03:03","slug":"injecao-plastica","status":"publish","type":"page","link":"http:\/\/www.brogliplast.com.br\/site\/injecao-plastica\/","title":{"rendered":"Inje\u00e7\u00e3o Pl\u00e1stica"},"content":{"rendered":"<p style=\"text-align: justify;\"><span class=\"style34\"><br \/>\n<img loading=\"lazy\" decoding=\"async\" src=\"http:\/\/www.brogliplast.com.br\/images\/seta.png\" alt=\"\" width=\"31\" height=\"20\" \/>Prestamos servi\u00e7os de inje\u00e7\u00e3o pl\u00e1stica de pe\u00e7as t\u00e9cnicas e de precis\u00e3o.<\/span><\/p>\n<p style=\"text-align: justify;\"><img loading=\"lazy\" decoding=\"async\" src=\"http:\/\/www.brogliplast.com.br\/images\/seta.png\" alt=\"\" width=\"31\" height=\"20\" \/>Especializamo-nos em materiais pl\u00e1sticos de alta performance e de engenharia, tais como:<\/p>\n<p><img loading=\"lazy\" decoding=\"async\" class=\" alignnone\" src=\"http:\/\/www.brogliplast.com.br\/images\/PB.png\" alt=\"\" width=\"87\" height=\"75\" \/><img loading=\"lazy\" decoding=\"async\" class=\" alignnone\" src=\"http:\/\/www.brogliplast.com.br\/images\/PA.png\" alt=\"\" width=\"87\" height=\"75\" \/><\/p>\n<p style=\"text-align: justify;\"><img loading=\"lazy\" decoding=\"async\" src=\"http:\/\/www.brogliplast.com.br\/images\/seta.png\" alt=\"\" width=\"31\" height=\"20\" \/>Como parceiros de nossos clientes visamos melhorar seus processos e custos e sugerimos melhorias que agregam valor aos seus produtos.<\/p>\n<p style=\"text-align: justify;\"><img loading=\"lazy\" decoding=\"async\" src=\"http:\/\/www.brogliplast.com.br\/images\/seta.png\" alt=\"\" width=\"31\" height=\"20\" \/>Primamos pela qualidade total tanto do acabamento quanto da funcionalidade de cada produto e de sua ferramenta. Assim, sua an\u00e1lise e manuten\u00e7\u00e3o s\u00e3o executadas a cada produ\u00e7\u00e3o.<\/p>\n<p style=\"text-align: justify;\"><img loading=\"lazy\" decoding=\"async\" src=\"http:\/\/www.brogliplast.com.br\/images\/seta.png\" alt=\"\" width=\"31\" height=\"20\" \/>Realizamos o desenvolvimento de produtos pl\u00e1sticos novos, desde o seu projeto at\u00e9 o surgimento do produto final &#8211; ou seja, injetado!<\/p>\n<div id='gallery-1' class='gallery galleryid-86 gallery-columns-2 gallery-size-medium'><figure class='gallery-item'>\n\t\t\t<div class='gallery-icon landscape'>\n\t\t\t\t<a href='http:\/\/www.brogliplast.com.br\/site\/injecao-plastica\/fotos-pecas-25-02-11_062\/'><img loading=\"lazy\" decoding=\"async\" width=\"300\" height=\"225\" src=\"http:\/\/www.brogliplast.com.br\/site\/wp-content\/uploads\/2014\/12\/fotos.pecas_.25.02.11_062-300x225.jpg\" class=\"attachment-medium size-medium\" alt=\"\" srcset=\"http:\/\/www.brogliplast.com.br\/site\/wp-content\/uploads\/2014\/12\/fotos.pecas_.25.02.11_062-300x225.jpg 300w, http:\/\/www.brogliplast.com.br\/site\/wp-content\/uploads\/2014\/12\/fotos.pecas_.25.02.11_062.jpg 640w\" sizes=\"auto, (max-width: 300px) 100vw, 300px\" \/><\/a>\n\t\t\t<\/div><\/figure><figure class='gallery-item'>\n\t\t\t<div class='gallery-icon landscape'>\n\t\t\t\t<a href='http:\/\/www.brogliplast.com.br\/site\/injecao-plastica\/fotos-pecas-25-02-11_058\/'><img loading=\"lazy\" decoding=\"async\" width=\"300\" height=\"225\" src=\"http:\/\/www.brogliplast.com.br\/site\/wp-content\/uploads\/2014\/12\/fotos.pecas_.25.02.11_058-300x225.jpg\" class=\"attachment-medium size-medium\" alt=\"\" srcset=\"http:\/\/www.brogliplast.com.br\/site\/wp-content\/uploads\/2014\/12\/fotos.pecas_.25.02.11_058-300x225.jpg 300w, http:\/\/www.brogliplast.com.br\/site\/wp-content\/uploads\/2014\/12\/fotos.pecas_.25.02.11_058.jpg 640w\" sizes=\"auto, (max-width: 300px) 100vw, 300px\" \/><\/a>\n\t\t\t<\/div><\/figure>\n\t\t<\/div>\n\n","protected":false},"excerpt":{"rendered":"<p>Prestamos servi\u00e7os de inje\u00e7\u00e3o pl\u00e1stica de pe\u00e7as t\u00e9cnicas e de precis\u00e3o. Especializamo-nos em materiais pl\u00e1sticos de alta performance e de engenharia, tais como: Como parceiros de nossos clientes visamos melhorar seus processos e custos e sugerimos melhorias que agregam valor<\/p>\n","protected":false},"author":1,"featured_media":0,"parent":0,"menu_order":0,"comment_status":"open","ping_status":"open","template":"","meta":{"footnotes":""},"class_list":["post-86","page","type-page","status-publish","hentry"],"_links":{"self":[{"href":"http:\/\/www.brogliplast.com.br\/site\/wp-json\/wp\/v2\/pages\/86","targetHints":{"allow":["GET"]}}],"collection":[{"href":"http:\/\/www.brogliplast.com.br\/site\/wp-json\/wp\/v2\/pages"}],"about":[{"href":"http:\/\/www.brogliplast.com.br\/site\/wp-json\/wp\/v2\/types\/page"}],"author":[{"embeddable":true,"href":"http:\/\/www.brogliplast.com.br\/site\/wp-json\/wp\/v2\/users\/1"}],"replies":[{"embeddable":true,"href":"http:\/\/www.brogliplast.com.br\/site\/wp-json\/wp\/v2\/comments?post=86"}],"version-history":[{"count":24,"href":"http:\/\/www.brogliplast.com.br\/site\/wp-json\/wp\/v2\/pages\/86\/revisions"}],"predecessor-version":[{"id":474,"href":"http:\/\/www.brogliplast.com.br\/site\/wp-json\/wp\/v2\/pages\/86\/revisions\/474"}],"wp:attachment":[{"href":"http:\/\/www.brogliplast.com.br\/site\/wp-json\/wp\/v2\/media?parent=86"}],"curies":[{"name":"wp","href":"https:\/\/api.w.org\/{rel}","templated":true}]}}