{"id":797,"date":"2017-04-10T17:55:49","date_gmt":"2017-04-10T17:55:49","guid":{"rendered":"http:\/\/www.brogliplast.com.br\/site\/?page_id=797"},"modified":"2017-05-12T16:24:01","modified_gmt":"2017-05-12T19:24:01","slug":"mangueiras-de-retorno-de-agua-do-reservatorio-de-expansao-do-radiador","status":"publish","type":"page","link":"http:\/\/www.brogliplast.com.br\/site\/mangueiras-de-retorno-de-agua-do-reservatorio-de-expansao-do-radiador\/","title":{"rendered":"Mangueiras de retorno de \u00e1gua do reservat\u00f3rio de expans\u00e3o do radiador"},"content":{"rendered":"<p>Cat\u00e1logo de mangueiras de retorno de \u00e1gua do reservat\u00f3rio de expans\u00e3o do radiador. Ao Entrar em contato, use a\u00a0refer\u00eancia do\u00a0produto, inicia-se com \u00a0&#8220;BRO&#8221;<\/p>\n<div id='gallery-1' class='gallery galleryid-797 gallery-columns-3 gallery-size-medium'><figure class='gallery-item'>\n\t\t\t<div class='gallery-icon landscape'>\n\t\t\t\t<a href='http:\/\/www.brogliplast.com.br\/site\/mangueiras-de-retorno-de-agua-do-reservatorio-de-expansao-do-radiador\/01-12-001\/'><img loading=\"lazy\" decoding=\"async\" width=\"300\" height=\"211\" src=\"http:\/\/www.brogliplast.com.br\/site\/wp-content\/uploads\/2017\/04\/01.12.001-300x211.jpg\" class=\"attachment-medium size-medium\" alt=\"\" aria-describedby=\"gallery-1-799\" srcset=\"http:\/\/www.brogliplast.com.br\/site\/wp-content\/uploads\/2017\/04\/01.12.001-300x211.jpg 300w, http:\/\/www.brogliplast.com.br\/site\/wp-content\/uploads\/2017\/04\/01.12.001.jpg 702w\" sizes=\"auto, (max-width: 300px) 100vw, 300px\" \/><\/a>\n\t\t\t<\/div>\n\t\t\t\t<figcaption class='wp-caption-text gallery-caption' id='gallery-1-799'>\n\t\t\t\t<h4 align=\"center\"> Equivalente Orig.: 1323Y2<\/h4> <h4 align=\"center\">Aplica\u00e7\u00f5es: PEUGEOT 206, 207 1.4 8V 1.6 16V e HOGGAR (TODOS OS ANOS)\n.<\/h4> <\/body>\n\t\t\t\t<\/figcaption><\/figure><figure class='gallery-item'>\n\t\t\t<div class='gallery-icon landscape'>\n\t\t\t\t<a href='http:\/\/www.brogliplast.com.br\/site\/mangueiras-de-retorno-de-agua-do-reservatorio-de-expansao-do-radiador\/01-12-002\/'><img loading=\"lazy\" decoding=\"async\" width=\"300\" height=\"211\" src=\"http:\/\/www.brogliplast.com.br\/site\/wp-content\/uploads\/2017\/04\/01.12.002-300x211.jpg\" class=\"attachment-medium size-medium\" alt=\"\" aria-describedby=\"gallery-1-803\" srcset=\"http:\/\/www.brogliplast.com.br\/site\/wp-content\/uploads\/2017\/04\/01.12.002-300x211.jpg 300w, http:\/\/www.brogliplast.com.br\/site\/wp-content\/uploads\/2017\/04\/01.12.002.jpg 702w\" sizes=\"auto, (max-width: 300px) 100vw, 300px\" \/><\/a>\n\t\t\t<\/div>\n\t\t\t\t<figcaption class='wp-caption-text gallery-caption' id='gallery-1-803'>\n\t\t\t\t<h4 align=\"center\"> Equivalente Orig.: 132307<\/h4> <h4 align=\"center\">Aplica\u00e7\u00f5es: CITROENXSARAPICASSO 1.6 16V E 2.0 16V (TODOS). <\/h4> <\/body>\n\t\t\t\t<\/figcaption><\/figure><figure class='gallery-item'>\n\t\t\t<div class='gallery-icon landscape'>\n\t\t\t\t<a href='http:\/\/www.brogliplast.com.br\/site\/mangueiras-de-retorno-de-agua-do-reservatorio-de-expansao-do-radiador\/01-12-003\/'><img loading=\"lazy\" decoding=\"async\" width=\"300\" height=\"209\" src=\"http:\/\/www.brogliplast.com.br\/site\/wp-content\/uploads\/2017\/04\/01.12.003-300x209.jpg\" class=\"attachment-medium size-medium\" alt=\"\" aria-describedby=\"gallery-1-802\" srcset=\"http:\/\/www.brogliplast.com.br\/site\/wp-content\/uploads\/2017\/04\/01.12.003-300x209.jpg 300w, http:\/\/www.brogliplast.com.br\/site\/wp-content\/uploads\/2017\/04\/01.12.003.jpg 708w\" sizes=\"auto, (max-width: 300px) 100vw, 300px\" \/><\/a>\n\t\t\t<\/div>\n\t\t\t\t<figcaption class='wp-caption-text gallery-caption' id='gallery-1-802'>\n\t\t\t\t<h4 align=\"center\"> Equivalente Orig.: C1B1 8C012AD\n<\/h4> <h4 align=\"center\">Aplica\u00e7\u00f5es: FORD KA14\/17 1.0 3 CILINDROS, FORD NEW FIESTA 14\/17 1.0 ECOBOOST\n <\/h4> <\/body>\n\t\t\t\t<\/figcaption><\/figure><figure class='gallery-item'>\n\t\t\t<div class='gallery-icon landscape'>\n\t\t\t\t<a href='http:\/\/www.brogliplast.com.br\/site\/mangueiras-de-retorno-de-agua-do-reservatorio-de-expansao-do-radiador\/01-12-004\/'><img loading=\"lazy\" decoding=\"async\" width=\"300\" height=\"209\" src=\"http:\/\/www.brogliplast.com.br\/site\/wp-content\/uploads\/2017\/04\/01.12.004-300x209.jpg\" class=\"attachment-medium size-medium\" alt=\"\" aria-describedby=\"gallery-1-801\" srcset=\"http:\/\/www.brogliplast.com.br\/site\/wp-content\/uploads\/2017\/04\/01.12.004-300x209.jpg 300w, http:\/\/www.brogliplast.com.br\/site\/wp-content\/uploads\/2017\/04\/01.12.004.jpg 708w\" sizes=\"auto, (max-width: 300px) 100vw, 300px\" \/><\/a>\n\t\t\t<\/div>\n\t\t\t\t<figcaption class='wp-caption-text gallery-caption' id='gallery-1-801'>\n\t\t\t\t<h4 align=\"center\"> Equivalente Orig.: 1323C5 <\/h4> <h4 align=\"center\">Aplica\u00e7\u00f5es: CITROEN C4 PALLAS\/ C4 PICASSO\/ C4 LOUNGE \/ C4 HATCH e C5 307 308 407 408 MOTOR 2.0 16V (BREVE LAN\u00c7AMENTO) <\/h4> <\/body>\n\t\t\t\t<\/figcaption><\/figure><figure class='gallery-item'>\n\t\t\t<div class='gallery-icon landscape'>\n\t\t\t\t<a href='http:\/\/www.brogliplast.com.br\/site\/mangueiras-de-retorno-de-agua-do-reservatorio-de-expansao-do-radiador\/01-12-005\/'><img loading=\"lazy\" decoding=\"async\" width=\"300\" height=\"209\" src=\"http:\/\/www.brogliplast.com.br\/site\/wp-content\/uploads\/2017\/04\/01.12.005-300x209.jpg\" class=\"attachment-medium size-medium\" alt=\"\" aria-describedby=\"gallery-1-800\" srcset=\"http:\/\/www.brogliplast.com.br\/site\/wp-content\/uploads\/2017\/04\/01.12.005-300x209.jpg 300w, http:\/\/www.brogliplast.com.br\/site\/wp-content\/uploads\/2017\/04\/01.12.005.jpg 708w\" sizes=\"auto, (max-width: 300px) 100vw, 300px\" \/><\/a>\n\t\t\t<\/div>\n\t\t\t\t<figcaption class='wp-caption-text gallery-caption' id='gallery-1-800'>\n\t\t\t\t<h4 align=\"center\"> Equivalente Orig.: 1323A5 <\/h4> <h4 align=\"center\">Aplica\u00e7\u00f5es: CITROEN C4 e PEUGEOT 307 308 MOTOR 1.6 16V (BREVE LAN\u00c7AMENTO)  <\/h4> <\/body>\n\t\t\t\t<\/figcaption><\/figure><figure class='gallery-item'>\n\t\t\t<div class='gallery-icon landscape'>\n\t\t\t\t<a href='http:\/\/www.brogliplast.com.br\/site\/mangueiras-de-retorno-de-agua-do-reservatorio-de-expansao-do-radiador\/01-12-008\/'><img loading=\"lazy\" decoding=\"async\" width=\"300\" height=\"211\" src=\"http:\/\/www.brogliplast.com.br\/site\/wp-content\/uploads\/2017\/04\/01.12.008-300x211.jpg\" class=\"attachment-medium size-medium\" alt=\"\" aria-describedby=\"gallery-1-798\" srcset=\"http:\/\/www.brogliplast.com.br\/site\/wp-content\/uploads\/2017\/04\/01.12.008-300x211.jpg 300w, http:\/\/www.brogliplast.com.br\/site\/wp-content\/uploads\/2017\/04\/01.12.008.jpg 702w\" sizes=\"auto, (max-width: 300px) 100vw, 300px\" \/><\/a>\n\t\t\t<\/div>\n\t\t\t\t<figcaption class='wp-caption-text gallery-caption' id='gallery-1-798'>\n\t\t\t\t<h4 align=\"center\">Aplica\u00e7\u00f5es: PEUGEOT 206 00\/05 1.0 16V<\/h4> <\/body>\n\t\t\t\t<\/figcaption><\/figure>\n\t\t<\/div>\n\n","protected":false},"excerpt":{"rendered":"<p>Cat\u00e1logo de mangueiras de retorno de \u00e1gua do reservat\u00f3rio de expans\u00e3o do radiador. Ao Entrar em contato, use a\u00a0refer\u00eancia do\u00a0produto, inicia-se com \u00a0&#8220;BRO&#8221;<\/p>\n","protected":false},"author":1,"featured_media":0,"parent":0,"menu_order":0,"comment_status":"closed","ping_status":"closed","template":"","meta":{"footnotes":""},"class_list":["post-797","page","type-page","status-publish","hentry"],"_links":{"self":[{"href":"http:\/\/www.brogliplast.com.br\/site\/wp-json\/wp\/v2\/pages\/797","targetHints":{"allow":["GET"]}}],"collection":[{"href":"http:\/\/www.brogliplast.com.br\/site\/wp-json\/wp\/v2\/pages"}],"about":[{"href":"http:\/\/www.brogliplast.com.br\/site\/wp-json\/wp\/v2\/types\/page"}],"author":[{"embeddable":true,"href":"http:\/\/www.brogliplast.com.br\/site\/wp-json\/wp\/v2\/users\/1"}],"replies":[{"embeddable":true,"href":"http:\/\/www.brogliplast.com.br\/site\/wp-json\/wp\/v2\/comments?post=797"}],"version-history":[{"count":1,"href":"http:\/\/www.brogliplast.com.br\/site\/wp-json\/wp\/v2\/pages\/797\/revisions"}],"predecessor-version":[{"id":804,"href":"http:\/\/www.brogliplast.com.br\/site\/wp-json\/wp\/v2\/pages\/797\/revisions\/804"}],"wp:attachment":[{"href":"http:\/\/www.brogliplast.com.br\/site\/wp-json\/wp\/v2\/media?parent=797"}],"curies":[{"name":"wp","href":"https:\/\/api.w.org\/{rel}","templated":true}]}}