{"id":60,"date":"2014-12-26T10:04:58","date_gmt":"2014-12-26T10:04:58","guid":{"rendered":"http:\/\/www.brogliplast.com.br\/site\/?page_id=60"},"modified":"2015-01-02T23:15:35","modified_gmt":"2015-01-02T23:15:35","slug":"equipe","status":"publish","type":"page","link":"http:\/\/www.brogliplast.com.br\/site\/equipe\/","title":{"rendered":"Equipe"},"content":{"rendered":"<p class=\"style111\" style=\"text-align: justify;\" align=\"justify\"><img loading=\"lazy\" decoding=\"async\" class=\" size-medium wp-image-61 alignleft\" src=\"http:\/\/www.brogliplast.com.br\/site\/wp-content\/uploads\/2014\/12\/foto2_2007G-300x224.jpg\" alt=\"foto2_2007G\" width=\"300\" height=\"224\" srcset=\"http:\/\/www.brogliplast.com.br\/site\/wp-content\/uploads\/2014\/12\/foto2_2007G-300x224.jpg 300w, http:\/\/www.brogliplast.com.br\/site\/wp-content\/uploads\/2014\/12\/foto2_2007G.jpg 400w\" sizes=\"auto, (max-width: 300px) 100vw, 300px\" \/><img loading=\"lazy\" decoding=\"async\" src=\"http:\/\/www.brogliplast.com.br\/images\/seta.png\" alt=\"\" width=\"31\" height=\"20\" \/>Nos segmentos de Inje\u00e7\u00e3o Pl\u00e1stica e Ferramentaria: Nossa equipe comp\u00f5e-se de profissionais dedicados e comprometidos com os objetivos de nossos parceiros, alinhando-os com nossos valores empresariais, ou seja, numa busca cont\u00ednua das melhores solu\u00e7\u00f5es para as demandas de cada um deles, desenvolvendo nossos conhecimentos e processos a fim de agregar valor aos seus produtos.<\/p>\n<p style=\"text-align: justify;\"><span class=\"style111\"><img loading=\"lazy\" decoding=\"async\" src=\"http:\/\/www.brogliplast.com.br\/images\/seta.png\" alt=\"\" width=\"31\" height=\"20\" \/>No segmento de Autope\u00e7as:\u00a0 Nossa equipe est\u00e1 engajada na busca de novos produtos, ausentes hoje no mercado brasileiro, mas \u201csolicitado\u201d por ele.\u00a0 Ou seja: estamos atentos e buscando \u201co que nosso mercado precisa e encontra dificuldades para obter, como prazo longo no caso de importa\u00e7\u00f5es, ou baixa qualidade\u201d.\u00a0 Nossa equipe prioriza a alta qualidade e pronto-atendimento dos pedidos.<\/span><\/p>\n<p style=\"text-align: justify;\"><img loading=\"lazy\" decoding=\"async\" src=\"http:\/\/www.brogliplast.com.br\/images\/seta.png\" alt=\"\" width=\"31\" height=\"20\" \/>Cientes do positivo mercado competitivo que vivenciamos, buscamos nos superar sempre no desenvolvimento de novos conceitos e ferramentas para otimiza\u00e7\u00e3o de tempos e custos de processo, no estudo das mais modernas e recentes mat\u00e9rias-primas lan\u00e7adas mundialmente e suas aplica\u00e7\u00f5es, objetivando colaborar com nossos parceiros em seu poder de competitividade.<\/p>\n","protected":false},"excerpt":{"rendered":"<p>Nos segmentos de Inje\u00e7\u00e3o Pl\u00e1stica e Ferramentaria: Nossa equipe comp\u00f5e-se de profissionais dedicados e comprometidos com os objetivos de nossos parceiros, alinhando-os com nossos valores empresariais, ou seja, numa busca cont\u00ednua das melhores solu\u00e7\u00f5es para as demandas de cada um<\/p>\n","protected":false},"author":1,"featured_media":0,"parent":0,"menu_order":0,"comment_status":"open","ping_status":"open","template":"","meta":{"footnotes":""},"class_list":["post-60","page","type-page","status-publish","hentry"],"_links":{"self":[{"href":"http:\/\/www.brogliplast.com.br\/site\/wp-json\/wp\/v2\/pages\/60","targetHints":{"allow":["GET"]}}],"collection":[{"href":"http:\/\/www.brogliplast.com.br\/site\/wp-json\/wp\/v2\/pages"}],"about":[{"href":"http:\/\/www.brogliplast.com.br\/site\/wp-json\/wp\/v2\/types\/page"}],"author":[{"embeddable":true,"href":"http:\/\/www.brogliplast.com.br\/site\/wp-json\/wp\/v2\/users\/1"}],"replies":[{"embeddable":true,"href":"http:\/\/www.brogliplast.com.br\/site\/wp-json\/wp\/v2\/comments?post=60"}],"version-history":[{"count":4,"href":"http:\/\/www.brogliplast.com.br\/site\/wp-json\/wp\/v2\/pages\/60\/revisions"}],"predecessor-version":[{"id":445,"href":"http:\/\/www.brogliplast.com.br\/site\/wp-json\/wp\/v2\/pages\/60\/revisions\/445"}],"wp:attachment":[{"href":"http:\/\/www.brogliplast.com.br\/site\/wp-json\/wp\/v2\/media?parent=60"}],"curies":[{"name":"wp","href":"https:\/\/api.w.org\/{rel}","templated":true}]}}