{"id":485,"date":"2015-01-19T21:19:29","date_gmt":"2015-01-19T21:19:29","guid":{"rendered":"http:\/\/www.brogliplast.com.br\/site\/?page_id=485"},"modified":"2017-04-07T19:53:55","modified_gmt":"2017-04-07T19:53:55","slug":"tubos-de-envio-e-retorno-de-combustivel","status":"publish","type":"page","link":"http:\/\/www.brogliplast.com.br\/site\/tubos-de-envio-e-retorno-de-combustivel\/","title":{"rendered":"Tubos de envio e retorno de combust\u00edvel"},"content":{"rendered":"<p>Cat\u00e1logo de Tubos de envio e retorno de combust\u00edvel. Ao Entrar em contato, use a\u00a0refer\u00eancia do\u00a0produto, inicia-se com \u00a0&#8220;BRO&#8221;<\/p>\n<p>&nbsp;<\/p>\n<p>&nbsp;<\/p>\n<div id='gallery-1' class='gallery galleryid-485 gallery-columns-3 gallery-size-medium'><figure class='gallery-item'>\n\t\t\t<div class='gallery-icon landscape'>\n\t\t\t\t<a href='http:\/\/www.brogliplast.com.br\/site\/tubos-de-envio-e-retorno-de-combustivel\/01-10-001\/'><img loading=\"lazy\" decoding=\"async\" width=\"300\" height=\"211\" src=\"http:\/\/www.brogliplast.com.br\/site\/wp-content\/uploads\/2015\/01\/01.10.001-300x211.png\" class=\"attachment-medium size-medium\" alt=\"\" aria-describedby=\"gallery-1-537\" srcset=\"http:\/\/www.brogliplast.com.br\/site\/wp-content\/uploads\/2015\/01\/01.10.001-300x211.png 300w, http:\/\/www.brogliplast.com.br\/site\/wp-content\/uploads\/2015\/01\/01.10.001.png 702w\" sizes=\"auto, (max-width: 300px) 100vw, 300px\" \/><\/a>\n\t\t\t<\/div>\n\t\t\t\t<figcaption class='wp-caption-text gallery-caption' id='gallery-1-537'>\n\t\t\t\t<body><h4 align=\"center\">Aplica\u00e7\u00f5es: PALIO 1.0 e 1.5 \u2013 8V  TODOS MPFI (exceto FIRE)<\/h4> <\/body>\n\t\t\t\t<\/figcaption><\/figure><figure class='gallery-item'>\n\t\t\t<div class='gallery-icon landscape'>\n\t\t\t\t<a href='http:\/\/www.brogliplast.com.br\/site\/tubos-de-envio-e-retorno-de-combustivel\/01-10-002\/'><img loading=\"lazy\" decoding=\"async\" width=\"300\" height=\"211\" src=\"http:\/\/www.brogliplast.com.br\/site\/wp-content\/uploads\/2015\/01\/01.10.002-300x211.png\" class=\"attachment-medium size-medium\" alt=\"\" aria-describedby=\"gallery-1-538\" srcset=\"http:\/\/www.brogliplast.com.br\/site\/wp-content\/uploads\/2015\/01\/01.10.002-300x211.png 300w, http:\/\/www.brogliplast.com.br\/site\/wp-content\/uploads\/2015\/01\/01.10.002.png 702w\" sizes=\"auto, (max-width: 300px) 100vw, 300px\" \/><\/a>\n\t\t\t<\/div>\n\t\t\t\t<figcaption class='wp-caption-text gallery-caption' id='gallery-1-538'>\n\t\t\t\t<body><h4 align=\"center\">Aplica\u00e7\u00f5es: BRAVA 01\/&#8230; 1.6 16V \/ PALIO 01\/&#8230;, SIENA 01\/&#8230; (excetoFIRE) <\/h4> <\/body>\n\t\t\t\t<\/figcaption><\/figure><figure class='gallery-item'>\n\t\t\t<div class='gallery-icon landscape'>\n\t\t\t\t<a href='http:\/\/www.brogliplast.com.br\/site\/tubos-de-envio-e-retorno-de-combustivel\/01-10-003\/'><img loading=\"lazy\" decoding=\"async\" width=\"300\" height=\"211\" src=\"http:\/\/www.brogliplast.com.br\/site\/wp-content\/uploads\/2015\/01\/01.10.003-300x211.png\" class=\"attachment-medium size-medium\" alt=\"\" aria-describedby=\"gallery-1-539\" srcset=\"http:\/\/www.brogliplast.com.br\/site\/wp-content\/uploads\/2015\/01\/01.10.003-300x211.png 300w, http:\/\/www.brogliplast.com.br\/site\/wp-content\/uploads\/2015\/01\/01.10.003.png 702w\" sizes=\"auto, (max-width: 300px) 100vw, 300px\" \/><\/a>\n\t\t\t<\/div>\n\t\t\t\t<figcaption class='wp-caption-text gallery-caption' id='gallery-1-539'>\n\t\t\t\t<body><h4 align=\"center\">Aplica\u00e7\u00f5es: FIORINO BAU 1.5 8V 97\/&#8230;, FIORINO PICKUP 1.5 97\/02 E MILLE 99\/01 MPFI <\/h4> <\/body>\n\t\t\t\t<\/figcaption><\/figure><figure class='gallery-item'>\n\t\t\t<div class='gallery-icon landscape'>\n\t\t\t\t<a href='http:\/\/www.brogliplast.com.br\/site\/tubos-de-envio-e-retorno-de-combustivel\/01-10-004\/'><img loading=\"lazy\" decoding=\"async\" width=\"300\" height=\"211\" src=\"http:\/\/www.brogliplast.com.br\/site\/wp-content\/uploads\/2015\/01\/01.10.004-300x211.png\" class=\"attachment-medium size-medium\" alt=\"\" aria-describedby=\"gallery-1-540\" srcset=\"http:\/\/www.brogliplast.com.br\/site\/wp-content\/uploads\/2015\/01\/01.10.004-300x211.png 300w, http:\/\/www.brogliplast.com.br\/site\/wp-content\/uploads\/2015\/01\/01.10.004.png 702w\" sizes=\"auto, (max-width: 300px) 100vw, 300px\" \/><\/a>\n\t\t\t<\/div>\n\t\t\t\t<figcaption class='wp-caption-text gallery-caption' id='gallery-1-540'>\n\t\t\t\t<body><h4 align=\"center\">Aplica\u00e7\u00f5es: PALIO\/SIENA COM MOTOR FIRE 8V 1.0 E 1.3 FASE I E II<\/h4> <\/body>\n\t\t\t\t<\/figcaption><\/figure><figure class='gallery-item'>\n\t\t\t<div class='gallery-icon landscape'>\n\t\t\t\t<a href='http:\/\/www.brogliplast.com.br\/site\/tubos-de-envio-e-retorno-de-combustivel\/01-10-005\/'><img loading=\"lazy\" decoding=\"async\" width=\"300\" height=\"211\" src=\"http:\/\/www.brogliplast.com.br\/site\/wp-content\/uploads\/2015\/01\/01.10.005-300x211.png\" class=\"attachment-medium size-medium\" alt=\"\" aria-describedby=\"gallery-1-541\" srcset=\"http:\/\/www.brogliplast.com.br\/site\/wp-content\/uploads\/2015\/01\/01.10.005-300x211.png 300w, http:\/\/www.brogliplast.com.br\/site\/wp-content\/uploads\/2015\/01\/01.10.005.png 702w\" sizes=\"auto, (max-width: 300px) 100vw, 300px\" \/><\/a>\n\t\t\t<\/div>\n\t\t\t\t<figcaption class='wp-caption-text gallery-caption' id='gallery-1-541'>\n\t\t\t\t<body><h4 align=\"center\">Aplica\u00e7\u00f5es: PALIO 1.0, 1.3 e 1.5 8V 96<\/h4> <\/body>\n\t\t\t\t<\/figcaption><\/figure><figure class='gallery-item'>\n\t\t\t<div class='gallery-icon landscape'>\n\t\t\t\t<a href='http:\/\/www.brogliplast.com.br\/site\/tubos-de-envio-e-retorno-de-combustivel\/01-10-006\/'><img loading=\"lazy\" decoding=\"async\" width=\"300\" height=\"211\" src=\"http:\/\/www.brogliplast.com.br\/site\/wp-content\/uploads\/2015\/01\/01.10.006-300x211.png\" class=\"attachment-medium size-medium\" alt=\"\" aria-describedby=\"gallery-1-542\" srcset=\"http:\/\/www.brogliplast.com.br\/site\/wp-content\/uploads\/2015\/01\/01.10.006-300x211.png 300w, http:\/\/www.brogliplast.com.br\/site\/wp-content\/uploads\/2015\/01\/01.10.006.png 702w\" sizes=\"auto, (max-width: 300px) 100vw, 300px\" \/><\/a>\n\t\t\t<\/div>\n\t\t\t\t<figcaption class='wp-caption-text gallery-caption' id='gallery-1-542'>\n\t\t\t\t<body><h4 align=\"center\">Aplica\u00e7\u00f5es: PALIO 1.0 8V 96\/01, PALIO 1.6 16V 96\/00, PALIO FASE I 03\/04, PALIO WEEKEND 1.0 8V 99\/00,SIENA 1.0 8V 99\/00, SIENA 1.6 16V 98\/00, SIENA FASE I 03\/04 <\/h4> <\/body>\n\t\t\t\t<\/figcaption><\/figure><figure class='gallery-item'>\n\t\t\t<div class='gallery-icon landscape'>\n\t\t\t\t<a href='http:\/\/www.brogliplast.com.br\/site\/tubos-de-envio-e-retorno-de-combustivel\/01-10-007\/'><img loading=\"lazy\" decoding=\"async\" width=\"300\" height=\"211\" src=\"http:\/\/www.brogliplast.com.br\/site\/wp-content\/uploads\/2015\/01\/01.10.007-300x211.png\" class=\"attachment-medium size-medium\" alt=\"\" aria-describedby=\"gallery-1-543\" srcset=\"http:\/\/www.brogliplast.com.br\/site\/wp-content\/uploads\/2015\/01\/01.10.007-300x211.png 300w, http:\/\/www.brogliplast.com.br\/site\/wp-content\/uploads\/2015\/01\/01.10.007.png 702w\" sizes=\"auto, (max-width: 300px) 100vw, 300px\" \/><\/a>\n\t\t\t<\/div>\n\t\t\t\t<figcaption class='wp-caption-text gallery-caption' id='gallery-1-543'>\n\t\t\t\t<body><h4 align=\"center\">Aplica\u00e7\u00f5es: PALIO \/ SIENA 1.6  8V  MOTOR ARGENTINO<\/h4> <\/body>\n\t\t\t\t<\/figcaption><\/figure><figure class='gallery-item'>\n\t\t\t<div class='gallery-icon landscape'>\n\t\t\t\t<a href='http:\/\/www.brogliplast.com.br\/site\/tubos-de-envio-e-retorno-de-combustivel\/01-10-008\/'><img loading=\"lazy\" decoding=\"async\" width=\"300\" height=\"211\" src=\"http:\/\/www.brogliplast.com.br\/site\/wp-content\/uploads\/2015\/01\/01.10.008-300x211.jpg\" class=\"attachment-medium size-medium\" alt=\"\" aria-describedby=\"gallery-1-759\" srcset=\"http:\/\/www.brogliplast.com.br\/site\/wp-content\/uploads\/2015\/01\/01.10.008-300x211.jpg 300w, http:\/\/www.brogliplast.com.br\/site\/wp-content\/uploads\/2015\/01\/01.10.008.jpg 702w\" sizes=\"auto, (max-width: 300px) 100vw, 300px\" \/><\/a>\n\t\t\t<\/div>\n\t\t\t\t<figcaption class='wp-caption-text gallery-caption' id='gallery-1-759'>\n\t\t\t\t<body><h4 align=\"center\">Aplica\u00e7\u00f5es: FIORINO 03\/&#8230; 1.3 FIRE MILE 02\/&#8230;FIRE UNO 03\/&#8230; 1.3 FIRE 8V\n<\/h4> <\/body>\n\t\t\t\t<\/figcaption><\/figure><figure class='gallery-item'>\n\t\t\t<div class='gallery-icon landscape'>\n\t\t\t\t<a href='http:\/\/www.brogliplast.com.br\/site\/tubos-de-envio-e-retorno-de-combustivel\/01-10-009\/'><img loading=\"lazy\" decoding=\"async\" width=\"300\" height=\"211\" src=\"http:\/\/www.brogliplast.com.br\/site\/wp-content\/uploads\/2015\/01\/01.10.009-300x211.jpg\" class=\"attachment-medium size-medium\" alt=\"\" aria-describedby=\"gallery-1-760\" srcset=\"http:\/\/www.brogliplast.com.br\/site\/wp-content\/uploads\/2015\/01\/01.10.009-300x211.jpg 300w, http:\/\/www.brogliplast.com.br\/site\/wp-content\/uploads\/2015\/01\/01.10.009.jpg 702w\" sizes=\"auto, (max-width: 300px) 100vw, 300px\" \/><\/a>\n\t\t\t<\/div>\n\t\t\t\t<figcaption class='wp-caption-text gallery-caption' id='gallery-1-760'>\n\t\t\t\t<body><h4 align=\"center\">Aplica\u00e7\u00f5es: PALIO \/ SIENA COM MOTOR FIRE 16V 1.0 E 1.3 FASE 1 E 2\n <\/h4> <\/body>\n\t\t\t\t<\/figcaption><\/figure><figure class='gallery-item'>\n\t\t\t<div class='gallery-icon landscape'>\n\t\t\t\t<a href='http:\/\/www.brogliplast.com.br\/site\/tubos-de-envio-e-retorno-de-combustivel\/01-10-010\/'><img loading=\"lazy\" decoding=\"async\" width=\"300\" height=\"211\" src=\"http:\/\/www.brogliplast.com.br\/site\/wp-content\/uploads\/2015\/01\/01.10.010-300x211.jpg\" class=\"attachment-medium size-medium\" alt=\"\" aria-describedby=\"gallery-1-761\" srcset=\"http:\/\/www.brogliplast.com.br\/site\/wp-content\/uploads\/2015\/01\/01.10.010-300x211.jpg 300w, http:\/\/www.brogliplast.com.br\/site\/wp-content\/uploads\/2015\/01\/01.10.010.jpg 702w\" sizes=\"auto, (max-width: 300px) 100vw, 300px\" \/><\/a>\n\t\t\t<\/div>\n\t\t\t\t<figcaption class='wp-caption-text gallery-caption' id='gallery-1-761'>\n\t\t\t\t<body><h4 align=\"center\">Aplica\u00e7\u00f5es: FORD FIESTA\/COURIER MOTOR ZETEC 1.4 96\/&#8230;\n<\/h4> <\/body>\n\t\t\t\t<\/figcaption><\/figure>\n\t\t<\/div>\n\n<p>Pe\u00e7a um or\u00e7amento ou saiba mais informa\u00e7\u00f5es atrav\u00e9s do email: <a href=\"mailto:comercial@brogliplast.com.br\">comercial@brogliplast.com.br<\/a><\/p>\n","protected":false},"excerpt":{"rendered":"<p>Cat\u00e1logo de Tubos de envio e retorno de combust\u00edvel. Ao Entrar em contato, use a\u00a0refer\u00eancia do\u00a0produto, inicia-se com \u00a0&#8220;BRO&#8221; &nbsp; &nbsp; Pe\u00e7a um or\u00e7amento ou saiba mais informa\u00e7\u00f5es atrav\u00e9s do email: comercial@brogliplast.com.br<\/p>\n","protected":false},"author":1,"featured_media":0,"parent":0,"menu_order":0,"comment_status":"open","ping_status":"open","template":"","meta":{"footnotes":""},"class_list":["post-485","page","type-page","status-publish","hentry"],"_links":{"self":[{"href":"http:\/\/www.brogliplast.com.br\/site\/wp-json\/wp\/v2\/pages\/485","targetHints":{"allow":["GET"]}}],"collection":[{"href":"http:\/\/www.brogliplast.com.br\/site\/wp-json\/wp\/v2\/pages"}],"about":[{"href":"http:\/\/www.brogliplast.com.br\/site\/wp-json\/wp\/v2\/types\/page"}],"author":[{"embeddable":true,"href":"http:\/\/www.brogliplast.com.br\/site\/wp-json\/wp\/v2\/users\/1"}],"replies":[{"embeddable":true,"href":"http:\/\/www.brogliplast.com.br\/site\/wp-json\/wp\/v2\/comments?post=485"}],"version-history":[{"count":6,"href":"http:\/\/www.brogliplast.com.br\/site\/wp-json\/wp\/v2\/pages\/485\/revisions"}],"predecessor-version":[{"id":762,"href":"http:\/\/www.brogliplast.com.br\/site\/wp-json\/wp\/v2\/pages\/485\/revisions\/762"}],"wp:attachment":[{"href":"http:\/\/www.brogliplast.com.br\/site\/wp-json\/wp\/v2\/media?parent=485"}],"curies":[{"name":"wp","href":"https:\/\/api.w.org\/{rel}","templated":true}]}}