{"id":422,"date":"2015-01-02T20:48:49","date_gmt":"2015-01-02T20:48:49","guid":{"rendered":"http:\/\/www.brogliplast.com.br\/site\/?page_id=422"},"modified":"2015-01-02T21:08:45","modified_gmt":"2015-01-02T21:08:45","slug":"mapa-do-site","status":"publish","type":"page","link":"http:\/\/www.brogliplast.com.br\/site\/mapa-do-site\/","title":{"rendered":"Mapa do site"},"content":{"rendered":"\n<!-- Page-list plugin v.4.3 wordpress.org\/plugins\/page-list\/ -->\n<div class=\"page-list page-list-ext \">\n<div class=\"page-list-ext-item\"><h3 class=\"page-list-ext-title\"><a href=\"http:\/\/www.brogliplast.com.br\/site\/acessorios\/\" title=\"Acess\u00f3rios\">Acess\u00f3rios<\/a><\/h3><div class=\"page-list-ext-item-content\">Auto Pe\u00e7as - Acess\u00f3rios e Acabamentos\u00a0\u2013 Diversos modelos.\u00a0Ao Entrar em contato, use a\u00a0refer\u00eancia do\u00a0prod...<\/div><\/div>\n<div class=\"page-list-ext-item\"><h3 class=\"page-list-ext-title\"><a href=\"http:\/\/www.brogliplast.com.br\/site\/auto-pecas\/\" title=\"Auto Pe\u00e7as\">Auto Pe\u00e7as<\/a><\/h3><div class=\"page-list-ext-item-content\">Tubos do cilindro mestre da embreagem \r\n\r\nTubos de hidrov\u00e1cuo de freios \r\n\r\n Tubos de\u00a0combust\u00edvel \r\n...<\/div><\/div>\n<div class=\"page-list-ext-item\"><h3 class=\"page-list-ext-title\"><a href=\"http:\/\/www.brogliplast.com.br\/site\/\" title=\"Bem Vindos \u00e0 Brogliplast\">Bem Vindos \u00e0 Brogliplast<\/a><\/h3><div class=\"page-list-ext-item-content\"> \r\n  A vis\u00e3o corporativa da \u00a0traduzidas em sua\u00a0VIS\u00c3O  , MISS\u00c3O  e VALORES  -\u00a0norteia a conduta, a est...<\/div><\/div>\n<div class=\"page-list-ext-item\"><h3 class=\"page-list-ext-title\"><a href=\"http:\/\/www.brogliplast.com.br\/site\/brindes-publicitarios\/\" title=\"Brindes Publicit\u00e1rios\">Brindes Publicit\u00e1rios<\/a><\/h3><div class=\"page-list-ext-item-content\">Chaveiros publicit\u00e1rios \r\n\r\nGiroc\u00f3ptero <\/div><\/div>\n<div class=\"page-list-ext-item\"><h3 class=\"page-list-ext-title\"><a href=\"http:\/\/www.brogliplast.com.br\/site\/catalogo-2016\/\" title=\"Cat\u00e1logo 2016\">Cat\u00e1logo 2016<\/a><\/h3><div class=\"page-list-ext-item-content\">A Brogliplast disponibiliza o catalogo de equipamentos e pe\u00e7as sempre atualizado.\r\n\r\nPara fazer o Download ...<\/div><\/div>\n<div class=\"page-list-ext-item\"><h3 class=\"page-list-ext-title\"><a href=\"http:\/\/www.brogliplast.com.br\/site\/chaveiros\/\" title=\"Chaveiros\">Chaveiros<\/a><\/h3><div class=\"page-list-ext-item-content\">C\u00f3digo: BRO.01.01.001 - \u00c9 uma Novidade! \u00c9 um Chaveiro! \u00c9 um Abridor de Garrafas! E \u00e9 um ABRIDOR DE L...<\/div><\/div>\n<div class=\"page-list-ext-item\"><h3 class=\"page-list-ext-title\"><a href=\"http:\/\/www.brogliplast.com.br\/site\/conectores-rapidos-e-adaptadores\/\" title=\"Conectores r\u00e1pidos e adaptadores\">Conectores r\u00e1pidos e adaptadores<\/a><\/h3><div class=\"page-list-ext-item-content\">Cat\u00e1logo de Conectores r\u00e1pidos e adaptadores. Ao Entrar em contato, use a\u00a0refer\u00eancia do\u00a0produto, inic...<\/div><\/div>\n<div class=\"page-list-ext-item\"><h3 class=\"page-list-ext-title\"><a href=\"http:\/\/www.brogliplast.com.br\/site\/contatos\/\" title=\"Contatos\">Contatos<\/a><\/h3><div class=\"page-list-ext-item-content\">\u00a0\u00a0Nossa\u00a0Sede \r\n \r\nRua Coronel Euclides Machado, 429\r\nJd. das Gra\u00e7as - Freguesia do \u00d3\r\nS\u00e3o Paulo - SP ...<\/div><\/div>\n<div class=\"page-list-ext-item\"><h3 class=\"page-list-ext-title\"><a href=\"http:\/\/www.brogliplast.com.br\/site\/equipe\/\" title=\"Equipe\">Equipe<\/a><\/h3><div class=\"page-list-ext-item-content\">Nos segmentos de Inje\u00e7\u00e3o Pl\u00e1stica e Ferramentaria: Nossa equipe comp\u00f5e-se de profissionais dedicados e c...<\/div><\/div>\n<div class=\"page-list-ext-item\"><h3 class=\"page-list-ext-title\"><a href=\"http:\/\/www.brogliplast.com.br\/site\/ferramentaria\/\" title=\"Ferramentaria\">Ferramentaria<\/a><\/h3><div class=\"page-list-ext-item-content\">\u00a0  Desenvolvemos, projetamos e constru\u00edmos moldes e prot\u00f3tipos: \r\nsimples ou complexos;  \r\npara grandes ou...<\/div><\/div>\n<div class=\"page-list-ext-item\"><h3 class=\"page-list-ext-title\"><a href=\"http:\/\/www.brogliplast.com.br\/site\/flanges-e-conexoes\/\" title=\"Flanges e conex\u00f5es\">Flanges e conex\u00f5es<\/a><\/h3><div class=\"page-list-ext-item-content\">Cat\u00e1logo de Flanges e Conex\u00f5es. Ao Entrar em contato, use a\u00a0refer\u00eancia do\u00a0produto, inicia-se com \u00a0\u201cBR...<\/div><\/div>\n<div class=\"page-list-ext-item\"><h3 class=\"page-list-ext-title\"><a href=\"http:\/\/www.brogliplast.com.br\/site\/girocoptero\/\" title=\"Giroc\u00f3ptero\">Giroc\u00f3ptero<\/a><\/h3><div class=\"page-list-ext-item-content\">Este brinquedo \u00e9 apropriado para se brincar em lugares abertos e com vento \u2013 como praias, campos e pa...<\/div><\/div>\n<div class=\"page-list-ext-item\"><h3 class=\"page-list-ext-title\"><a href=\"http:\/\/www.brogliplast.com.br\/site\/homenagens\/\" title=\"Homenagens\">Homenagens<\/a><\/h3><div class=\"page-list-ext-item-content\">   \r\n \u00c0 voc\u00eas, que passaram por nossas vidas com muita Alegria, Generosidade e Determina\u00e7\u00e3o no Bem e n...<\/div><\/div>\n<div class=\"page-list-ext-item\"><h3 class=\"page-list-ext-title\"><a href=\"http:\/\/www.brogliplast.com.br\/site\/injecao-plastica\/\" title=\"Inje\u00e7\u00e3o Pl\u00e1stica\">Inje\u00e7\u00e3o Pl\u00e1stica<\/a><\/h3><div class=\"page-list-ext-item-content\">\r\nPrestamos servi\u00e7os de inje\u00e7\u00e3o pl\u00e1stica de pe\u00e7as t\u00e9cnicas e de precis\u00e3o.  \r\nEspecializamo-nos em mat...<\/div><\/div>\n<div class=\"page-list-ext-item\"><h3 class=\"page-list-ext-title\"><a href=\"http:\/\/www.brogliplast.com.br\/site\/mangueiras-de-retorno-de-agua-do-reservatorio-de-expansao-do-radiador\/\" title=\"Mangueiras de retorno de \u00e1gua do reservat\u00f3rio de expans\u00e3o do radiador\">Mangueiras de retorno de \u00e1gua do reservat\u00f3rio de expans\u00e3o do radiador<\/a><\/h3><div class=\"page-list-ext-item-content\">Cat\u00e1logo de mangueiras de retorno de \u00e1gua do reservat\u00f3rio de expans\u00e3o do radiador. Ao Entrar em contato, use...<\/div><\/div>\n<div class=\"page-list-ext-item\"><h3 class=\"page-list-ext-title\"><a href=\"http:\/\/www.brogliplast.com.br\/site\/mapa-do-site\/\" title=\"Mapa do site\">Mapa do site<\/a><\/h3><div class=\"page-list-ext-item-content\"><\/div><\/div>\n<div class=\"page-list-ext-item\"><div class=\"page-list-ext-image\"><a href=\"http:\/\/www.brogliplast.com.br\/site\/missao\/\" title=\"Miss\u00e3o\"><img decoding=\"async\" src=\"http:\/\/www.brogliplast.com.br\/site\/wp-content\/uploads\/2014\/12\/foto2_2007g-150x150.jpg\" width=\"50\" alt=\"Miss\u00e3o\" \/><\/a><\/div> <h3 class=\"page-list-ext-title\"><a href=\"http:\/\/www.brogliplast.com.br\/site\/missao\/\" title=\"Miss\u00e3o\">Miss\u00e3o<\/a><\/h3><div class=\"page-list-ext-item-content\">A\u00a0\u00a0busca identificar e superar as dificuldades e car\u00eancias do mercado de reposi\u00e7\u00e3o de autope\u00e7as para ...<\/div><\/div>\n<div class=\"page-list-ext-item\"><h3 class=\"page-list-ext-title\"><a href=\"http:\/\/www.brogliplast.com.br\/site\/na-midia\/\" title=\"Na M\u00eddia\">Na M\u00eddia<\/a><\/h3><div class=\"page-list-ext-item-content\"> P\u00e1ginas de neg\u00f3cios do jornal Di\u00e1rio de S\u00e3o Paulo.\r\nEdi\u00e7\u00e3o 04\/11\/2007 \"Micros e pequenas investem em ge...<\/div><\/div>\n<div class=\"page-list-ext-item\"><h3 class=\"page-list-ext-title\"><a href=\"http:\/\/www.brogliplast.com.br\/site\/parceiros\/\" title=\"Parceiros\">Parceiros<\/a><\/h3><div class=\"page-list-ext-item-content\">Agradecimentos especiais a todos os nossos parceiros, sem voc\u00eas nossa empresa,\u00a0n\u00e3o teria seu merecido re...<\/div><\/div>\n<div class=\"page-list-ext-item\"><h3 class=\"page-list-ext-title\"><a href=\"http:\/\/www.brogliplast.com.br\/site\/parque-industrial\/\" title=\"Parque Industrial\">Parque Industrial<\/a><\/h3><div class=\"page-list-ext-item-content\">Nossa capacidade industrial passa por amplia\u00e7\u00e3o constante com atualiza\u00e7\u00e3o e moderniza\u00e7\u00e3o de nosso parqu...<\/div><\/div>\n<div class=\"page-list-ext-item\"><h3 class=\"page-list-ext-title\"><a href=\"http:\/\/www.brogliplast.com.br\/site\/quem-somos\/\" title=\"Quem Somos\">Quem Somos<\/a><\/h3><div class=\"page-list-ext-item-content\">  A vis\u00e3o corporativa da \u00a0traduzidas em sua\u00a0VIS\u00c3O  , MISS\u00c3O  e VALORES  -\u00a0norteia a conduta, a estra...<\/div><\/div>\n<div class=\"page-list-ext-item\"><h3 class=\"page-list-ext-title\"><a href=\"http:\/\/www.brogliplast.com.br\/site\/representantes\/\" title=\"Representantes\">Representantes<\/a><\/h3><div class=\"page-list-ext-item-content\">  <\/div><\/div>\n<div class=\"page-list-ext-item\"><h3 class=\"page-list-ext-title\"><a href=\"http:\/\/www.brogliplast.com.br\/site\/social\/\" title=\"Social\">Social<\/a><\/h3><div class=\"page-list-ext-item-content\">\r\nAo lado temos duas institui\u00e7\u00f5es que n\u00f3s da  ajudamos. \r\nAcesse as p\u00e1ginas de cada uma delas para con...<\/div><\/div>\n<div class=\"page-list-ext-item\"><h3 class=\"page-list-ext-title\"><a href=\"http:\/\/www.brogliplast.com.br\/site\/social-ambiental\/\" title=\"Social Ambiental\">Social Ambiental<\/a><\/h3><div class=\"page-list-ext-item-content\">Desde o in\u00edcio de nossas atividades empresariais cuidamos para que nossas atividades produtivas em nada ...<\/div><\/div>\n<div class=\"page-list-ext-item\"><h3 class=\"page-list-ext-title\"><a href=\"http:\/\/www.brogliplast.com.br\/site\/social-empresarial\/\" title=\"Social Empresarial\">Social Empresarial<\/a><\/h3><div class=\"page-list-ext-item-content\">\u00a0 A consci\u00eancia empresarial da dire\u00e7\u00e3o da \u00a0\u00a0considera que sua import\u00e2ncia \u00e9 grande no tangente \u00e0 quali...<\/div><\/div>\n<div class=\"page-list-ext-item\"><h3 class=\"page-list-ext-title\"><a href=\"http:\/\/www.brogliplast.com.br\/site\/tubos-de-envio-e-retorno-de-combustivel\/\" title=\"Tubos de envio e retorno de combust\u00edvel\">Tubos de envio e retorno de combust\u00edvel<\/a><\/h3><div class=\"page-list-ext-item-content\">Cat\u00e1logo de Tubos de envio e retorno de combust\u00edvel. Ao Entrar em contato, use a\u00a0refer\u00eancia do\u00a0produto, inic...<\/div><\/div>\n<div class=\"page-list-ext-item\"><h3 class=\"page-list-ext-title\"><a href=\"http:\/\/www.brogliplast.com.br\/site\/tubos-de-hidrovacuo-do-freio\/\" title=\"Tubos de Hidrov\u00e1cuo do freio\">Tubos de Hidrov\u00e1cuo do freio<\/a><\/h3><div class=\"page-list-ext-item-content\">Tubos de Hidrov\u00e1cuo do freio - Diversos modelos.\u00a0Ao Entrar em contato, use a\u00a0refer\u00eancia do\u00a0produto, inic...<\/div><\/div>\n<div class=\"page-list-ext-item\"><h3 class=\"page-list-ext-title\"><a href=\"http:\/\/www.brogliplast.com.br\/site\/tubos-do-cilindro-mestre-da-embreagem\/\" title=\"Tubos do Cilindro Mestre da Embreagem\">Tubos do Cilindro Mestre da Embreagem<\/a><\/h3><div class=\"page-list-ext-item-content\">Cat\u00e1logo de Tubos do Cilindro Mestre da Embreagem. Ao Entrar em contato, use a\u00a0refer\u00eancia do\u00a0produto, ini...<\/div><\/div>\n<div class=\"page-list-ext-item\"><h3 class=\"page-list-ext-title\"><a href=\"http:\/\/www.brogliplast.com.br\/site\/valores\/\" title=\"Valores\">Valores<\/a><\/h3><div class=\"page-list-ext-item-content\">\r\n\r\nA responsabilidade empresarial, social e respeito ao meio ambiente. \r\n\r\nA transpar\u00eancia e \u00e9tica n...<\/div><\/div>\n<div class=\"page-list-ext-item\"><h3 class=\"page-list-ext-title\"><a href=\"http:\/\/www.brogliplast.com.br\/site\/visao\/\" title=\"Vis\u00e3o\">Vis\u00e3o<\/a><\/h3><div class=\"page-list-ext-item-content\">A \u00a0com sua postura corajosa e inovadora, atrav\u00e9s da qualidade dos seus produtos, servi\u00e7os e, pelo gr...<\/div><\/div>\n\n<\/div>\n","protected":false},"excerpt":{"rendered":"","protected":false},"author":1,"featured_media":0,"parent":0,"menu_order":0,"comment_status":"open","ping_status":"open","template":"","meta":{"footnotes":""},"class_list":["post-422","page","type-page","status-publish","hentry"],"_links":{"self":[{"href":"http:\/\/www.brogliplast.com.br\/site\/wp-json\/wp\/v2\/pages\/422","targetHints":{"allow":["GET"]}}],"collection":[{"href":"http:\/\/www.brogliplast.com.br\/site\/wp-json\/wp\/v2\/pages"}],"about":[{"href":"http:\/\/www.brogliplast.com.br\/site\/wp-json\/wp\/v2\/types\/page"}],"author":[{"embeddable":true,"href":"http:\/\/www.brogliplast.com.br\/site\/wp-json\/wp\/v2\/users\/1"}],"replies":[{"embeddable":true,"href":"http:\/\/www.brogliplast.com.br\/site\/wp-json\/wp\/v2\/comments?post=422"}],"version-history":[{"count":13,"href":"http:\/\/www.brogliplast.com.br\/site\/wp-json\/wp\/v2\/pages\/422\/revisions"}],"predecessor-version":[{"id":435,"href":"http:\/\/www.brogliplast.com.br\/site\/wp-json\/wp\/v2\/pages\/422\/revisions\/435"}],"wp:attachment":[{"href":"http:\/\/www.brogliplast.com.br\/site\/wp-json\/wp\/v2\/media?parent=422"}],"curies":[{"name":"wp","href":"https:\/\/api.w.org\/{rel}","templated":true}]}}