{"id":37,"date":"2014-12-24T19:27:21","date_gmt":"2014-12-24T19:27:21","guid":{"rendered":"http:\/\/www.brogliplast.com.br\/site\/?page_id=37"},"modified":"2015-01-19T15:49:44","modified_gmt":"2015-01-19T15:49:44","slug":"quem-somos","status":"publish","type":"page","link":"http:\/\/www.brogliplast.com.br\/site\/quem-somos\/","title":{"rendered":"Quem Somos"},"content":{"rendered":"<p style=\"text-align: justify;\" align=\"justify\"><span class=\"style56\"><span class=\"style35\"><img loading=\"lazy\" decoding=\"async\" src=\"http:\/\/brogliplast.com.br\/images\/seta.png\" alt=\"\" width=\"31\" height=\"20\" \/><\/span><\/span><span class=\"style57\">A vis\u00e3o corporativa da <img loading=\"lazy\" decoding=\"async\" src=\"http:\/\/brogliplast.com.br\/images\/textomarca.png\" alt=\"\" width=\"115\" height=\"22\" \/>\u00a0traduzidas em sua\u00a0<a href=\"http:\/\/www.brogliplast.com.br\/site\/visao\" target=\"_blank\">VIS\u00c3O<\/a> , <a href=\"http:\/\/www.brogliplast.com.br\/site\/missao\">MISS\u00c3O<\/a> e <a href=\"http:\/\/www.brogliplast.com.br\/site\/valores\">VALORES<\/a> &#8211;\u00a0norteia a conduta, a estrat\u00e9gia e o posicionamento da empresa perante o mercado, parceiros e colaboradores. Conhe\u00e7a-as!!!<br \/>\nConvidamos voc\u00ea a navegar por todo este site e descobrir\u00e1 nesta empresa bons e surpreendentes motivos para ser um de nossos parceiros.<br \/>\nSomos prestadores de servi\u00e7os de Inje\u00e7\u00e3o Pl\u00e1stica e demais servi\u00e7os de Ferramentaria. Temos uma infra-estrutura muito bem montada para isto.<br \/>\nH\u00e1 2 anos lan\u00e7amo-nos tamb\u00e9m como fabricantes de Autope\u00e7as para o Mercado de Reposi\u00e7\u00e3o e Brindes Publicit\u00e1rios, com ousadia e encarando os desafios de desenvolver e fabricar produtos que n\u00e3o existiam no mercado brasileiro. Hoje temos 10 produtos EXCLUSIVOS (08 Autope\u00e7as e 02 Brindes), cujos desenvolvimentos requereram-nos muito tempo e dedica\u00e7\u00e3o, conhecimentos t\u00e9cnicos espec\u00edficos e&#8230; coragem! Sim, coragem para entrar num mercado altamente competitivo, sendo uma pequena ind\u00fastria, at\u00e9 ent\u00e3o desconhecida por ele. Hoje, por\u00e9m, j\u00e1 conquistamos o respeito de nossos parceiros tamb\u00e9m neste seguimento.<br \/>\nTranscorridos 15 anos desde sua funda\u00e7\u00e3o com apenas uma injetora e um funcion\u00e1rio, no bairro da Lapa, na cidade de S\u00e3o Paulo, vimos crescendo constantemente conquistando novos e bons parceiros.<br \/>\nS\u00e3o clientes e fornecedores que, reconhecendo e confiando em nossa postura empresarial e capacidade t\u00e9cnica, nos fortaleceram at\u00e9 nos consolidarmos como empresa de pequeno porte. Status do qual temos muito orgulho.<\/span><\/p>\n","protected":false},"excerpt":{"rendered":"<p>A vis\u00e3o corporativa da \u00a0traduzidas em sua\u00a0VIS\u00c3O , MISS\u00c3O e VALORES &#8211;\u00a0norteia a conduta, a estrat\u00e9gia e o posicionamento da empresa perante o mercado, parceiros e colaboradores. Conhe\u00e7a-as!!! Convidamos voc\u00ea a navegar por todo este site e descobrir\u00e1 nesta empresa<\/p>\n","protected":false},"author":1,"featured_media":0,"parent":0,"menu_order":0,"comment_status":"open","ping_status":"open","template":"","meta":{"footnotes":""},"class_list":["post-37","page","type-page","status-publish","hentry"],"_links":{"self":[{"href":"http:\/\/www.brogliplast.com.br\/site\/wp-json\/wp\/v2\/pages\/37","targetHints":{"allow":["GET"]}}],"collection":[{"href":"http:\/\/www.brogliplast.com.br\/site\/wp-json\/wp\/v2\/pages"}],"about":[{"href":"http:\/\/www.brogliplast.com.br\/site\/wp-json\/wp\/v2\/types\/page"}],"author":[{"embeddable":true,"href":"http:\/\/www.brogliplast.com.br\/site\/wp-json\/wp\/v2\/users\/1"}],"replies":[{"embeddable":true,"href":"http:\/\/www.brogliplast.com.br\/site\/wp-json\/wp\/v2\/comments?post=37"}],"version-history":[{"count":6,"href":"http:\/\/www.brogliplast.com.br\/site\/wp-json\/wp\/v2\/pages\/37\/revisions"}],"predecessor-version":[{"id":484,"href":"http:\/\/www.brogliplast.com.br\/site\/wp-json\/wp\/v2\/pages\/37\/revisions\/484"}],"wp:attachment":[{"href":"http:\/\/www.brogliplast.com.br\/site\/wp-json\/wp\/v2\/media?parent=37"}],"curies":[{"name":"wp","href":"https:\/\/api.w.org\/{rel}","templated":true}]}}