{"id":282,"date":"2015-01-02T17:45:23","date_gmt":"2015-01-02T17:45:23","guid":{"rendered":"http:\/\/www.brogliplast.com.br\/site\/?page_id=282"},"modified":"2015-01-02T20:36:53","modified_gmt":"2015-01-02T20:36:53","slug":"girocoptero","status":"publish","type":"page","link":"http:\/\/www.brogliplast.com.br\/site\/girocoptero\/","title":{"rendered":"Giroc\u00f3ptero"},"content":{"rendered":"<p><img loading=\"lazy\" decoding=\"async\" src=\"http:\/\/www.brogliplast.com.br\/images\/seta.png\" alt=\"\" width=\"31\" height=\"20\" \/>Este brinquedo \u00e9 apropriado para se brincar em lugares abertos e com vento \u2013 como praias, campos e parques.\u00a0Individualmente ou em pares ou em grupo&#8230; h\u00e1 diversos jogos e maneiras de brincar com ele. Para jovens \u00e0 partir dos 9 anos at\u00e9 os jovens de 90!<\/p>\n<p><img loading=\"lazy\" decoding=\"async\" src=\"http:\/\/www.brogliplast.com.br\/images\/seta.png\" alt=\"\" width=\"31\" height=\"20\" \/>Uma curiosidade: com a pr\u00e1tica, o jeito e as condi\u00e7\u00f5es favor\u00e1veis ele pode SUBIR AT\u00c9 UNS 100 mts de ALTURA!!!<\/p>\n<p><img loading=\"lazy\" decoding=\"async\" src=\"http:\/\/www.brogliplast.com.br\/images\/seta.png\" alt=\"\" width=\"31\" height=\"20\" \/>O espa\u00e7o para Publicidade \u00e9 grande e SUA LOGOMARCA GANHAR\u00c1 AS ALTURAS&#8230; chegando aos olhos e ao cora\u00e7\u00f5es de seus clientes!<\/p>\n<p><img loading=\"lazy\" decoding=\"async\" src=\"http:\/\/www.brogliplast.com.br\/images\/seta.png\" alt=\"\" width=\"31\" height=\"20\" \/>Pe\u00e7a um or\u00e7amento, informando a quantidade desejada e enviando sua logomarca atrav\u00e9s de nosso e.mail: <a href=\"mailto:comercial@brogliplast.com.br\">comercial@brogliplast.com.br<\/a><\/p>\n<div id='gallery-1' class='gallery galleryid-282 gallery-columns-4 gallery-size-medium'><figure class='gallery-item'>\n\t\t\t<div class='gallery-icon landscape'>\n\t\t\t\t<a href='http:\/\/www.brogliplast.com.br\/site\/girocoptero\/girocoptero1g\/'><img loading=\"lazy\" decoding=\"async\" width=\"300\" height=\"200\" src=\"http:\/\/www.brogliplast.com.br\/site\/wp-content\/uploads\/2015\/01\/girocoptero1g-300x200.jpg\" class=\"attachment-medium size-medium\" alt=\"\" srcset=\"http:\/\/www.brogliplast.com.br\/site\/wp-content\/uploads\/2015\/01\/girocoptero1g-300x200.jpg 300w, http:\/\/www.brogliplast.com.br\/site\/wp-content\/uploads\/2015\/01\/girocoptero1g.jpg 640w\" sizes=\"auto, (max-width: 300px) 100vw, 300px\" \/><\/a>\n\t\t\t<\/div><\/figure><figure class='gallery-item'>\n\t\t\t<div class='gallery-icon landscape'>\n\t\t\t\t<a href='http:\/\/www.brogliplast.com.br\/site\/girocoptero\/girocoptero2g\/'><img loading=\"lazy\" decoding=\"async\" width=\"300\" height=\"215\" src=\"http:\/\/www.brogliplast.com.br\/site\/wp-content\/uploads\/2015\/01\/girocoptero2g-300x215.jpg\" class=\"attachment-medium size-medium\" alt=\"\" srcset=\"http:\/\/www.brogliplast.com.br\/site\/wp-content\/uploads\/2015\/01\/girocoptero2g-300x215.jpg 300w, http:\/\/www.brogliplast.com.br\/site\/wp-content\/uploads\/2015\/01\/girocoptero2g.jpg 500w\" sizes=\"auto, (max-width: 300px) 100vw, 300px\" \/><\/a>\n\t\t\t<\/div><\/figure><figure class='gallery-item'>\n\t\t\t<div class='gallery-icon landscape'>\n\t\t\t\t<a href='http:\/\/www.brogliplast.com.br\/site\/girocoptero\/girocoptero3g\/'><img loading=\"lazy\" decoding=\"async\" width=\"300\" height=\"200\" src=\"http:\/\/www.brogliplast.com.br\/site\/wp-content\/uploads\/2015\/01\/girocoptero3g-300x200.jpg\" class=\"attachment-medium size-medium\" alt=\"\" srcset=\"http:\/\/www.brogliplast.com.br\/site\/wp-content\/uploads\/2015\/01\/girocoptero3g-300x200.jpg 300w, http:\/\/www.brogliplast.com.br\/site\/wp-content\/uploads\/2015\/01\/girocoptero3g.jpg 500w\" sizes=\"auto, (max-width: 300px) 100vw, 300px\" \/><\/a>\n\t\t\t<\/div><\/figure><figure class='gallery-item'>\n\t\t\t<div class='gallery-icon landscape'>\n\t\t\t\t<a href='http:\/\/www.brogliplast.com.br\/site\/girocoptero\/griog\/'><img loading=\"lazy\" decoding=\"async\" width=\"300\" height=\"225\" src=\"http:\/\/www.brogliplast.com.br\/site\/wp-content\/uploads\/2015\/01\/griog-300x225.jpg\" class=\"attachment-medium size-medium\" alt=\"\" srcset=\"http:\/\/www.brogliplast.com.br\/site\/wp-content\/uploads\/2015\/01\/griog-300x225.jpg 300w, http:\/\/www.brogliplast.com.br\/site\/wp-content\/uploads\/2015\/01\/griog.jpg 400w\" sizes=\"auto, (max-width: 300px) 100vw, 300px\" \/><\/a>\n\t\t\t<\/div><\/figure>\n\t\t<\/div>\n\n","protected":false},"excerpt":{"rendered":"<p>Este brinquedo \u00e9 apropriado para se brincar em lugares abertos e com vento \u2013 como praias, campos e parques.\u00a0Individualmente ou em pares ou em grupo&#8230; h\u00e1 diversos jogos e maneiras de brincar com ele. Para jovens \u00e0 partir dos 9<\/p>\n","protected":false},"author":1,"featured_media":0,"parent":0,"menu_order":0,"comment_status":"open","ping_status":"open","template":"","meta":{"footnotes":""},"class_list":["post-282","page","type-page","status-publish","hentry"],"_links":{"self":[{"href":"http:\/\/www.brogliplast.com.br\/site\/wp-json\/wp\/v2\/pages\/282","targetHints":{"allow":["GET"]}}],"collection":[{"href":"http:\/\/www.brogliplast.com.br\/site\/wp-json\/wp\/v2\/pages"}],"about":[{"href":"http:\/\/www.brogliplast.com.br\/site\/wp-json\/wp\/v2\/types\/page"}],"author":[{"embeddable":true,"href":"http:\/\/www.brogliplast.com.br\/site\/wp-json\/wp\/v2\/users\/1"}],"replies":[{"embeddable":true,"href":"http:\/\/www.brogliplast.com.br\/site\/wp-json\/wp\/v2\/comments?post=282"}],"version-history":[{"count":2,"href":"http:\/\/www.brogliplast.com.br\/site\/wp-json\/wp\/v2\/pages\/282\/revisions"}],"predecessor-version":[{"id":419,"href":"http:\/\/www.brogliplast.com.br\/site\/wp-json\/wp\/v2\/pages\/282\/revisions\/419"}],"wp:attachment":[{"href":"http:\/\/www.brogliplast.com.br\/site\/wp-json\/wp\/v2\/media?parent=282"}],"curies":[{"name":"wp","href":"https:\/\/api.w.org\/{rel}","templated":true}]}}