{"id":278,"date":"2015-01-02T17:44:30","date_gmt":"2015-01-02T17:44:30","guid":{"rendered":"http:\/\/www.brogliplast.com.br\/site\/?page_id=278"},"modified":"2015-01-02T20:34:50","modified_gmt":"2015-01-02T20:34:50","slug":"chaveiros","status":"publish","type":"page","link":"http:\/\/www.brogliplast.com.br\/site\/chaveiros\/","title":{"rendered":"Chaveiros"},"content":{"rendered":"<p><img loading=\"lazy\" decoding=\"async\" src=\"http:\/\/www.brogliplast.com.br\/images\/seta.png\" alt=\"\" width=\"31\" height=\"20\" \/>C\u00f3digo: BRO.01.01.001 &#8211; \u00c9 uma Novidade! \u00c9 um Chaveiro! \u00c9 um Abridor de Garrafas! E \u00e9 um ABRIDOR DE LATINHAS DE REFRIGERANTES E CERVEJAS!<\/p>\n<p><img loading=\"lazy\" decoding=\"async\" src=\"http:\/\/www.brogliplast.com.br\/images\/seta.png\" alt=\"\" width=\"31\" height=\"20\" \/>Por isto \u00e9 um Brinde t\u00e3o desejado: \u00e9 pr\u00e1tico! com um design simples, mas elegante&#8230;<br \/>\n<img loading=\"lazy\" decoding=\"async\" src=\"http:\/\/www.brogliplast.com.br\/images\/seta.png\" alt=\"\" width=\"31\" height=\"20\" \/>E permite a grava\u00e7\u00e3o de seu LOGO, sua MARCA ou seu PRODUTO de forma clara e bastante vis\u00edvel! ( para visualizar o chaaveiro, clique nas imagens)<\/p>\n<p><img loading=\"lazy\" decoding=\"async\" src=\"http:\/\/www.brogliplast.com.br\/images\/seta.png\" alt=\"\" width=\"31\" height=\"20\" \/>Pe\u00e7a um or\u00e7amento, informando a quantidade desejada e enviando sua logomarca atrav\u00e9s de nosso e.mail: <a href=\"mailto:comercial@brogliplast.com.br\">comercial@brogliplast.com.br<\/a><\/p>\n<div id='gallery-1' class='gallery galleryid-278 gallery-columns-4 gallery-size-medium'><figure class='gallery-item'>\n\t\t\t<div class='gallery-icon landscape'>\n\t\t\t\t<a href='http:\/\/www.brogliplast.com.br\/site\/chaveiros\/chaveiro1g\/'><img loading=\"lazy\" decoding=\"async\" width=\"300\" height=\"200\" src=\"http:\/\/www.brogliplast.com.br\/site\/wp-content\/uploads\/2015\/01\/chaveiro1g-300x200.jpg\" class=\"attachment-medium size-medium\" alt=\"\" srcset=\"http:\/\/www.brogliplast.com.br\/site\/wp-content\/uploads\/2015\/01\/chaveiro1g-300x200.jpg 300w, http:\/\/www.brogliplast.com.br\/site\/wp-content\/uploads\/2015\/01\/chaveiro1g.jpg 640w\" sizes=\"auto, (max-width: 300px) 100vw, 300px\" \/><\/a>\n\t\t\t<\/div><\/figure><figure class='gallery-item'>\n\t\t\t<div class='gallery-icon landscape'>\n\t\t\t\t<a href='http:\/\/www.brogliplast.com.br\/site\/chaveiros\/chaveiro2g\/'><img loading=\"lazy\" decoding=\"async\" width=\"300\" height=\"200\" src=\"http:\/\/www.brogliplast.com.br\/site\/wp-content\/uploads\/2015\/01\/chaveiro2g-300x200.jpg\" class=\"attachment-medium size-medium\" alt=\"\" srcset=\"http:\/\/www.brogliplast.com.br\/site\/wp-content\/uploads\/2015\/01\/chaveiro2g-300x200.jpg 300w, http:\/\/www.brogliplast.com.br\/site\/wp-content\/uploads\/2015\/01\/chaveiro2g.jpg 500w\" sizes=\"auto, (max-width: 300px) 100vw, 300px\" \/><\/a>\n\t\t\t<\/div><\/figure><figure class='gallery-item'>\n\t\t\t<div class='gallery-icon landscape'>\n\t\t\t\t<a href='http:\/\/www.brogliplast.com.br\/site\/chaveiros\/chaveiro3g\/'><img loading=\"lazy\" decoding=\"async\" width=\"300\" height=\"200\" src=\"http:\/\/www.brogliplast.com.br\/site\/wp-content\/uploads\/2015\/01\/chaveiro3g-300x200.jpg\" class=\"attachment-medium size-medium\" alt=\"\" srcset=\"http:\/\/www.brogliplast.com.br\/site\/wp-content\/uploads\/2015\/01\/chaveiro3g-300x200.jpg 300w, http:\/\/www.brogliplast.com.br\/site\/wp-content\/uploads\/2015\/01\/chaveiro3g.jpg 640w\" sizes=\"auto, (max-width: 300px) 100vw, 300px\" \/><\/a>\n\t\t\t<\/div><\/figure><figure class='gallery-item'>\n\t\t\t<div class='gallery-icon portrait'>\n\t\t\t\t<a href='http:\/\/www.brogliplast.com.br\/site\/chaveiros\/chaveiro4g\/'><img loading=\"lazy\" decoding=\"async\" width=\"218\" height=\"300\" src=\"http:\/\/www.brogliplast.com.br\/site\/wp-content\/uploads\/2015\/01\/chaveiro4g-218x300.jpg\" class=\"attachment-medium size-medium\" alt=\"\" srcset=\"http:\/\/www.brogliplast.com.br\/site\/wp-content\/uploads\/2015\/01\/chaveiro4g-218x300.jpg 218w, http:\/\/www.brogliplast.com.br\/site\/wp-content\/uploads\/2015\/01\/chaveiro4g.jpg 349w\" sizes=\"auto, (max-width: 218px) 100vw, 218px\" \/><\/a>\n\t\t\t<\/div><\/figure>\n\t\t<\/div>\n\n","protected":false},"excerpt":{"rendered":"<p>C\u00f3digo: BRO.01.01.001 &#8211; \u00c9 uma Novidade! \u00c9 um Chaveiro! \u00c9 um Abridor de Garrafas! E \u00e9 um ABRIDOR DE LATINHAS DE REFRIGERANTES E CERVEJAS! Por isto \u00e9 um Brinde t\u00e3o desejado: \u00e9 pr\u00e1tico! com um design simples, mas elegante&#8230; E<\/p>\n","protected":false},"author":1,"featured_media":0,"parent":0,"menu_order":0,"comment_status":"open","ping_status":"open","template":"","meta":{"footnotes":""},"class_list":["post-278","page","type-page","status-publish","hentry"],"_links":{"self":[{"href":"http:\/\/www.brogliplast.com.br\/site\/wp-json\/wp\/v2\/pages\/278","targetHints":{"allow":["GET"]}}],"collection":[{"href":"http:\/\/www.brogliplast.com.br\/site\/wp-json\/wp\/v2\/pages"}],"about":[{"href":"http:\/\/www.brogliplast.com.br\/site\/wp-json\/wp\/v2\/types\/page"}],"author":[{"embeddable":true,"href":"http:\/\/www.brogliplast.com.br\/site\/wp-json\/wp\/v2\/users\/1"}],"replies":[{"embeddable":true,"href":"http:\/\/www.brogliplast.com.br\/site\/wp-json\/wp\/v2\/comments?post=278"}],"version-history":[{"count":3,"href":"http:\/\/www.brogliplast.com.br\/site\/wp-json\/wp\/v2\/pages\/278\/revisions"}],"predecessor-version":[{"id":414,"href":"http:\/\/www.brogliplast.com.br\/site\/wp-json\/wp\/v2\/pages\/278\/revisions\/414"}],"wp:attachment":[{"href":"http:\/\/www.brogliplast.com.br\/site\/wp-json\/wp\/v2\/media?parent=278"}],"curies":[{"name":"wp","href":"https:\/\/api.w.org\/{rel}","templated":true}]}}