{"id":275,"date":"2015-01-02T17:43:30","date_gmt":"2015-01-02T17:43:30","guid":{"rendered":"http:\/\/www.brogliplast.com.br\/site\/?page_id=275"},"modified":"2017-04-10T13:59:45","modified_gmt":"2017-04-10T13:59:45","slug":"acessorios","status":"publish","type":"page","link":"http:\/\/www.brogliplast.com.br\/site\/acessorios\/","title":{"rendered":"Acess\u00f3rios"},"content":{"rendered":"<p>Auto Pe\u00e7as &#8211; Acess\u00f3rios e Acabamentos\u00a0\u2013 Diversos modelos.\u00a0Ao Entrar em contato, use a\u00a0refer\u00eancia do\u00a0produto, inicia-se com \u00a0\u201cBRO\u201d<\/p>\n<div id='gallery-1' class='gallery galleryid-275 gallery-columns-3 gallery-size-medium'><figure class='gallery-item'>\n\t\t\t<div class='gallery-icon landscape'>\n\t\t\t\t<a href='http:\/\/www.brogliplast.com.br\/site\/acessorios\/01-06-003\/'><img loading=\"lazy\" decoding=\"async\" width=\"300\" height=\"211\" src=\"http:\/\/www.brogliplast.com.br\/site\/wp-content\/uploads\/2015\/01\/01.06.003-300x211.png\" class=\"attachment-medium size-medium\" alt=\"\" aria-describedby=\"gallery-1-605\" srcset=\"http:\/\/www.brogliplast.com.br\/site\/wp-content\/uploads\/2015\/01\/01.06.003-300x211.png 300w, http:\/\/www.brogliplast.com.br\/site\/wp-content\/uploads\/2015\/01\/01.06.003.png 702w\" sizes=\"auto, (max-width: 300px) 100vw, 300px\" \/><\/a>\n\t\t\t<\/div>\n\t\t\t\t<figcaption class='wp-caption-text gallery-caption' id='gallery-1-605'>\n\t\t\t\t<h4 align=\"center\"> Bot\u00e3o de Regulagem do Banco Preto &#8211; Equivalente Orig.:   8L0 881 671<\/h4> <h4 align=\"center\">Aplica\u00e7\u00f5es: AUDI A3<\/h4>\n\t\t\t\t<\/figcaption><\/figure><figure class='gallery-item'>\n\t\t\t<div class='gallery-icon landscape'>\n\t\t\t\t<a href='http:\/\/www.brogliplast.com.br\/site\/acessorios\/01-06-004\/'><img loading=\"lazy\" decoding=\"async\" width=\"300\" height=\"211\" src=\"http:\/\/www.brogliplast.com.br\/site\/wp-content\/uploads\/2015\/01\/01.06.004-300x211.png\" class=\"attachment-medium size-medium\" alt=\"\" aria-describedby=\"gallery-1-606\" srcset=\"http:\/\/www.brogliplast.com.br\/site\/wp-content\/uploads\/2015\/01\/01.06.004-300x211.png 300w, http:\/\/www.brogliplast.com.br\/site\/wp-content\/uploads\/2015\/01\/01.06.004.png 702w\" sizes=\"auto, (max-width: 300px) 100vw, 300px\" \/><\/a>\n\t\t\t<\/div>\n\t\t\t\t<figcaption class='wp-caption-text gallery-caption' id='gallery-1-606'>\n\t\t\t\t<h4 align=\"center\"> Bot\u00e3o de Regulagem do Banco Cinza &#8211; Equivalente Orig.:   1J0 881 671F<\/h4> <h4 align=\"center\">Aplica\u00e7\u00f5es: GOLF A4 99\/&#8230; &#8211; GOLF (MY08) &#8211; NEW BETTLE 99\/&#8230; &#8211; BORA &#8211; FOX &#8211; SPACEFOX &#8211; PASSAT &#8211; VARIANT 98\/&#8230; &#8211; POLO HATCH\/SEDAN\/GTI 06\/&#8230; &#8211; CLASSIC 00\/&#8230;<\/h4>\n\t\t\t\t<\/figcaption><\/figure><figure class='gallery-item'>\n\t\t\t<div class='gallery-icon landscape'>\n\t\t\t\t<a href='http:\/\/www.brogliplast.com.br\/site\/acessorios\/01-06-005\/'><img loading=\"lazy\" decoding=\"async\" width=\"300\" height=\"211\" src=\"http:\/\/www.brogliplast.com.br\/site\/wp-content\/uploads\/2015\/01\/01.06.005-300x211.png\" class=\"attachment-medium size-medium\" alt=\"\" aria-describedby=\"gallery-1-607\" srcset=\"http:\/\/www.brogliplast.com.br\/site\/wp-content\/uploads\/2015\/01\/01.06.005-300x211.png 300w, http:\/\/www.brogliplast.com.br\/site\/wp-content\/uploads\/2015\/01\/01.06.005.png 702w\" sizes=\"auto, (max-width: 300px) 100vw, 300px\" \/><\/a>\n\t\t\t<\/div>\n\t\t\t\t<figcaption class='wp-caption-text gallery-caption' id='gallery-1-607'>\n\t\t\t\t<h4 align=\"center\"> Bot\u00e3o de Regulagem do Banco Cinza escuro &#8211; Equivalente Orig.:   1J0 881 671F<\/h4> <h4 align=\"center\">Aplica\u00e7\u00f5es:  GOLF A4 99\/&#8230; &#8211; GOLF (MY08) &#8211; NEW BETTLE 99\/&#8230; &#8211; BORA &#8211; FOX &#8211; SPACEFOX &#8211; PASSAT &#8211; VARIANT 98\/&#8230; &#8211; POLO HATCH\/SEDAN\/GTI 06\/&#8230; &#8211; CLASSIC 00\/..<\/h4>\n\t\t\t\t<\/figcaption><\/figure><figure class='gallery-item'>\n\t\t\t<div class='gallery-icon landscape'>\n\t\t\t\t<a href='http:\/\/www.brogliplast.com.br\/site\/flanges-e-conexoes\/01-01-002-003-004\/'><img loading=\"lazy\" decoding=\"async\" width=\"300\" height=\"211\" src=\"http:\/\/www.brogliplast.com.br\/site\/wp-content\/uploads\/2015\/01\/01.01.002.003.004-300x211.png\" class=\"attachment-medium size-medium\" alt=\"\" aria-describedby=\"gallery-1-568\" srcset=\"http:\/\/www.brogliplast.com.br\/site\/wp-content\/uploads\/2015\/01\/01.01.002.003.004-300x211.png 300w, http:\/\/www.brogliplast.com.br\/site\/wp-content\/uploads\/2015\/01\/01.01.002.003.004.png 702w\" sizes=\"auto, (max-width: 300px) 100vw, 300px\" \/><\/a>\n\t\t\t<\/div>\n\t\t\t\t<figcaption class='wp-caption-text gallery-caption' id='gallery-1-568'>\n\t\t\t\t<body> <h4 align=\"center\">002 (preto)  \/003 (azul)  \/004 (vermelho)  Prolongador da Cuba do Carburador 2E ou 3E <\/h4>  <h4 align=\"center\">Aplica\u00e7\u00f5es: PARA CARROS TURBINADOS \/ MEXIDOS<\/h4> <\/body>\n\t\t\t\t<\/figcaption><\/figure><figure class='gallery-item'>\n\t\t\t<div class='gallery-icon landscape'>\n\t\t\t\t<a href='http:\/\/www.brogliplast.com.br\/site\/acessorios\/01-06-039\/'><img loading=\"lazy\" decoding=\"async\" width=\"300\" height=\"211\" src=\"http:\/\/www.brogliplast.com.br\/site\/wp-content\/uploads\/2015\/01\/01.06.039-300x211.jpg\" class=\"attachment-medium size-medium\" alt=\"\" aria-describedby=\"gallery-1-772\" srcset=\"http:\/\/www.brogliplast.com.br\/site\/wp-content\/uploads\/2015\/01\/01.06.039-300x211.jpg 300w, http:\/\/www.brogliplast.com.br\/site\/wp-content\/uploads\/2015\/01\/01.06.039.jpg 702w\" sizes=\"auto, (max-width: 300px) 100vw, 300px\" \/><\/a>\n\t\t\t<\/div>\n\t\t\t\t<figcaption class='wp-caption-text gallery-caption' id='gallery-1-772'>\n\t\t\t\t<h4 align=\"center\"> Trava do sensor &#8211; Embalagem cont\u00e9m 12 unidades<\/h4> <h4 align=\"center\">Aplica\u00e7\u00f5es: Todos os carros VW e FORD<\/h4>\n\t\t\t\t<\/figcaption><\/figure>\n\t\t<\/div>\n\n<p>Pe\u00e7a um or\u00e7amento ou saiba mais informa\u00e7\u00f5es atrav\u00e9s do email: <a href=\"mailto:comercial@brogliplast.com.br\">comercial@brogliplast.com.br<\/a><\/p>\n","protected":false},"excerpt":{"rendered":"<p>Auto Pe\u00e7as &#8211; Acess\u00f3rios e Acabamentos\u00a0\u2013 Diversos modelos.\u00a0Ao Entrar em contato, use a\u00a0refer\u00eancia do\u00a0produto, inicia-se com \u00a0\u201cBRO\u201d Pe\u00e7a um or\u00e7amento ou saiba mais informa\u00e7\u00f5es atrav\u00e9s do email: comercial@brogliplast.com.br<\/p>\n","protected":false},"author":1,"featured_media":0,"parent":0,"menu_order":0,"comment_status":"open","ping_status":"open","template":"","meta":{"footnotes":""},"class_list":["post-275","page","type-page","status-publish","hentry"],"_links":{"self":[{"href":"http:\/\/www.brogliplast.com.br\/site\/wp-json\/wp\/v2\/pages\/275","targetHints":{"allow":["GET"]}}],"collection":[{"href":"http:\/\/www.brogliplast.com.br\/site\/wp-json\/wp\/v2\/pages"}],"about":[{"href":"http:\/\/www.brogliplast.com.br\/site\/wp-json\/wp\/v2\/types\/page"}],"author":[{"embeddable":true,"href":"http:\/\/www.brogliplast.com.br\/site\/wp-json\/wp\/v2\/users\/1"}],"replies":[{"embeddable":true,"href":"http:\/\/www.brogliplast.com.br\/site\/wp-json\/wp\/v2\/comments?post=275"}],"version-history":[{"count":6,"href":"http:\/\/www.brogliplast.com.br\/site\/wp-json\/wp\/v2\/pages\/275\/revisions"}],"predecessor-version":[{"id":773,"href":"http:\/\/www.brogliplast.com.br\/site\/wp-json\/wp\/v2\/pages\/275\/revisions\/773"}],"wp:attachment":[{"href":"http:\/\/www.brogliplast.com.br\/site\/wp-json\/wp\/v2\/media?parent=275"}],"curies":[{"name":"wp","href":"https:\/\/api.w.org\/{rel}","templated":true}]}}