{"id":266,"date":"2015-01-02T17:39:33","date_gmt":"2015-01-02T17:39:33","guid":{"rendered":"http:\/\/www.brogliplast.com.br\/site\/?page_id=266"},"modified":"2017-04-07T19:03:40","modified_gmt":"2017-04-07T19:03:40","slug":"tubos-do-cilindro-mestre-da-embreagem","status":"publish","type":"page","link":"http:\/\/www.brogliplast.com.br\/site\/tubos-do-cilindro-mestre-da-embreagem\/","title":{"rendered":"Tubos do Cilindro Mestre da Embreagem"},"content":{"rendered":"<p>Cat\u00e1logo de Tubos do Cilindro Mestre da Embreagem. Ao Entrar em contato, use a\u00a0refer\u00eancia do\u00a0produto, inicia-se com \u00a0&#8220;BRO&#8221;<\/p>\n<div id='gallery-1' class='gallery galleryid-266 gallery-columns-3 gallery-size-medium'><figure class='gallery-item'>\n\t\t\t<div class='gallery-icon landscape'>\n\t\t\t\t<a href='http:\/\/www.brogliplast.com.br\/site\/tubos-do-cilindro-mestre-da-embreagem\/01-08-001\/'><img loading=\"lazy\" decoding=\"async\" width=\"300\" height=\"211\" src=\"http:\/\/www.brogliplast.com.br\/site\/wp-content\/uploads\/2015\/01\/01.08.001-300x211.png\" class=\"attachment-medium size-medium\" alt=\"\" aria-describedby=\"gallery-1-546\" srcset=\"http:\/\/www.brogliplast.com.br\/site\/wp-content\/uploads\/2015\/01\/01.08.001-300x211.png 300w, http:\/\/www.brogliplast.com.br\/site\/wp-content\/uploads\/2015\/01\/01.08.001.png 702w\" sizes=\"auto, (max-width: 300px) 100vw, 300px\" \/><\/a>\n\t\t\t<\/div>\n\t\t\t\t<figcaption class='wp-caption-text gallery-caption' id='gallery-1-546'>\n\t\t\t\t<body> <h4 align=\"center\">Equivalente Orig.:1S55.7A512.AA<\/h4> <h4 align=\"center\">Aplica\u00e7\u00e3o: FORD KA 97\/07<\/h4> <\/body>\n\t\t\t\t<\/figcaption><\/figure><figure class='gallery-item'>\n\t\t\t<div class='gallery-icon landscape'>\n\t\t\t\t<a href='http:\/\/www.brogliplast.com.br\/site\/tubos-do-cilindro-mestre-da-embreagem\/01-08-002\/'><img loading=\"lazy\" decoding=\"async\" width=\"300\" height=\"211\" src=\"http:\/\/www.brogliplast.com.br\/site\/wp-content\/uploads\/2015\/01\/01.08.002-300x211.png\" class=\"attachment-medium size-medium\" alt=\"\" aria-describedby=\"gallery-1-547\" srcset=\"http:\/\/www.brogliplast.com.br\/site\/wp-content\/uploads\/2015\/01\/01.08.002-300x211.png 300w, http:\/\/www.brogliplast.com.br\/site\/wp-content\/uploads\/2015\/01\/01.08.002.png 702w\" sizes=\"auto, (max-width: 300px) 100vw, 300px\" \/><\/a>\n\t\t\t<\/div>\n\t\t\t\t<figcaption class='wp-caption-text gallery-caption' id='gallery-1-547'>\n\t\t\t\t<body> <h4 align=\"center\">Equivalente Orig.:1S65.7A512.AA  <\/h4> <h4 align=\"center\">Aplica\u00e7\u00e3o: LINHA FORD TODOS COM MOTOR ROCAM, FIESTA 96\/03, COURIER 97\/&#8230;<\/h4> <\/body>\n\t\t\t\t<\/figcaption><\/figure><figure class='gallery-item'>\n\t\t\t<div class='gallery-icon landscape'>\n\t\t\t\t<a href='http:\/\/www.brogliplast.com.br\/site\/tubos-do-cilindro-mestre-da-embreagem\/01-08-003\/'><img loading=\"lazy\" decoding=\"async\" width=\"300\" height=\"211\" src=\"http:\/\/www.brogliplast.com.br\/site\/wp-content\/uploads\/2015\/01\/01.08.003-300x211.png\" class=\"attachment-medium size-medium\" alt=\"\" aria-describedby=\"gallery-1-548\" srcset=\"http:\/\/www.brogliplast.com.br\/site\/wp-content\/uploads\/2015\/01\/01.08.003-300x211.png 300w, http:\/\/www.brogliplast.com.br\/site\/wp-content\/uploads\/2015\/01\/01.08.003.png 702w\" sizes=\"auto, (max-width: 300px) 100vw, 300px\" \/><\/a>\n\t\t\t<\/div>\n\t\t\t\t<figcaption class='wp-caption-text gallery-caption' id='gallery-1-548'>\n\t\t\t\t<body> <h4 align=\"center\">Equivalente Orig.: 9S65.7A512.AC<\/h4> <h4 align=\"center\">Aplica\u00e7\u00e3o: FIESTA MOTOR ZETEC ROCAM, ECOSPORT 10\/114X2 MOTOR DURATEC 1.4 TDCI DIESEL 2010 4X2<\/h4> <\/body>\n\t\t\t\t<\/figcaption><\/figure><figure class='gallery-item'>\n\t\t\t<div class='gallery-icon landscape'>\n\t\t\t\t<a href='http:\/\/www.brogliplast.com.br\/site\/tubos-do-cilindro-mestre-da-embreagem\/01-08-004\/'><img loading=\"lazy\" decoding=\"async\" width=\"300\" height=\"211\" src=\"http:\/\/www.brogliplast.com.br\/site\/wp-content\/uploads\/2015\/01\/01.08.004-300x211.png\" class=\"attachment-medium size-medium\" alt=\"\" aria-describedby=\"gallery-1-549\" srcset=\"http:\/\/www.brogliplast.com.br\/site\/wp-content\/uploads\/2015\/01\/01.08.004-300x211.png 300w, http:\/\/www.brogliplast.com.br\/site\/wp-content\/uploads\/2015\/01\/01.08.004.png 702w\" sizes=\"auto, (max-width: 300px) 100vw, 300px\" \/><\/a>\n\t\t\t<\/div>\n\t\t\t\t<figcaption class='wp-caption-text gallery-caption' id='gallery-1-549'>\n\t\t\t\t<body> <h4 align=\"center\">Equivalente Orig.: 7S55.7A512.AA<\/h4> <h4 align=\"center\">Aplica\u00e7\u00e3o: FORD KA 08\/09<\/h4> <\/body>\n\t\t\t\t<\/figcaption><\/figure><figure class='gallery-item'>\n\t\t\t<div class='gallery-icon landscape'>\n\t\t\t\t<a href='http:\/\/www.brogliplast.com.br\/site\/tubos-do-cilindro-mestre-da-embreagem\/01-08-005\/'><img loading=\"lazy\" decoding=\"async\" width=\"300\" height=\"211\" src=\"http:\/\/www.brogliplast.com.br\/site\/wp-content\/uploads\/2015\/01\/01.08.005-300x211.png\" class=\"attachment-medium size-medium\" alt=\"\" aria-describedby=\"gallery-1-550\" srcset=\"http:\/\/www.brogliplast.com.br\/site\/wp-content\/uploads\/2015\/01\/01.08.005-300x211.png 300w, http:\/\/www.brogliplast.com.br\/site\/wp-content\/uploads\/2015\/01\/01.08.005.png 702w\" sizes=\"auto, (max-width: 300px) 100vw, 300px\" \/><\/a>\n\t\t\t<\/div>\n\t\t\t\t<figcaption class='wp-caption-text gallery-caption' id='gallery-1-550'>\n\t\t\t\t<body> <h4 align=\"center\">Equivalente Orig.: 2N15.7A512.DB<\/h4> <h4 align=\"center\">Aplica\u00e7\u00e3o: ECOSPORT MOTOR 2.0 4X2 03\/09 MOTOR 1.0, SUPER CHARGE\/MOTOR 1.6 ZETEC ROCAM<\/h4> <\/body>\n\t\t\t\t<\/figcaption><\/figure><figure class='gallery-item'>\n\t\t\t<div class='gallery-icon landscape'>\n\t\t\t\t<a href='http:\/\/www.brogliplast.com.br\/site\/tubos-do-cilindro-mestre-da-embreagem\/01-08-006\/'><img loading=\"lazy\" decoding=\"async\" width=\"300\" height=\"211\" src=\"http:\/\/www.brogliplast.com.br\/site\/wp-content\/uploads\/2015\/01\/01.08.006-300x211.png\" class=\"attachment-medium size-medium\" alt=\"\" aria-describedby=\"gallery-1-551\" srcset=\"http:\/\/www.brogliplast.com.br\/site\/wp-content\/uploads\/2015\/01\/01.08.006-300x211.png 300w, http:\/\/www.brogliplast.com.br\/site\/wp-content\/uploads\/2015\/01\/01.08.006.png 702w\" sizes=\"auto, (max-width: 300px) 100vw, 300px\" \/><\/a>\n\t\t\t<\/div>\n\t\t\t\t<figcaption class='wp-caption-text gallery-caption' id='gallery-1-551'>\n\t\t\t\t<body> <h4 align=\"center\">Equivalente Orig.: 2N15.7A512.EC<\/h4> <h4 align=\"center\">Aplica\u00e7\u00e3o: ECOSPORT MOTOR DURATEC HE 2.0  03\/10  4X2<\/h4> <\/body>\n\t\t\t\t<\/figcaption><\/figure><figure class='gallery-item'>\n\t\t\t<div class='gallery-icon landscape'>\n\t\t\t\t<a href='http:\/\/www.brogliplast.com.br\/site\/tubos-do-cilindro-mestre-da-embreagem\/01-08-007\/'><img loading=\"lazy\" decoding=\"async\" width=\"300\" height=\"211\" src=\"http:\/\/www.brogliplast.com.br\/site\/wp-content\/uploads\/2015\/01\/01.08.007-300x211.jpg\" class=\"attachment-medium size-medium\" alt=\"\" aria-describedby=\"gallery-1-754\" srcset=\"http:\/\/www.brogliplast.com.br\/site\/wp-content\/uploads\/2015\/01\/01.08.007-300x211.jpg 300w, http:\/\/www.brogliplast.com.br\/site\/wp-content\/uploads\/2015\/01\/01.08.007.jpg 702w\" sizes=\"auto, (max-width: 300px) 100vw, 300px\" \/><\/a>\n\t\t\t<\/div>\n\t\t\t\t<figcaption class='wp-caption-text gallery-caption' id='gallery-1-754'>\n\t\t\t\t<body> <h4 align=\"center\">Equivalente Orig.: 2S65.7A512.BA  <\/h4> <h4 align=\"center\">Aplica\u00e7\u00e3o: FIESTA ZETEC ROCAM,  FIESTA SEDA AGO 04&#8230;\/ HATCH ABRIL 02\/&#8230;<\/h4> <\/body>\n\t\t\t\t<\/figcaption><\/figure><figure class='gallery-item'>\n\t\t\t<div class='gallery-icon landscape'>\n\t\t\t\t<a href='http:\/\/www.brogliplast.com.br\/site\/tubos-do-cilindro-mestre-da-embreagem\/01-08-008\/'><img loading=\"lazy\" decoding=\"async\" width=\"300\" height=\"211\" src=\"http:\/\/www.brogliplast.com.br\/site\/wp-content\/uploads\/2015\/01\/01.08.008-300x211.png\" class=\"attachment-medium size-medium\" alt=\"\" aria-describedby=\"gallery-1-553\" srcset=\"http:\/\/www.brogliplast.com.br\/site\/wp-content\/uploads\/2015\/01\/01.08.008-300x211.png 300w, http:\/\/www.brogliplast.com.br\/site\/wp-content\/uploads\/2015\/01\/01.08.008.png 702w\" sizes=\"auto, (max-width: 300px) 100vw, 300px\" \/><\/a>\n\t\t\t<\/div>\n\t\t\t\t<figcaption class='wp-caption-text gallery-caption' id='gallery-1-553'>\n\t\t\t\t<body> <h4 align=\"center\">Equivalente Orig.: 9S55.7A512.AA<\/h4> <h4 align=\"center\">Aplica\u00e7\u00e3o: COURIER 09\/&#8230;, NOVO KA 09\/..<\/h4> <\/body>\n\t\t\t\t<\/figcaption><\/figure><figure class='gallery-item'>\n\t\t\t<div class='gallery-icon landscape'>\n\t\t\t\t<a href='http:\/\/www.brogliplast.com.br\/site\/tubos-do-cilindro-mestre-da-embreagem\/01-08-009\/'><img loading=\"lazy\" decoding=\"async\" width=\"300\" height=\"211\" src=\"http:\/\/www.brogliplast.com.br\/site\/wp-content\/uploads\/2015\/01\/01.08.009-300x211.png\" class=\"attachment-medium size-medium\" alt=\"\" aria-describedby=\"gallery-1-554\" srcset=\"http:\/\/www.brogliplast.com.br\/site\/wp-content\/uploads\/2015\/01\/01.08.009-300x211.png 300w, http:\/\/www.brogliplast.com.br\/site\/wp-content\/uploads\/2015\/01\/01.08.009.png 702w\" sizes=\"auto, (max-width: 300px) 100vw, 300px\" \/><\/a>\n\t\t\t<\/div>\n\t\t\t\t<figcaption class='wp-caption-text gallery-caption' id='gallery-1-554'>\n\t\t\t\t<body> <h4 align=\"center\">Equivalente Orig.: AM55.7A512.AB<\/h4> <h4 align=\"center\">Aplica\u00e7\u00e3o: NOVO FOCUS  1.6 \/ 2.0     09\/&#8230;<\/h4> <\/body>\n\t\t\t\t<\/figcaption><\/figure><figure class='gallery-item'>\n\t\t\t<div class='gallery-icon landscape'>\n\t\t\t\t<a href='http:\/\/www.brogliplast.com.br\/site\/tubos-do-cilindro-mestre-da-embreagem\/01-08-010-2\/'><img loading=\"lazy\" decoding=\"async\" width=\"300\" height=\"211\" src=\"http:\/\/www.brogliplast.com.br\/site\/wp-content\/uploads\/2015\/01\/01.08.0101-300x211.png\" class=\"attachment-medium size-medium\" alt=\"\" aria-describedby=\"gallery-1-555\" srcset=\"http:\/\/www.brogliplast.com.br\/site\/wp-content\/uploads\/2015\/01\/01.08.0101-300x211.png 300w, http:\/\/www.brogliplast.com.br\/site\/wp-content\/uploads\/2015\/01\/01.08.0101.png 702w\" sizes=\"auto, (max-width: 300px) 100vw, 300px\" \/><\/a>\n\t\t\t<\/div>\n\t\t\t\t<figcaption class='wp-caption-text gallery-caption' id='gallery-1-555'>\n\t\t\t\t<body> <h4 align=\"center\">Equivalente Orig.: 5S45.7A512.AB<\/h4> <h4 align=\"center\">Aplica\u00e7\u00e3o: FOCUS  05\/08  COM C\u00c2MBIO MANUAL, MOTOR DURATEC<\/h4> <\/body>\n\t\t\t\t<\/figcaption><\/figure><figure class='gallery-item'>\n\t\t\t<div class='gallery-icon landscape'>\n\t\t\t\t<a href='http:\/\/www.brogliplast.com.br\/site\/tubos-do-cilindro-mestre-da-embreagem\/01-08-011\/'><img loading=\"lazy\" decoding=\"async\" width=\"300\" height=\"211\" src=\"http:\/\/www.brogliplast.com.br\/site\/wp-content\/uploads\/2015\/01\/01.08.011-300x211.png\" class=\"attachment-medium size-medium\" alt=\"\" aria-describedby=\"gallery-1-556\" srcset=\"http:\/\/www.brogliplast.com.br\/site\/wp-content\/uploads\/2015\/01\/01.08.011-300x211.png 300w, http:\/\/www.brogliplast.com.br\/site\/wp-content\/uploads\/2015\/01\/01.08.011.png 702w\" sizes=\"auto, (max-width: 300px) 100vw, 300px\" \/><\/a>\n\t\t\t<\/div>\n\t\t\t\t<figcaption class='wp-caption-text gallery-caption' id='gallery-1-556'>\n\t\t\t\t<body> <h4 align=\"center\">Equivalente Orig.: 5Z1.721.480 A\/   520.71465<\/h4> <h4 align=\"center\">Aplica\u00e7\u00e3o: GOL 08\/&#8230;, FOX, SPACEFOX, VOYAGE  08\/&#8230;, POLO 1.6  06\/&#8230;<\/h4> <\/body>\n\t\t\t\t<\/figcaption><\/figure><figure class='gallery-item'>\n\t\t\t<div class='gallery-icon landscape'>\n\t\t\t\t<a href='http:\/\/www.brogliplast.com.br\/site\/tubos-do-cilindro-mestre-da-embreagem\/01-08-021\/'><img loading=\"lazy\" decoding=\"async\" width=\"300\" height=\"211\" src=\"http:\/\/www.brogliplast.com.br\/site\/wp-content\/uploads\/2015\/01\/01.08.021-300x211.png\" class=\"attachment-medium size-medium\" alt=\"\" aria-describedby=\"gallery-1-557\" srcset=\"http:\/\/www.brogliplast.com.br\/site\/wp-content\/uploads\/2015\/01\/01.08.021-300x211.png 300w, http:\/\/www.brogliplast.com.br\/site\/wp-content\/uploads\/2015\/01\/01.08.021.png 702w\" sizes=\"auto, (max-width: 300px) 100vw, 300px\" \/><\/a>\n\t\t\t<\/div>\n\t\t\t\t<figcaption class='wp-caption-text gallery-caption' id='gallery-1-557'>\n\t\t\t\t<body> <h4 align=\"center\">Equivalente Orig.: 46763525<\/h4> <h4 align=\"center\">Aplica\u00e7\u00e3o: PALIO&#8230;\/07, SIENA &#8230;\/07, ESQUADRA &#8230;\/07<\/h4> <\/body>\n\t\t\t\t<\/figcaption><\/figure><figure class='gallery-item'>\n\t\t\t<div class='gallery-icon landscape'>\n\t\t\t\t<a href='http:\/\/www.brogliplast.com.br\/site\/tubos-do-cilindro-mestre-da-embreagem\/01-08-091\/'><img loading=\"lazy\" decoding=\"async\" width=\"300\" height=\"211\" src=\"http:\/\/www.brogliplast.com.br\/site\/wp-content\/uploads\/2015\/01\/01.08.091-300x211.png\" class=\"attachment-medium size-medium\" alt=\"\" aria-describedby=\"gallery-1-558\" srcset=\"http:\/\/www.brogliplast.com.br\/site\/wp-content\/uploads\/2015\/01\/01.08.091-300x211.png 300w, http:\/\/www.brogliplast.com.br\/site\/wp-content\/uploads\/2015\/01\/01.08.091.png 702w\" sizes=\"auto, (max-width: 300px) 100vw, 300px\" \/><\/a>\n\t\t\t<\/div>\n\t\t\t\t<figcaption class='wp-caption-text gallery-caption' id='gallery-1-558'>\n\t\t\t\t<body> <h4 align=\"center\">Equivalente Orig.: 96FB7A512 EA\/AG\/AH\/AJ<\/h4> <h4 align=\"center\">Aplica\u00e7\u00e3o: COURIER 97\/99, FIESTA 96\/06 MOTOR ZETEC 1.4, KA 00\/06 MOTOR ENDURA FLEX<\/h4> <\/body>\n\t\t\t\t<\/figcaption><\/figure><figure class='gallery-item'>\n\t\t\t<div class='gallery-icon landscape'>\n\t\t\t\t<a href='http:\/\/www.brogliplast.com.br\/site\/tubos-do-cilindro-mestre-da-embreagem\/01-08-100\/'><img loading=\"lazy\" decoding=\"async\" width=\"300\" height=\"211\" src=\"http:\/\/www.brogliplast.com.br\/site\/wp-content\/uploads\/2015\/01\/01.08.100-300x211.png\" class=\"attachment-medium size-medium\" alt=\"\" aria-describedby=\"gallery-1-559\" srcset=\"http:\/\/www.brogliplast.com.br\/site\/wp-content\/uploads\/2015\/01\/01.08.100-300x211.png 300w, http:\/\/www.brogliplast.com.br\/site\/wp-content\/uploads\/2015\/01\/01.08.100.png 702w\" sizes=\"auto, (max-width: 300px) 100vw, 300px\" \/><\/a>\n\t\t\t<\/div>\n\t\t\t\t<figcaption class='wp-caption-text gallery-caption' id='gallery-1-559'>\n\t\t\t\t<body> <h4 align=\"center\">Equivalente Orig.: 2N15.7A512X   2S65.7A512.X   5S45.7A512.X  <\/h4> <h4 align=\"center\">Aplica\u00e7\u00e3o: ADAPTADOR PARA 2N15.74A512.DB, 2N15.7A512.EC, 2S65.7A512.BA, 5S45.7A512.AB, ENTRE OUTROS<\/h4> <\/body>\n\t\t\t\t<\/figcaption><\/figure><figure class='gallery-item'>\n\t\t\t<div class='gallery-icon landscape'>\n\t\t\t\t<a href='http:\/\/www.brogliplast.com.br\/site\/tubos-do-cilindro-mestre-da-embreagem\/01-08-105\/'><img loading=\"lazy\" decoding=\"async\" width=\"300\" height=\"211\" src=\"http:\/\/www.brogliplast.com.br\/site\/wp-content\/uploads\/2015\/01\/01.08.105-300x211.png\" class=\"attachment-medium size-medium\" alt=\"\" aria-describedby=\"gallery-1-560\" srcset=\"http:\/\/www.brogliplast.com.br\/site\/wp-content\/uploads\/2015\/01\/01.08.105-300x211.png 300w, http:\/\/www.brogliplast.com.br\/site\/wp-content\/uploads\/2015\/01\/01.08.105.png 702w\" sizes=\"auto, (max-width: 300px) 100vw, 300px\" \/><\/a>\n\t\t\t<\/div>\n\t\t\t\t<figcaption class='wp-caption-text gallery-caption' id='gallery-1-560'>\n\t\t\t\t<body> <h4 align=\"center\">Equivalente Orig.: 2N15.7A512.DB<\/h4> <h4 align=\"center\">Aplica\u00e7\u00e3o: ECOSPORT MOTOR 2.0 4X2 03\/09 MOTOR 1.0, SUPER CHARGE\/MOTOR 1.6 ZETEC ROCAM<\/h4> <\/body>\n\t\t\t\t<\/figcaption><\/figure><figure class='gallery-item'>\n\t\t\t<div class='gallery-icon landscape'>\n\t\t\t\t<a href='http:\/\/www.brogliplast.com.br\/site\/tubos-do-cilindro-mestre-da-embreagem\/01-08-106\/'><img loading=\"lazy\" decoding=\"async\" width=\"300\" height=\"211\" src=\"http:\/\/www.brogliplast.com.br\/site\/wp-content\/uploads\/2015\/01\/01.08.106-300x211.png\" class=\"attachment-medium size-medium\" alt=\"\" aria-describedby=\"gallery-1-561\" srcset=\"http:\/\/www.brogliplast.com.br\/site\/wp-content\/uploads\/2015\/01\/01.08.106-300x211.png 300w, http:\/\/www.brogliplast.com.br\/site\/wp-content\/uploads\/2015\/01\/01.08.106.png 702w\" sizes=\"auto, (max-width: 300px) 100vw, 300px\" \/><\/a>\n\t\t\t<\/div>\n\t\t\t\t<figcaption class='wp-caption-text gallery-caption' id='gallery-1-561'>\n\t\t\t\t<body> <h4 align=\"center\">Equivalente Orig.: 2N15.7A512.EC  <\/h4> <h4 align=\"center\">Aplica\u00e7\u00e3o: ECOSPORT MOTOR DURATEC HE 2.0  03\/10  4X2<\/h4> <\/body>\n\t\t\t\t<\/figcaption><\/figure><figure class='gallery-item'>\n\t\t\t<div class='gallery-icon landscape'>\n\t\t\t\t<a href='http:\/\/www.brogliplast.com.br\/site\/tubos-do-cilindro-mestre-da-embreagem\/01-08-107\/'><img loading=\"lazy\" decoding=\"async\" width=\"300\" height=\"211\" src=\"http:\/\/www.brogliplast.com.br\/site\/wp-content\/uploads\/2015\/01\/01.08.107-300x211.png\" class=\"attachment-medium size-medium\" alt=\"\" aria-describedby=\"gallery-1-562\" srcset=\"http:\/\/www.brogliplast.com.br\/site\/wp-content\/uploads\/2015\/01\/01.08.107-300x211.png 300w, http:\/\/www.brogliplast.com.br\/site\/wp-content\/uploads\/2015\/01\/01.08.107.png 702w\" sizes=\"auto, (max-width: 300px) 100vw, 300px\" \/><\/a>\n\t\t\t<\/div>\n\t\t\t\t<figcaption class='wp-caption-text gallery-caption' id='gallery-1-562'>\n\t\t\t\t<body> <h4 align=\"center\">Equivalente Orig.: 2S65.7A512.BA  <\/h4> <h4 align=\"center\">Aplica\u00e7\u00e3o: FIESTA ZETEC ROCAM, FIESTA SEDAN AGO04&#8230;, HATCH ABR02\/&#8230;<\/h4> <\/body>\n\t\t\t\t<\/figcaption><\/figure><figure class='gallery-item'>\n\t\t\t<div class='gallery-icon landscape'>\n\t\t\t\t<a href='http:\/\/www.brogliplast.com.br\/site\/tubos-do-cilindro-mestre-da-embreagem\/01-08-110\/'><img loading=\"lazy\" decoding=\"async\" width=\"300\" height=\"211\" src=\"http:\/\/www.brogliplast.com.br\/site\/wp-content\/uploads\/2015\/01\/01.08.110-300x211.png\" class=\"attachment-medium size-medium\" alt=\"\" aria-describedby=\"gallery-1-563\" srcset=\"http:\/\/www.brogliplast.com.br\/site\/wp-content\/uploads\/2015\/01\/01.08.110-300x211.png 300w, http:\/\/www.brogliplast.com.br\/site\/wp-content\/uploads\/2015\/01\/01.08.110.png 702w\" sizes=\"auto, (max-width: 300px) 100vw, 300px\" \/><\/a>\n\t\t\t<\/div>\n\t\t\t\t<figcaption class='wp-caption-text gallery-caption' id='gallery-1-563'>\n\t\t\t\t<body> <h4 align=\"center\">Equivalente Orig.: 5S45.7A512.AB  <\/h4> <h4 align=\"center\">Aplica\u00e7\u00e3o: FOCUS  05\/08  COM C\u00c2MBIO MANUAL, MOTOR DURATEC<\/h4> <\/body>\n\t\t\t\t<\/figcaption><\/figure>\n\t\t<\/div>\n\n<p>Pe\u00e7a um or\u00e7amento ou saiba mais informa\u00e7\u00f5es atrav\u00e9s do email: <a href=\"mailto:comercial@brogliplast.com.br\">comercial@brogliplast.com.br<\/a><\/p>\n","protected":false},"excerpt":{"rendered":"<p>Cat\u00e1logo de Tubos do Cilindro Mestre da Embreagem. Ao Entrar em contato, use a\u00a0refer\u00eancia do\u00a0produto, inicia-se com \u00a0&#8220;BRO&#8221; Pe\u00e7a um or\u00e7amento ou saiba mais informa\u00e7\u00f5es atrav\u00e9s do email: comercial@brogliplast.com.br<\/p>\n","protected":false},"author":1,"featured_media":0,"parent":0,"menu_order":0,"comment_status":"open","ping_status":"open","template":"","meta":{"footnotes":""},"class_list":["post-266","page","type-page","status-publish","hentry"],"_links":{"self":[{"href":"http:\/\/www.brogliplast.com.br\/site\/wp-json\/wp\/v2\/pages\/266","targetHints":{"allow":["GET"]}}],"collection":[{"href":"http:\/\/www.brogliplast.com.br\/site\/wp-json\/wp\/v2\/pages"}],"about":[{"href":"http:\/\/www.brogliplast.com.br\/site\/wp-json\/wp\/v2\/types\/page"}],"author":[{"embeddable":true,"href":"http:\/\/www.brogliplast.com.br\/site\/wp-json\/wp\/v2\/users\/1"}],"replies":[{"embeddable":true,"href":"http:\/\/www.brogliplast.com.br\/site\/wp-json\/wp\/v2\/comments?post=266"}],"version-history":[{"count":26,"href":"http:\/\/www.brogliplast.com.br\/site\/wp-json\/wp\/v2\/pages\/266\/revisions"}],"predecessor-version":[{"id":755,"href":"http:\/\/www.brogliplast.com.br\/site\/wp-json\/wp\/v2\/pages\/266\/revisions\/755"}],"wp:attachment":[{"href":"http:\/\/www.brogliplast.com.br\/site\/wp-json\/wp\/v2\/media?parent=266"}],"curies":[{"name":"wp","href":"https:\/\/api.w.org\/{rel}","templated":true}]}}