{"id":247,"date":"2014-12-26T23:28:31","date_gmt":"2014-12-26T23:28:31","guid":{"rendered":"http:\/\/www.brogliplast.com.br\/site\/?page_id=247"},"modified":"2015-07-27T13:06:58","modified_gmt":"2015-07-27T13:06:58","slug":"contatos","status":"publish","type":"page","link":"http:\/\/www.brogliplast.com.br\/site\/contatos\/","title":{"rendered":"Contatos"},"content":{"rendered":"<h1>\u00a0\u00a0Nossa\u00a0Sede<\/h1>\n<h4><img loading=\"lazy\" decoding=\"async\" src=\"http:\/\/www.brogliplast.com.br\/site\/wp-content\/uploads\/2014\/12\/logo-broglipalst_footer.png\" alt=\"\" width=\"216\" height=\"47\" \/><\/h4>\n<p>Rua Coronel Euclides Machado, 429<br \/>\nJd. das Gra\u00e7as &#8211; Freguesia do \u00d3<br \/>\nS\u00e3o Paulo &#8211; SP CEP: 02713-000<\/p>\n<p><img decoding=\"async\" src=\"http:\/\/www.siplasplasticos.com\/imagens\/rodape-contatoicon.png\" alt=\"\" \/> 55 (11)\u00a03936-4880<\/p>\n<p><img loading=\"lazy\" decoding=\"async\" src=\"http:\/\/www.brogliplast.com.br\/site\/wp-content\/uploads\/2014\/12\/fax.png\" alt=\"\" width=\"40\" height=\"40\" \/> 55 (11) 3931-2494<\/p>\n<h1>Representantes Brogliplast<\/h1>\n<script type=\"text\/javascript\">\r\nfunction gm_dV(){\r\nvar data = google.visualization.arrayToDataTable([\r\n['Country','Value',{type:'string',role:'tooltip'}],\n[{v:'S\u00e3o Paulo',f:'Brogliplast Ind\u00fastria de Inje\u00e7\u00e3o Pl\u00e1stica e Ferramentaria'},0,'S\u00e3o Paulo - Capital e Interior\\nRua Coronel Euclides Machado, 429\\nJd. das Gra\u00e7as - Freguesia do \u00d3 \\nS\u00e3o Paulo - SP CEP: 02713-000\\n(Trav. Marginal Tiet\u00ea - Sentido Sul)\\n55 (11) 3936-4880\\nemail - contato@broglipalst.com.br'],\n[{v:'Rio Grande do Sul',f:'JCG Representante Comercial'},1,'Alvorada - Rio Grande do Sul\\nContato - Sr. Jos\u00e9 Gomes\\nTel. (51)9913-6079  ou (51)3483-7018\\nemail - jos\u00e9carlos_jcg@hotmail.com'],\n[{v:'Cear\u00e1',f:'RM Representa\u00e7\u00f5es Moreira Ltda'},2,'Sr. Moreira\\nTel. (85) 3262-1356\\nCel. (85)9009-4868 - Tim\\n       (85)9177-2641 - Claro\\n       (85)8621-2007 - Oi\\nemail - rmoreira@baydenet.com.br\\n            casmoreiraf@hotmail.com'],\n[{v:'Piaui',f:'RM Representa\u00e7\u00f5es Moreira Ltda'},3,'Sr. Moreira\\nTel. (85) 3262-1356\\nCel. (85)9009-4868 - Tim\\n       (85)9177-2641 - Claro\\n       (85)8621-2007 - Oi\\nemail - rmoreira@baydenet.com.br\\n            casmoreiraf@hotmail.com'],\n[{v:'Acre',f:'Brogliplast Ind\u00fastria de Inje\u00e7\u00e3o Pl\u00e1stica e Ferramentaria'},4,'Todo o Estado do Acre\\nSetor de Vendas\\nRua Coronel Euclides Machado, 429\\nJd. das Gra\u00e7as - Freguesia do \u00d3 \\nS\u00e3o Paulo - SP CEP: 02713-000\\n(Trav. Marginal Tiet\u00ea - Sentido Sul)\\n55 (11) 3936-4880\\nemail - contato@broglipalst.com.br'],\n[{v:'Amazonas',f:'Brogliplast Ind\u00fastria de Inje\u00e7\u00e3o Pl\u00e1stica e Ferramentaria'},5,'Todo o Estado de Amazonas\\nSetor de Vendas\\nRua Coronel Euclides Machado, 429\\nJd. das Gra\u00e7as - Freguesia do \u00d3 \\nS\u00e3o Paulo - SP CEP: 02713-000\\n(Trav. Marginal Tiet\u00ea - Sentido Sul)\\n55 (11) 3936-4880\\nemail - contato@broglipalst.com.br'],\n[{v:'Rond\u00f4nia',f:'Brogliplast Ind\u00fastria de Inje\u00e7\u00e3o Pl\u00e1stica e Ferramentaria'},6,'Todo o Estado de Rond\u00f4nia\\nSetor de Vendas\\nRua Coronel Euclides Machado, 429\\nJd. das Gra\u00e7as - Freguesia do \u00d3 \\nS\u00e3o Paulo - SP CEP: 02713-000\\n(Trav. Marginal Tiet\u00ea - Sentido Sul)\\n55 (11) 3936-4880\\nemail - contato@broglipalst.com.br'],\n[{v:'Roraima',f:'Brogliplast Ind\u00fastria de Inje\u00e7\u00e3o Pl\u00e1stica e Ferramentaria'},7,'Todo o Estado de Roraima\\nSetor de Vendas\\nRua Coronel Euclides Machado, 429\\nJd. das Gra\u00e7as - Freguesia do \u00d3 \\nS\u00e3o Paulo - SP CEP: 02713-000\\n(Trav. Marginal Tiet\u00ea - Sentido Sul)\\n55 (11) 3936-4880\\nemail - contato@broglipalst.com.br'],\n[{v:'Amap\u00e1',f:'Brogliplast Ind\u00fastria de Inje\u00e7\u00e3o Pl\u00e1stica e Ferramentaria'},8,'Todo o Estado de Amap\u00e1\\nSetor de Vendas\\nRua Coronel Euclides Machado, 429\\nJd. das Gra\u00e7as - Freguesia do \u00d3 \\nS\u00e3o Paulo - SP CEP: 02713-000\\n(Trav. Marginal Tiet\u00ea - Sentido Sul)\\n55 (11) 3936-4880\\nemail - contato@broglipalst.com.br'],\n[{v:'Macap\u00e1',f:'Brogliplast Ind\u00fastria de Inje\u00e7\u00e3o Pl\u00e1stica e Ferramentaria'},9,'Todo o Estado de Macap\u00e1\\nSetor de Vendas\\nRua Coronel Euclides Machado, 429\\nJd. das Gra\u00e7as - Freguesia do \u00d3 \\nS\u00e3o Paulo - SP CEP: 02713-000\\n(Trav. Marginal Tiet\u00ea - Sentido Sul)\\n55 (11) 3936-4880\\nemail - contato@broglipalst.com.br'],\n[{v:'Goias',f:'Brogliplast Ind\u00fastria de Inje\u00e7\u00e3o Pl\u00e1stica e Ferramentaria'},10,'Todo o Estado de Goias\\nSetor de Vendas\\nRua Coronel Euclides Machado, 429\\nJd. das Gra\u00e7as - Freguesia do \u00d3 \\nS\u00e3o Paulo - SP CEP: 02713-000\\n(Trav. Marginal Tiet\u00ea - Sentido Sul)\\n55 (11) 3936-4880\\nemail - contato@broglipalst.com.br'],\n[{v:'Minas Gerais',f:'Brogliplast Ind\u00fastria de Inje\u00e7\u00e3o Pl\u00e1stica e Ferramentaria'},11,'Todo o Estado de Minas Gerais\\nSetor de Vendas\\nRua Coronel Euclides Machado, 429\\nJd. das Gra\u00e7as - Freguesia do \u00d3 \\nS\u00e3o Paulo - SP CEP: 02713-000\\n(Trav. Marginal Tiet\u00ea - Sentido Sul)\\n55 (11) 3936-4880\\nemail - contato@broglipalst.com.br'],\n[{v:'Tocantis',f:'Brogliplast Ind\u00fastria de Inje\u00e7\u00e3o Pl\u00e1stica e Ferramentaria'},12,'Todo o Estado de Tocantis\\nSetor de Vendas\\nRua Coronel Euclides Machado, 429\\nJd. das Gra\u00e7as - Freguesia do \u00d3 \\nS\u00e3o Paulo - SP CEP: 02713-000\\n(Trav. Marginal Tiet\u00ea - Sentido Sul)\\n55 (11) 3936-4880\\nemail - contato@broglipalst.com.br'],\n[{v:'Bahia',f:'Brogliplast Ind\u00fastria de Inje\u00e7\u00e3o Pl\u00e1stica e Ferramentaria'},13,'Todo o Estado da Bahia\\nSetor de Vendas\\nRua Coronel Euclides Machado, 429\\nJd. das Gra\u00e7as - Freguesia do \u00d3 \\nS\u00e3o Paulo - SP CEP: 02713-000\\n(Trav. Marginal Tiet\u00ea - Sentido Sul)\\n55 (11) 3936-4880\\nemail - contato@broglipalst.com.br'],\n[{v:'Par\u00e1',f:'Brogliplast Ind\u00fastria de Inje\u00e7\u00e3o Pl\u00e1stica e Ferramentaria'},14,'Todo o Estado do Par\u00e1\\nSetor de Vendas\\nRua Coronel Euclides Machado, 429\\nJd. das Gra\u00e7as - Freguesia do \u00d3 \\nS\u00e3o Paulo - SP CEP: 02713-000\\n(Trav. Marginal Tiet\u00ea - Sentido Sul)\\n55 (11) 3936-4880\\nemail - contato@broglipalst.com.br'],\n[{v:'Maranh\u00e3o',f:'Brogliplast Ind\u00fastria de Inje\u00e7\u00e3o Pl\u00e1stica e Ferramentaria'},15,'Todo o Estado do Maranh\u00e3o\\nSetor de Vendas\\nRua Coronel Euclides Machado, 429\\nJd. das Gra\u00e7as - Freguesia do \u00d3 \\nS\u00e3o Paulo - SP CEP: 02713-000\\n(Trav. Marginal Tiet\u00ea - Sentido Sul)\\n55 (11) 3936-4880\\nemail - contato@broglipalst.com.br'],\n[{v:'Rio de Janeiro',f:'Brogliplast Ind\u00fastria de Inje\u00e7\u00e3o Pl\u00e1stica e Ferramentaria'},16,'Todo o Estado do Rio de Janeiro\\nSetor de Vendas\\nRua Coronel Euclides Machado, 429\\nJd. das Gra\u00e7as - Freguesia do \u00d3 \\nS\u00e3o Paulo - SP CEP: 02713-000\\n(Trav. Marginal Tiet\u00ea - Sentido Sul)\\n55 (11) 3936-4880\\nemail - contato@broglipalst.com.br'],\n[{v:'Espirito Santo',f:'Brogliplast Ind\u00fastria de Inje\u00e7\u00e3o Pl\u00e1stica e Ferramentaria'},17,'Todo o Estado do Espirito Santo\\nSetor de Vendas\\nRua Coronel Euclides Machado, 429\\nJd. das Gra\u00e7as - Freguesia do \u00d3 \\nS\u00e3o Paulo - SP CEP: 02713-000\\n(Trav. Marginal Tiet\u00ea - Sentido Sul)\\n55 (11) 3936-4880\\nemail - contato@broglipalst.com.br'],\n[{v:'Rio Grande do Norte',f:'Brogliplast Ind\u00fastria de Inje\u00e7\u00e3o Pl\u00e1stica e Ferramentaria'},18,'Todo o Estado do Rio Grande do Norte\\nSetor de Vendas\\nRua Coronel Euclides Machado, 429\\nJd. das Gra\u00e7as - Freguesia do \u00d3 \\nS\u00e3o Paulo - SP CEP: 02713-000\\n(Trav. Marginal Tiet\u00ea - Sentido Sul)\\n55 (11) 3936-4880\\nemail - contato@broglipalst.com.br'],\n[{v:'Para\u00edba',f:'Brogliplast Ind\u00fastria de Inje\u00e7\u00e3o Pl\u00e1stica e Ferramentaria'},19,'Todo o Estado da Para\u00edba\\nSetor de Vendas\\nRua Coronel Euclides Machado, 429\\nJd. das Gra\u00e7as - Freguesia do \u00d3 \\nS\u00e3o Paulo - SP CEP: 02713-000\\n(Trav. Marginal Tiet\u00ea - Sentido Sul)\\n55 (11) 3936-4880\\nemail - contato@broglipalst.com.br'],\n[{v:'Alagoas',f:'Brogliplast Ind\u00fastria de Inje\u00e7\u00e3o Pl\u00e1stica e Ferramentaria'},20,'Todo o Estado de Alagoas\\nSetor de Vendas\\nRua Coronel Euclides Machado, 429\\nJd. das Gra\u00e7as - Freguesia do \u00d3 \\nS\u00e3o Paulo - SP CEP: 02713-000\\n(Trav. Marginal Tiet\u00ea - Sentido Sul)\\n55 (11) 3936-4880\\nemail - contato@broglipalst.com.br'],\n[{v:'Sergipe',f:'Brogliplast Ind\u00fastria de Inje\u00e7\u00e3o Pl\u00e1stica e Ferramentaria'},21,'Todo o Estado de Sergipe\\nSetor de Vendas\\nRua Coronel Euclides Machado, 429\\nJd. das Gra\u00e7as - Freguesia do \u00d3 \\nS\u00e3o Paulo - SP CEP: 02713-000\\n(Trav. Marginal Tiet\u00ea - Sentido Sul)\\n55 (11) 3936-4880\\nemail - contato@broglipalst.com.br'],\n[{v:'Pernambuco',f:'Brogliplast Ind\u00fastria de Inje\u00e7\u00e3o Pl\u00e1stica e Ferramentaria'},22,'Todo o Estado de Pernambuco\\nSetor de Vendas\\nRua Coronel Euclides Machado, 429\\nJd. das Gra\u00e7as - Freguesia do \u00d3 \\nS\u00e3o Paulo - SP CEP: 02713-000\\n(Trav. Marginal Tiet\u00ea - Sentido Sul)\\n55 (11) 3936-4880\\nemail - contato@broglipalst.com.br'],\n[{v:'Distrito Federal',f:'Brogliplast Ind\u00fastria de Inje\u00e7\u00e3o Pl\u00e1stica e Ferramentaria'},23,'Todo o Distrito Federal\\nSetor de Vendas\\nRua Coronel Euclides Machado, 429\\nJd. das Gra\u00e7as - Freguesia do \u00d3 \\nS\u00e3o Paulo - SP CEP: 02713-000\\n(Trav. Marginal Tiet\u00ea - Sentido Sul)\\n55 (11) 3936-4880\\nemail - contato@broglipalst.com.br'],\n[{v:'Bauru',f:'Difere Representa\u00e7\u00f5es Comerciais Ltda.'},24,'Todo o Estado de S\u00e3o Paulo\\nSr. Carlos Alberto\\nTel. (11)2495-8676 - (11)9.9856-3014\\nemail - carlosdifere00@gmail.com']\n]);\nvar options={\r\nbackgroundColor:{ fill:'#FFFFFF' },\r\ncolorAxis:{ minValue:0, maxValue:24, colors:['#b11c57','#F8FF36','#FFA852','#FFA852','#FF42E6','#FF42E6','#FF42E6','#FF42E6','#FF42E6','#FF42E6','#FF42E6','#FF42E6','#FF42E6','#FF42E6','#FF42E6','#FF42E6','#FF42E6','#FF42E6','#FF42E6','#FF42E6','#FF42E6','#FF42E6','#FF42E6','#FF42E6','#1F96FF'] },\r\nlegend:'none',\r\ndatalessRegionColor:'#EDDFF5',\r\ndisplayMode:'markers',\r\nenableRegionInteractivity:'true',\r\nresolution:'provinces',\r\nsizeAxis: { minValue:0, maxValue:24, minSize:10, maxSize:10 },\r\nregion:'BR',\r\nwidth: 600,\r\nheight: 400,\r\ntooltip: { textStyle: { color: '#440736' }, trigger: 'focus' }\r\n};\r\nvar chart=new google.visualization.GeoChart(document.getElementById('gm_vis'));\r\nchart.draw(data,options);\r\n}\r\n\r\nwindow.addEventListener('load', gm_dV, false);\r\n<\/script>\r\n\r\n<div id='gm_visb' style = 'width:600px; height:400px; border: 1px solid #b11c57; overflow:hidden; position:relative;' >\r\n<div id='gm_vis'><\/div>\r\n<\/div>\n\n<h1><\/h1>\n<h1>Formul\u00e1rio de Contato:<\/h1>\n\n<div class=\"wpcf7 no-js\" id=\"wpcf7-f246-o1\" lang=\"pt-BR\" dir=\"ltr\" data-wpcf7-id=\"246\">\n<div class=\"screen-reader-response\"><p role=\"status\" aria-live=\"polite\" aria-atomic=\"true\"><\/p> <ul><\/ul><\/div>\n<form action=\"\/site\/wp-json\/wp\/v2\/pages\/247#wpcf7-f246-o1\" method=\"post\" class=\"wpcf7-form init\" aria-label=\"Formul\u00e1rios de contato\" novalidate=\"novalidate\" data-status=\"init\">\n<div style=\"display: none;\">\n<input type=\"hidden\" name=\"_wpcf7\" value=\"246\" \/>\n<input type=\"hidden\" name=\"_wpcf7_version\" value=\"6.0.6\" \/>\n<input type=\"hidden\" name=\"_wpcf7_locale\" value=\"pt_BR\" \/>\n<input type=\"hidden\" name=\"_wpcf7_unit_tag\" value=\"wpcf7-f246-o1\" \/>\n<input type=\"hidden\" name=\"_wpcf7_container_post\" value=\"0\" \/>\n<input type=\"hidden\" name=\"_wpcf7_posted_data_hash\" value=\"\" \/>\n<\/div>\n<p>Seu nome (obrigat\u00f3rio)\n<\/p>\n<p><span class=\"wpcf7-form-control-wrap\" data-name=\"your-name\"><input size=\"40\" maxlength=\"400\" class=\"wpcf7-form-control wpcf7-text wpcf7-validates-as-required\" aria-required=\"true\" aria-invalid=\"false\" value=\"\" type=\"text\" name=\"your-name\" \/><\/span>\n<\/p>\n<p>Seu e-mail (obrigat\u00f3rio)\n<\/p>\n<p><span class=\"wpcf7-form-control-wrap\" data-name=\"your-email\"><input size=\"40\" maxlength=\"400\" class=\"wpcf7-form-control wpcf7-email wpcf7-validates-as-required wpcf7-text wpcf7-validates-as-email\" aria-required=\"true\" aria-invalid=\"false\" value=\"\" type=\"email\" name=\"your-email\" \/><\/span>\n<\/p>\n<p>Destinado (obrigat\u00f3rio)\n<\/p>\n<p><span class=\"wpcf7-form-control-wrap\" data-name=\"radio-302\"><span class=\"wpcf7-form-control wpcf7-radio\"><span class=\"wpcf7-list-item first\"><input type=\"radio\" name=\"radio-302\" value=\"Departamento Comercial\" \/><span class=\"wpcf7-list-item-label\">Departamento Comercial<\/span><\/span><span class=\"wpcf7-list-item\"><input type=\"radio\" name=\"radio-302\" value=\"Departamento Financeiro\" \/><span class=\"wpcf7-list-item-label\">Departamento Financeiro<\/span><\/span><span class=\"wpcf7-list-item last\"><input type=\"radio\" name=\"radio-302\" value=\"Recursos Humanos\" \/><span class=\"wpcf7-list-item-label\">Recursos Humanos<\/span><\/span><\/span><\/span>\n<\/p>\n<p>Assunto\n<\/p>\n<p><span class=\"wpcf7-form-control-wrap\" data-name=\"your-subject\"><input size=\"40\" maxlength=\"400\" class=\"wpcf7-form-control wpcf7-text\" aria-invalid=\"false\" value=\"\" type=\"text\" name=\"your-subject\" \/><\/span>\n<\/p>\n<p>Sua mensagem\n<\/p>\n<p><span class=\"wpcf7-form-control-wrap\" data-name=\"your-message\"><textarea cols=\"40\" rows=\"10\" maxlength=\"2000\" class=\"wpcf7-form-control wpcf7-textarea\" aria-invalid=\"false\" name=\"your-message\"><\/textarea><\/span>\n<\/p>\n<p>Validador\n<\/p>\n<p><input type=\"hidden\" name=\"_wpcf7_captcha_challenge_captcha-808\" value=\"2299031892\" \/><img loading=\"lazy\" decoding=\"async\" class=\"wpcf7-form-control wpcf7-captchac wpcf7-captcha-captcha-808\" width=\"60\" height=\"20\" alt=\"captcha\" src=\"http:\/\/www.brogliplast.com.br\/site\/wp-content\/uploads\/wpcf7_captcha\/2299031892.png\" \/>\n<\/p>\n<p>Digite aqui\n<\/p>\n<p><span class=\"wpcf7-form-control-wrap\" data-name=\"captcha-808\"><input size=\"40\" class=\"wpcf7-form-control wpcf7-captchar\" autocomplete=\"off\" aria-invalid=\"false\" value=\"\" type=\"text\" name=\"captcha-808\" \/><\/span>\n<\/p>\n<p><input class=\"wpcf7-form-control wpcf7-submit has-spinner\" type=\"submit\" value=\"Enviar\" \/>\n<\/p><div class=\"wpcf7-response-output\" aria-hidden=\"true\"><\/div>\n<\/form>\n<\/div>\n\n","protected":false},"excerpt":{"rendered":"<p>\u00a0\u00a0Nossa\u00a0Sede Rua Coronel Euclides Machado, 429 Jd. das Gra\u00e7as &#8211; Freguesia do \u00d3 S\u00e3o Paulo &#8211; SP CEP: 02713-000 55 (11)\u00a03936-4880 55 (11) 3931-2494 Representantes Brogliplast Formul\u00e1rio de Contato:<\/p>\n","protected":false},"author":1,"featured_media":0,"parent":0,"menu_order":0,"comment_status":"open","ping_status":"open","template":"","meta":{"footnotes":""},"class_list":["post-247","page","type-page","status-publish","hentry"],"_links":{"self":[{"href":"http:\/\/www.brogliplast.com.br\/site\/wp-json\/wp\/v2\/pages\/247","targetHints":{"allow":["GET"]}}],"collection":[{"href":"http:\/\/www.brogliplast.com.br\/site\/wp-json\/wp\/v2\/pages"}],"about":[{"href":"http:\/\/www.brogliplast.com.br\/site\/wp-json\/wp\/v2\/types\/page"}],"author":[{"embeddable":true,"href":"http:\/\/www.brogliplast.com.br\/site\/wp-json\/wp\/v2\/users\/1"}],"replies":[{"embeddable":true,"href":"http:\/\/www.brogliplast.com.br\/site\/wp-json\/wp\/v2\/comments?post=247"}],"version-history":[{"count":12,"href":"http:\/\/www.brogliplast.com.br\/site\/wp-json\/wp\/v2\/pages\/247\/revisions"}],"predecessor-version":[{"id":716,"href":"http:\/\/www.brogliplast.com.br\/site\/wp-json\/wp\/v2\/pages\/247\/revisions\/716"}],"wp:attachment":[{"href":"http:\/\/www.brogliplast.com.br\/site\/wp-json\/wp\/v2\/media?parent=247"}],"curies":[{"name":"wp","href":"https:\/\/api.w.org\/{rel}","templated":true}]}}