{"id":212,"date":"2014-12-26T14:32:38","date_gmt":"2014-12-26T14:32:38","guid":{"rendered":"http:\/\/www.brogliplast.com.br\/site\/?page_id=212"},"modified":"2015-09-18T01:59:31","modified_gmt":"2015-09-18T01:59:31","slug":"homenagens","status":"publish","type":"page","link":"http:\/\/www.brogliplast.com.br\/site\/homenagens\/","title":{"rendered":"Homenagens"},"content":{"rendered":"<p class=\"style61\" style=\"text-align: justify;\" align=\"justify\"><span class=\"style14 style16\"><a href=\"http:\/\/www.brogliplast.com.br\/site\/wp-content\/uploads\/2014\/12\/homenagem2.png\"><img loading=\"lazy\" decoding=\"async\" class=\"aligncenter wp-image-736 size-full\" src=\"http:\/\/www.brogliplast.com.br\/site\/wp-content\/uploads\/2014\/12\/homenagem2.png\" alt=\"\" width=\"615\" height=\"380\" srcset=\"http:\/\/www.brogliplast.com.br\/site\/wp-content\/uploads\/2014\/12\/homenagem2.png 615w, http:\/\/www.brogliplast.com.br\/site\/wp-content\/uploads\/2014\/12\/homenagem2-300x185.png 300w\" sizes=\"auto, (max-width: 615px) 100vw, 615px\" \/><\/a><\/span><\/p>\n<p class=\"style61\" style=\"text-align: justify;\" align=\"justify\"><span class=\"style14 style16\"><img loading=\"lazy\" decoding=\"async\" src=\"http:\/\/www.brogliplast.com.br\/images\/seta.png\" alt=\"\" width=\"31\" height=\"20\" \/><\/span><span class=\"style62\">\u00c0 voc\u00eas, que passaram por nossas vidas com muita Alegria, Generosidade e Determina\u00e7\u00e3o no Bem e no Amor ao Pr\u00f3ximo, o nosso reconhecimento de que:<em>sem voc\u00eas dois, esta empresa n\u00e3o seria o que \u00e9!<\/em><\/span><\/p>\n<p style=\"text-align: justify;\"><span class=\"style62\">E nossas ora\u00e7\u00f5es para que seus valorosos trabalho, dedica\u00e7\u00e3o, intelig\u00eancia e Amor estejam sendo muito bem direcionados no Caminho, na Verdade e na Vida, que \u00e9 Nosso Senhor Jesus Cristo.<\/span><\/p>\n<p class=\"style62\" style=\"text-align: justify;\">Nossas preces para que seus olhares, sentimentos, andar estejam, a cada a\u00e7\u00e3o, direcionados ao Nosso Pai Celeste.<\/p>\n<p style=\"text-align: justify;\"><span class=\"style62\">Fiquem sempre com Deus em seus cora\u00e7\u00f5es e pensamentos! Fiquem com Deus em suas almas e esp\u00edritos!<\/span><\/p>\n<p style=\"text-align: justify;\"><span class=\"style62\"><img loading=\"lazy\" decoding=\"async\" src=\"http:\/\/www.brogliplast.com.br\/images\/seta.png\" alt=\"\" width=\"31\" height=\"20\" \/>Walter Varella \u2013 <em>Aquele que acreditou que este sonho tinha <\/em>quase<em> tudo para se realizar &#8230; e \u201cpagou pr\u00e1 ver\u201d&#8230; literalmente!<\/em> Nosso profundo e sincero MUITO OBRIGADO por sua confian\u00e7a e apoio moral e financeiro!<\/span><\/p>\n<p style=\"text-align: justify;\"><img loading=\"lazy\" decoding=\"async\" src=\"http:\/\/www.brogliplast.com.br\/images\/seta.png\" alt=\"\" width=\"31\" height=\"20\" \/>Luiz Fernando Ferreira de Albuquerque \u2013 <em>Aquele que acreditou que esta nossa vida \u00e9 uma grande escola&#8230; e fez da Brogliplast sua mat\u00e9ria mais apaixonante!<\/em>Nosso profundo e sincero MUITO OBRIGADO por suas id\u00e9ias, seu suor, seu comprometimento, sua \u201cgana\u201d de bem fazer e bem viver!<\/p>\n","protected":false},"excerpt":{"rendered":"<p>\u00c0 voc\u00eas, que passaram por nossas vidas com muita Alegria, Generosidade e Determina\u00e7\u00e3o no Bem e no Amor ao Pr\u00f3ximo, o nosso reconhecimento de que:sem voc\u00eas dois, esta empresa n\u00e3o seria o que \u00e9! E nossas ora\u00e7\u00f5es para que seus<\/p>\n","protected":false},"author":1,"featured_media":0,"parent":0,"menu_order":0,"comment_status":"open","ping_status":"open","template":"","meta":{"footnotes":""},"class_list":["post-212","page","type-page","status-publish","hentry"],"_links":{"self":[{"href":"http:\/\/www.brogliplast.com.br\/site\/wp-json\/wp\/v2\/pages\/212","targetHints":{"allow":["GET"]}}],"collection":[{"href":"http:\/\/www.brogliplast.com.br\/site\/wp-json\/wp\/v2\/pages"}],"about":[{"href":"http:\/\/www.brogliplast.com.br\/site\/wp-json\/wp\/v2\/types\/page"}],"author":[{"embeddable":true,"href":"http:\/\/www.brogliplast.com.br\/site\/wp-json\/wp\/v2\/users\/1"}],"replies":[{"embeddable":true,"href":"http:\/\/www.brogliplast.com.br\/site\/wp-json\/wp\/v2\/comments?post=212"}],"version-history":[{"count":7,"href":"http:\/\/www.brogliplast.com.br\/site\/wp-json\/wp\/v2\/pages\/212\/revisions"}],"predecessor-version":[{"id":737,"href":"http:\/\/www.brogliplast.com.br\/site\/wp-json\/wp\/v2\/pages\/212\/revisions\/737"}],"wp:attachment":[{"href":"http:\/\/www.brogliplast.com.br\/site\/wp-json\/wp\/v2\/media?parent=212"}],"curies":[{"name":"wp","href":"https:\/\/api.w.org\/{rel}","templated":true}]}}