{"id":181,"date":"2014-12-26T13:39:53","date_gmt":"2014-12-26T13:39:53","guid":{"rendered":"http:\/\/www.brogliplast.com.br\/site\/?page_id=181"},"modified":"2017-04-27T14:39:13","modified_gmt":"2017-04-27T14:39:13","slug":"bem-vindos-a-brogliplast","status":"publish","type":"page","link":"http:\/\/www.brogliplast.com.br\/site\/","title":{"rendered":"Bem Vindos \u00e0 Brogliplast"},"content":{"rendered":"<p style=\"text-align: justify;\" align=\"justify\"><img loading=\"lazy\" decoding=\"async\" class=\" wp-image-182 alignleft\" src=\"http:\/\/www.brogliplast.com.br\/site\/wp-content\/uploads\/2014\/12\/mvv-300x269.jpg\" alt=\"mvv\" width=\"222\" height=\"200\" srcset=\"http:\/\/www.brogliplast.com.br\/site\/wp-content\/uploads\/2014\/12\/mvv-300x269.jpg 300w, http:\/\/www.brogliplast.com.br\/site\/wp-content\/uploads\/2014\/12\/mvv.jpg 940w\" sizes=\"auto, (max-width: 222px) 100vw, 222px\" \/><\/p>\n<p style=\"text-align: justify;\" align=\"justify\"><span class=\"style56\"><span class=\"style35\"><img loading=\"lazy\" decoding=\"async\" src=\"http:\/\/brogliplast.com.br\/images\/seta.png\" alt=\"\" width=\"31\" height=\"20\" \/><\/span><\/span><span class=\"style57\">A vis\u00e3o corporativa da <img loading=\"lazy\" decoding=\"async\" src=\"http:\/\/brogliplast.com.br\/images\/textomarca.png\" alt=\"\" width=\"115\" height=\"22\" \/>\u00a0traduzidas em sua\u00a0<a href=\"http:\/\/www.brogliplast.com.br\/site\/visao\" target=\"_blank\">VIS\u00c3O<\/a> , <a href=\"http:\/\/www.brogliplast.com.br\/site\/missao\">MISS\u00c3O<\/a> e <a href=\"http:\/\/www.brogliplast.com.br\/site\/valores\">VALORES<\/a> &#8211;\u00a0norteia a conduta, a estrat\u00e9gia e o posicionamento da empresa perante o mercado, parceiros e colaboradores. Conhe\u00e7a-as!!!<br \/>\nConvidamos voc\u00ea a navegar por todo este site e descobrir\u00e1 nesta empresa bons e surpreendentes motivos para ser um de nossos parceiros.<br \/>\nSomos prestadores de servi\u00e7os de Inje\u00e7\u00e3o Pl\u00e1stica e demais servi\u00e7os de Ferramentaria. Temos uma infra-estrutura muito bem montada para isto.<br \/>\nH\u00e1 2 anos lan\u00e7amo-nos tamb\u00e9m como fabricantes de Autope\u00e7as para o Mercado de Reposi\u00e7\u00e3o e Brindes Publicit\u00e1rios, com ousadia e encarando os desafios de desenvolver e fabricar produtos que n\u00e3o existiam no mercado brasileiro. Hoje temos 10 produtos EXCLUSIVOS (08 Autope\u00e7as e 02 Brindes), cujos desenvolvimentos requereram-nos muito tempo e dedica\u00e7\u00e3o, conhecimentos t\u00e9cnicos espec\u00edficos e&#8230; coragem! Sim, coragem para entrar num mercado altamente competitivo, sendo uma pequena ind\u00fastria, at\u00e9 ent\u00e3o desconhecida por ele. Hoje, por\u00e9m, j\u00e1 conquistamos o respeito de nossos parceiros tamb\u00e9m neste seguimento.<br \/>\nTranscorridos 15 anos desde sua funda\u00e7\u00e3o com apenas uma injetora e um funcion\u00e1rio, no bairro da Lapa, na cidade de S\u00e3o Paulo, vimos crescendo constantemente conquistando novos e bons parceiros.<br \/>\nS\u00e3o clientes e fornecedores que, reconhecendo e confiando em nossa postura empresarial e capacidade t\u00e9cnica, nos fortaleceram at\u00e9 nos consolidarmos como empresa de pequeno porte. Status do qual temos muito orgulho.<\/span><\/p>\n<div style=\"text-align: justify;\" align=\"justify\">\u00a0<span style=\"color: #ffffff;\">a<\/span><\/div>\n<div style=\"text-align: justify;\" align=\"justify\"><\/div>\n<div style=\"text-align: justify;\" align=\"justify\">\n<div id='gallery-1' class='gallery galleryid-181 gallery-columns-3 gallery-size-medium'><figure class='gallery-item'>\n\t\t\t<div class='gallery-icon landscape'>\n\t\t\t\t<a href='http:\/\/www.brogliplast.com.br\/site\/bem-vindos-a-brogliplast\/fotos-pecas-25-02-11_048\/'><img loading=\"lazy\" decoding=\"async\" width=\"300\" height=\"225\" src=\"http:\/\/www.brogliplast.com.br\/site\/wp-content\/uploads\/2014\/12\/fotos.pecas_.25.02.11_048-300x225.jpg\" class=\"attachment-medium size-medium\" alt=\"\" srcset=\"http:\/\/www.brogliplast.com.br\/site\/wp-content\/uploads\/2014\/12\/fotos.pecas_.25.02.11_048-300x225.jpg 300w, http:\/\/www.brogliplast.com.br\/site\/wp-content\/uploads\/2014\/12\/fotos.pecas_.25.02.11_048.jpg 640w\" sizes=\"auto, (max-width: 300px) 100vw, 300px\" \/><\/a>\n\t\t\t<\/div><\/figure><figure class='gallery-item'>\n\t\t\t<div class='gallery-icon landscape'>\n\t\t\t\t<a href='http:\/\/www.brogliplast.com.br\/site\/bem-vindos-a-brogliplast\/fotos-pecas-25-02-11_049\/'><img loading=\"lazy\" decoding=\"async\" width=\"300\" height=\"225\" src=\"http:\/\/www.brogliplast.com.br\/site\/wp-content\/uploads\/2014\/12\/fotos.pecas_.25.02.11_049-300x225.jpg\" class=\"attachment-medium size-medium\" alt=\"\" srcset=\"http:\/\/www.brogliplast.com.br\/site\/wp-content\/uploads\/2014\/12\/fotos.pecas_.25.02.11_049-300x225.jpg 300w, http:\/\/www.brogliplast.com.br\/site\/wp-content\/uploads\/2014\/12\/fotos.pecas_.25.02.11_049.jpg 640w\" sizes=\"auto, (max-width: 300px) 100vw, 300px\" \/><\/a>\n\t\t\t<\/div><\/figure><figure class='gallery-item'>\n\t\t\t<div class='gallery-icon landscape'>\n\t\t\t\t<a href='http:\/\/www.brogliplast.com.br\/site\/bem-vindos-a-brogliplast\/fotos-pecas-25-02-11_065\/'><img loading=\"lazy\" decoding=\"async\" width=\"300\" height=\"225\" src=\"http:\/\/www.brogliplast.com.br\/site\/wp-content\/uploads\/2014\/12\/fotos.pecas_.25.02.11_065-300x225.jpg\" class=\"attachment-medium size-medium\" alt=\"\" srcset=\"http:\/\/www.brogliplast.com.br\/site\/wp-content\/uploads\/2014\/12\/fotos.pecas_.25.02.11_065-300x225.jpg 300w, http:\/\/www.brogliplast.com.br\/site\/wp-content\/uploads\/2014\/12\/fotos.pecas_.25.02.11_065.jpg 640w\" sizes=\"auto, (max-width: 300px) 100vw, 300px\" \/><\/a>\n\t\t\t<\/div><\/figure>\n\t\t<\/div>\n\n<p>Cadastre-se e tenha acesso aos seguintes arquivos:<\/p>\n<p align=\"center\"><a href=\"http:\/\/www.brogliplast.com.br\/site\/catalogo-2016\/\"><img loading=\"lazy\" decoding=\"async\" class=\"alignleft wp-image-831 size-medium\" src=\"http:\/\/www.brogliplast.com.br\/site\/wp-content\/uploads\/2014\/12\/baixe-lancamentos-2017-300x63.jpg\" alt=\"\" width=\"300\" height=\"63\" srcset=\"http:\/\/www.brogliplast.com.br\/site\/wp-content\/uploads\/2014\/12\/baixe-lancamentos-2017-300x63.jpg 300w, http:\/\/www.brogliplast.com.br\/site\/wp-content\/uploads\/2014\/12\/baixe-lancamentos-2017.jpg 326w\" sizes=\"auto, (max-width: 300px) 100vw, 300px\" \/><\/a><a href=\"http:\/\/www.brogliplast.com.br\/site\/catalogo-2016\/\"><img loading=\"lazy\" decoding=\"async\" class=\"alignright wp-image-830 size-medium\" src=\"http:\/\/www.brogliplast.com.br\/site\/wp-content\/uploads\/2014\/12\/baixe-catalogo-2016-300x71.jpg\" alt=\"\" width=\"300\" height=\"71\" srcset=\"http:\/\/www.brogliplast.com.br\/site\/wp-content\/uploads\/2014\/12\/baixe-catalogo-2016-300x71.jpg 300w, http:\/\/www.brogliplast.com.br\/site\/wp-content\/uploads\/2014\/12\/baixe-catalogo-2016.jpg 318w\" sizes=\"auto, (max-width: 300px) 100vw, 300px\" \/><\/a><\/p>\n<\/div>\n","protected":false},"excerpt":{"rendered":"<p>A vis\u00e3o corporativa da \u00a0traduzidas em sua\u00a0VIS\u00c3O , MISS\u00c3O e VALORES &#8211;\u00a0norteia a conduta, a estrat\u00e9gia e o posicionamento da empresa perante o mercado, parceiros e colaboradores. Conhe\u00e7a-as!!! Convidamos voc\u00ea a navegar por todo este site e descobrir\u00e1 nesta empresa<\/p>\n","protected":false},"author":1,"featured_media":0,"parent":0,"menu_order":0,"comment_status":"open","ping_status":"open","template":"","meta":{"footnotes":""},"class_list":["post-181","page","type-page","status-publish","hentry"],"_links":{"self":[{"href":"http:\/\/www.brogliplast.com.br\/site\/wp-json\/wp\/v2\/pages\/181","targetHints":{"allow":["GET"]}}],"collection":[{"href":"http:\/\/www.brogliplast.com.br\/site\/wp-json\/wp\/v2\/pages"}],"about":[{"href":"http:\/\/www.brogliplast.com.br\/site\/wp-json\/wp\/v2\/types\/page"}],"author":[{"embeddable":true,"href":"http:\/\/www.brogliplast.com.br\/site\/wp-json\/wp\/v2\/users\/1"}],"replies":[{"embeddable":true,"href":"http:\/\/www.brogliplast.com.br\/site\/wp-json\/wp\/v2\/comments?post=181"}],"version-history":[{"count":32,"href":"http:\/\/www.brogliplast.com.br\/site\/wp-json\/wp\/v2\/pages\/181\/revisions"}],"predecessor-version":[{"id":834,"href":"http:\/\/www.brogliplast.com.br\/site\/wp-json\/wp\/v2\/pages\/181\/revisions\/834"}],"wp:attachment":[{"href":"http:\/\/www.brogliplast.com.br\/site\/wp-json\/wp\/v2\/media?parent=181"}],"curies":[{"name":"wp","href":"https:\/\/api.w.org\/{rel}","templated":true}]}}