{"id":179,"date":"2014-12-26T13:10:49","date_gmt":"2014-12-26T13:10:49","guid":{"rendered":"http:\/\/www.brogliplast.com.br\/site\/?page_id=179"},"modified":"2014-12-26T14:50:16","modified_gmt":"2014-12-26T14:50:16","slug":"valores","status":"publish","type":"page","link":"http:\/\/www.brogliplast.com.br\/site\/valores\/","title":{"rendered":"Valores"},"content":{"rendered":"<div align=\"justify\">\n<p><span class=\"style31\"><img loading=\"lazy\" decoding=\"async\" class=\"  wp-image-208 alignleft\" src=\"http:\/\/www.brogliplast.com.br\/site\/wp-content\/uploads\/2014\/12\/valores2-162x300.png\" alt=\"valores\" width=\"120\" height=\"223\" srcset=\"http:\/\/www.brogliplast.com.br\/site\/wp-content\/uploads\/2014\/12\/valores2-162x300.png 162w, http:\/\/www.brogliplast.com.br\/site\/wp-content\/uploads\/2014\/12\/valores2.png 531w\" sizes=\"auto, (max-width: 120px) 100vw, 120px\" \/><img loading=\"lazy\" decoding=\"async\" src=\"http:\/\/www.brogliplast.com.br\/images\/seta.png\" alt=\"\" width=\"31\" height=\"20\" \/>A responsabilidade empresarial, social e respeito ao meio ambiente.<\/span><\/p>\n<p><span class=\"style31\"><img loading=\"lazy\" decoding=\"async\" src=\"http:\/\/www.brogliplast.com.br\/images\/seta.png\" alt=\"\" width=\"31\" height=\"20\" \/>A transpar\u00eancia e \u00e9tica nos relacionamentos, parcerias empresariais e interpessoais.<\/span><\/p>\n<p><img loading=\"lazy\" decoding=\"async\" src=\"http:\/\/www.brogliplast.com.br\/images\/seta.png\" alt=\"\" width=\"31\" height=\"20\" \/>O comprometimento com a excel\u00eancia, a qualidade e a busca de solu\u00e7\u00f5es criativas e vi\u00e1veis.<\/p>\n<p><img loading=\"lazy\" decoding=\"async\" src=\"http:\/\/www.brogliplast.com.br\/images\/seta.png\" alt=\"\" width=\"31\" height=\"20\" \/>O trabalho em equipe para promo\u00e7\u00e3o do desenvolvimento de parceiros e colaboradores.<\/p>\n<p><span class=\"style55\">\u00a0 \u00a0 \u00a0 \u00a0 \u00a0 \u00a0<\/span><\/p>\n<\/div>\n","protected":false},"excerpt":{"rendered":"<p>A responsabilidade empresarial, social e respeito ao meio ambiente. A transpar\u00eancia e \u00e9tica nos relacionamentos, parcerias empresariais e interpessoais. O comprometimento com a excel\u00eancia, a qualidade e a busca de solu\u00e7\u00f5es criativas e vi\u00e1veis. O trabalho em equipe para promo\u00e7\u00e3o<\/p>\n","protected":false},"author":1,"featured_media":0,"parent":0,"menu_order":0,"comment_status":"open","ping_status":"open","template":"","meta":{"footnotes":""},"class_list":["post-179","page","type-page","status-publish","hentry"],"_links":{"self":[{"href":"http:\/\/www.brogliplast.com.br\/site\/wp-json\/wp\/v2\/pages\/179","targetHints":{"allow":["GET"]}}],"collection":[{"href":"http:\/\/www.brogliplast.com.br\/site\/wp-json\/wp\/v2\/pages"}],"about":[{"href":"http:\/\/www.brogliplast.com.br\/site\/wp-json\/wp\/v2\/types\/page"}],"author":[{"embeddable":true,"href":"http:\/\/www.brogliplast.com.br\/site\/wp-json\/wp\/v2\/users\/1"}],"replies":[{"embeddable":true,"href":"http:\/\/www.brogliplast.com.br\/site\/wp-json\/wp\/v2\/comments?post=179"}],"version-history":[{"count":11,"href":"http:\/\/www.brogliplast.com.br\/site\/wp-json\/wp\/v2\/pages\/179\/revisions"}],"predecessor-version":[{"id":222,"href":"http:\/\/www.brogliplast.com.br\/site\/wp-json\/wp\/v2\/pages\/179\/revisions\/222"}],"wp:attachment":[{"href":"http:\/\/www.brogliplast.com.br\/site\/wp-json\/wp\/v2\/media?parent=179"}],"curies":[{"name":"wp","href":"https:\/\/api.w.org\/{rel}","templated":true}]}}