{"id":177,"date":"2014-12-26T13:10:17","date_gmt":"2014-12-26T13:10:17","guid":{"rendered":"http:\/\/www.brogliplast.com.br\/site\/?page_id=177"},"modified":"2015-01-12T09:01:30","modified_gmt":"2015-01-12T09:01:30","slug":"visao","status":"publish","type":"page","link":"http:\/\/www.brogliplast.com.br\/site\/visao\/","title":{"rendered":"Vis\u00e3o"},"content":{"rendered":"<p style=\"text-align: justify;\"><img loading=\"lazy\" decoding=\"async\" class=\"  wp-image-197 alignleft\" src=\"http:\/\/www.brogliplast.com.br\/site\/wp-content\/uploads\/2014\/12\/visao-300x278.png\" alt=\"visao\" width=\"126\" height=\"117\" srcset=\"http:\/\/www.brogliplast.com.br\/site\/wp-content\/uploads\/2014\/12\/visao-300x278.png 300w, http:\/\/www.brogliplast.com.br\/site\/wp-content\/uploads\/2014\/12\/visao.png 564w\" sizes=\"auto, (max-width: 126px) 100vw, 126px\" \/>A <img loading=\"lazy\" decoding=\"async\" src=\"http:\/\/www.brogliplast.com.br\/images\/textomarca.png\" alt=\"\" width=\"115\" height=\"22\" \/>\u00a0com sua postura corajosa e inovadora, atrav\u00e9s da qualidade dos seus produtos, servi\u00e7os e, pelo grande comprometimento com seus parceiros e colaboradores, busca sempre ser referencial de excel\u00eancia no desenvolvimento de solu\u00e7\u00f5es otimizadas na transforma\u00e7\u00e3o de pl\u00e1stico por inje\u00e7\u00e3o e ferramentaria, e no desenvolvimento de produtos in\u00e9ditos para o mercado de reposi\u00e7\u00e3o de autope\u00e7as.<\/p>\n","protected":false},"excerpt":{"rendered":"<p>A \u00a0com sua postura corajosa e inovadora, atrav\u00e9s da qualidade dos seus produtos, servi\u00e7os e, pelo grande comprometimento com seus parceiros e colaboradores, busca sempre ser referencial de excel\u00eancia no desenvolvimento de solu\u00e7\u00f5es otimizadas na transforma\u00e7\u00e3o de pl\u00e1stico por inje\u00e7\u00e3o<\/p>\n","protected":false},"author":1,"featured_media":0,"parent":0,"menu_order":0,"comment_status":"open","ping_status":"open","template":"","meta":{"footnotes":""},"class_list":["post-177","page","type-page","status-publish","hentry"],"_links":{"self":[{"href":"http:\/\/www.brogliplast.com.br\/site\/wp-json\/wp\/v2\/pages\/177","targetHints":{"allow":["GET"]}}],"collection":[{"href":"http:\/\/www.brogliplast.com.br\/site\/wp-json\/wp\/v2\/pages"}],"about":[{"href":"http:\/\/www.brogliplast.com.br\/site\/wp-json\/wp\/v2\/types\/page"}],"author":[{"embeddable":true,"href":"http:\/\/www.brogliplast.com.br\/site\/wp-json\/wp\/v2\/users\/1"}],"replies":[{"embeddable":true,"href":"http:\/\/www.brogliplast.com.br\/site\/wp-json\/wp\/v2\/comments?post=177"}],"version-history":[{"count":5,"href":"http:\/\/www.brogliplast.com.br\/site\/wp-json\/wp\/v2\/pages\/177\/revisions"}],"predecessor-version":[{"id":447,"href":"http:\/\/www.brogliplast.com.br\/site\/wp-json\/wp\/v2\/pages\/177\/revisions\/447"}],"wp:attachment":[{"href":"http:\/\/www.brogliplast.com.br\/site\/wp-json\/wp\/v2\/media?parent=177"}],"curies":[{"name":"wp","href":"https:\/\/api.w.org\/{rel}","templated":true}]}}