{"id":175,"date":"2014-12-26T13:09:16","date_gmt":"2014-12-26T13:09:16","guid":{"rendered":"http:\/\/www.brogliplast.com.br\/site\/?page_id=175"},"modified":"2015-01-12T09:03:07","modified_gmt":"2015-01-12T09:03:07","slug":"missao","status":"publish","type":"page","link":"http:\/\/www.brogliplast.com.br\/site\/missao\/","title":{"rendered":"Miss\u00e3o"},"content":{"rendered":"<p style=\"text-align: justify;\"><img loading=\"lazy\" decoding=\"async\" class=\"  wp-image-195 alignleft\" src=\"http:\/\/www.brogliplast.com.br\/site\/wp-content\/uploads\/2014\/12\/missao-300x251.png\" alt=\"missao\" width=\"126\" height=\"103\" \/>A\u00a0<img loading=\"lazy\" decoding=\"async\" src=\"http:\/\/www.brogliplast.com.br\/images\/textomarca.png\" alt=\"\" width=\"115\" height=\"22\" \/>\u00a0busca identificar e superar as dificuldades e car\u00eancias do mercado de reposi\u00e7\u00e3o de autope\u00e7as para desenvolver as melhores solu\u00e7\u00f5es; o mesmo faz para a ind\u00fastria de ferramentaria e transforma\u00e7\u00e3o de pl\u00e1stico por inje\u00e7\u00e3o, buscando continuamente novos conceitos, t\u00e9cnicas, produtos e tecnologias, valorizando e respeitando os parceiros e colaboradores, sempre com responsabilidade empresarial e social.<\/p>\n","protected":false},"excerpt":{"rendered":"<p>A\u00a0\u00a0busca identificar e superar as dificuldades e car\u00eancias do mercado de reposi\u00e7\u00e3o de autope\u00e7as para desenvolver as melhores solu\u00e7\u00f5es; o mesmo faz para a ind\u00fastria de ferramentaria e transforma\u00e7\u00e3o de pl\u00e1stico por inje\u00e7\u00e3o, buscando continuamente novos conceitos, t\u00e9cnicas, produtos e<\/p>\n","protected":false},"author":1,"featured_media":142,"parent":0,"menu_order":0,"comment_status":"open","ping_status":"open","template":"","meta":{"footnotes":""},"class_list":["post-175","page","type-page","status-publish","has-post-thumbnail","hentry"],"_links":{"self":[{"href":"http:\/\/www.brogliplast.com.br\/site\/wp-json\/wp\/v2\/pages\/175","targetHints":{"allow":["GET"]}}],"collection":[{"href":"http:\/\/www.brogliplast.com.br\/site\/wp-json\/wp\/v2\/pages"}],"about":[{"href":"http:\/\/www.brogliplast.com.br\/site\/wp-json\/wp\/v2\/types\/page"}],"author":[{"embeddable":true,"href":"http:\/\/www.brogliplast.com.br\/site\/wp-json\/wp\/v2\/users\/1"}],"replies":[{"embeddable":true,"href":"http:\/\/www.brogliplast.com.br\/site\/wp-json\/wp\/v2\/comments?post=175"}],"version-history":[{"count":5,"href":"http:\/\/www.brogliplast.com.br\/site\/wp-json\/wp\/v2\/pages\/175\/revisions"}],"predecessor-version":[{"id":449,"href":"http:\/\/www.brogliplast.com.br\/site\/wp-json\/wp\/v2\/pages\/175\/revisions\/449"}],"wp:featuredmedia":[{"embeddable":true,"href":"http:\/\/www.brogliplast.com.br\/site\/wp-json\/wp\/v2\/media\/142"}],"wp:attachment":[{"href":"http:\/\/www.brogliplast.com.br\/site\/wp-json\/wp\/v2\/media?parent=175"}],"curies":[{"name":"wp","href":"https:\/\/api.w.org\/{rel}","templated":true}]}}