{"id":146,"date":"2014-12-26T11:37:37","date_gmt":"2014-12-26T11:37:37","guid":{"rendered":"http:\/\/www.brogliplast.com.br\/site\/?page_id=146"},"modified":"2014-12-26T11:59:10","modified_gmt":"2014-12-26T11:59:10","slug":"na-midia","status":"publish","type":"page","link":"http:\/\/www.brogliplast.com.br\/site\/na-midia\/","title":{"rendered":"Na M\u00eddia"},"content":{"rendered":"<p><a href=\"http:\/\/www.brogliplast.com.br\/old_site\/materias\/brogliatto_4_11.pdf\" target=\"_blank\"><img loading=\"lazy\" decoding=\"async\" class=\" alignleft\" src=\"http:\/\/www.brogliplast.com.br\/images\/interessante_materias\/capa_brogli_4-11%20copy.jpg\" alt=\"\" width=\"99\" height=\"70\" border=\"0\" \/><\/a>P\u00e1ginas de neg\u00f3cios do jornal Di\u00e1rio de S\u00e3o Paulo.<br \/>\nEdi\u00e7\u00e3o 04\/11\/2007 &#8220;Micros e pequenas investem em gest\u00e3o<br \/>\nambiental e se destacam no mercado&#8221;\u00a0Edi\u00e7\u00e3o n\u00ba45 &#8211; Ano 2 &#8211; 18\/09\/2000<\/p>\n<p>&nbsp;<\/p>\n<p><a href=\"http:\/\/www.brogliplast.com.br\/old_site\/materias\/revNoticias.pdf\" target=\"_blank\"><img loading=\"lazy\" decoding=\"async\" class=\" alignleft\" src=\"http:\/\/www.brogliplast.com.br\/images\/interessante_materias\/capa_jdenegocios.jpg\" alt=\"\" width=\"99\" height=\"70\" border=\"0\" \/><\/a><\/p>\n<p>&nbsp;<\/p>\n<p>Mat\u00e9ria &#8221; Um olho no verde, outro nos Neg\u00f3cicos&#8221;<span class=\"style59\"><span class=\"style29 style18  style72\"><span class=\"style81\">Revista &#8220;Not\u00edcias&#8221;<\/span><\/span><\/span><\/p>\n<p>&nbsp;<\/p>\n<p><a href=\"http:\/\/www.brogliplast.com.br\/site\/?p=161\"><img loading=\"lazy\" decoding=\"async\" class=\" alignleft\" src=\"http:\/\/www.brogliplast.com.br\/images\/interessante_materias\/capa_pegn.jpg\" alt=\"\" width=\"99\" height=\"70\" border=\"0\" \/><\/a><\/p>\n<p>Revista &#8220;Pequenas Empresas Grandes Neg\u00f3cios&#8221;<br \/>\nMat\u00e9ria enviada \u00e1 revista PEGN em 03\/2007<\/p>\n<p>&nbsp;<\/p>\n<p>&nbsp;<\/p>\n<p><a href=\"http:\/\/www.brogliplast.com.br\/old_site\/materias\/funcionario%20mpn%2054.pdf\" target=\"_blank\"><img loading=\"lazy\" decoding=\"async\" class=\" alignleft\" src=\"http:\/\/www.brogliplast.com.br\/images\/interessante_materias\/capa_funcmpn54.jpg\" alt=\"\" width=\"99\" height=\"70\" border=\"0\" \/><\/a>Revista &#8220;Meu pr\u00f3prio neg\u00f3cio&#8221; Gest\u00e3o Recursos Humanos<\/p>\n<p>&nbsp;<\/p>\n<p>&nbsp;<\/p>\n<p><a href=\"http:\/\/www.brogliplast.com.br\/old_site\/materias\/diariodesp_17_06_p2.pdf\" target=\"_blank\"><img loading=\"lazy\" decoding=\"async\" class=\" alignleft\" src=\"http:\/\/www.brogliplast.com.br\/images\/interessante_materias\/capa_diariodesp_17-06.jpg\" alt=\"\" width=\"99\" height=\"70\" border=\"0\" \/><\/a><\/p>\n<p>P\u00e1ginas de neg\u00f3cios do jornal Di\u00e1rio de S\u00e3o Paulo.<br \/>\nEdi\u00e7\u00e3o 17\/06\/2007 &#8220;Caminho come\u00e7a com mudan\u00e7a de h\u00e1bitos&#8221;<\/p>\n<p>&nbsp;<\/p>\n<p>&nbsp;<\/p>\n","protected":false},"excerpt":{"rendered":"<p>P\u00e1ginas de neg\u00f3cios do jornal Di\u00e1rio de S\u00e3o Paulo. Edi\u00e7\u00e3o 04\/11\/2007 &#8220;Micros e pequenas investem em gest\u00e3o ambiental e se destacam no mercado&#8221;\u00a0Edi\u00e7\u00e3o n\u00ba45 &#8211; Ano 2 &#8211; 18\/09\/2000 &nbsp; &nbsp; Mat\u00e9ria &#8221; Um olho no verde, outro nos Neg\u00f3cicos&#8221;Revista<\/p>\n","protected":false},"author":1,"featured_media":0,"parent":0,"menu_order":0,"comment_status":"open","ping_status":"open","template":"","meta":{"footnotes":""},"class_list":["post-146","page","type-page","status-publish","hentry"],"_links":{"self":[{"href":"http:\/\/www.brogliplast.com.br\/site\/wp-json\/wp\/v2\/pages\/146","targetHints":{"allow":["GET"]}}],"collection":[{"href":"http:\/\/www.brogliplast.com.br\/site\/wp-json\/wp\/v2\/pages"}],"about":[{"href":"http:\/\/www.brogliplast.com.br\/site\/wp-json\/wp\/v2\/types\/page"}],"author":[{"embeddable":true,"href":"http:\/\/www.brogliplast.com.br\/site\/wp-json\/wp\/v2\/users\/1"}],"replies":[{"embeddable":true,"href":"http:\/\/www.brogliplast.com.br\/site\/wp-json\/wp\/v2\/comments?post=146"}],"version-history":[{"count":10,"href":"http:\/\/www.brogliplast.com.br\/site\/wp-json\/wp\/v2\/pages\/146\/revisions"}],"predecessor-version":[{"id":165,"href":"http:\/\/www.brogliplast.com.br\/site\/wp-json\/wp\/v2\/pages\/146\/revisions\/165"}],"wp:attachment":[{"href":"http:\/\/www.brogliplast.com.br\/site\/wp-json\/wp\/v2\/media?parent=146"}],"curies":[{"name":"wp","href":"https:\/\/api.w.org\/{rel}","templated":true}]}}