{"id":135,"date":"2014-12-26T11:26:41","date_gmt":"2014-12-26T11:26:41","guid":{"rendered":"http:\/\/www.brogliplast.com.br\/site\/?page_id=135"},"modified":"2014-12-26T11:29:58","modified_gmt":"2014-12-26T11:29:58","slug":"social-empresarial","status":"publish","type":"page","link":"http:\/\/www.brogliplast.com.br\/site\/social-empresarial\/","title":{"rendered":"Social Empresarial"},"content":{"rendered":"<p class=\"style62 style36\" style=\"text-align: justify;\" align=\"left\"><img loading=\"lazy\" decoding=\"async\" class=\" alignleft\" src=\"http:\/\/www.brogliplast.com.br\/images\/responsabilidade\/socio_empresarial.jpg\" alt=\"\" width=\"143\" height=\"123\" align=\"top\" \/>\u00a0<span class=\"style43\"><span class=\"style14 style16\"><img loading=\"lazy\" decoding=\"async\" class=\" alignnone\" src=\"http:\/\/www.brogliplast.com.br\/images\/seta.png\" alt=\"\" width=\"31\" height=\"20\" \/><\/span><span class=\"style72 style36\">A consci\u00eancia empresarial da dire\u00e7\u00e3o da <img loading=\"lazy\" decoding=\"async\" src=\"http:\/\/www.brogliplast.com.br\/images\/textomarca.png\" alt=\"\" width=\"115\" height=\"22\" \/>\u00a0\u00a0considera que sua import\u00e2ncia \u00e9 grande no tangente \u00e0 qualidade de vida de seus colaboradores e, para isto utiliza-se de v\u00e1rias estrat\u00e9gias para garantir que \u201celes cuidem para que elas sejam a melhor poss\u00edvel\u201d.<\/span><\/span><\/p>\n<p class=\"style62 style36\" style=\"text-align: justify;\" align=\"left\"><img loading=\"lazy\" decoding=\"async\" src=\"http:\/\/www.brogliplast.com.br\/images\/seta.png\" alt=\"\" width=\"31\" height=\"20\" \/>Elaboramos um plano de carreira, com avalia\u00e7\u00e3o de desempenho que estimula e recompensa o comprometimento individual com o auto-desenvolvimento pessoal de cada colaborador;<\/p>\n<p class=\"style62 style36\" style=\"text-align: justify;\" align=\"left\"><img loading=\"lazy\" decoding=\"async\" src=\"http:\/\/www.brogliplast.com.br\/images\/seta.png\" alt=\"\" width=\"31\" height=\"20\" align=\"top\" \/><span class=\"style74\">Assumimos que dentro da empresa temos que lhes dar o melhor exemplo: sempre tratando-os com muito respeito e considera\u00e7\u00e3o humanas; assim refor\u00e7ar\u00e3o tais condutas em seus lares e comunidades;<\/span><\/p>\n<p class=\"style75 style36\" style=\"text-align: justify;\" align=\"left\"><img loading=\"lazy\" decoding=\"async\" src=\"http:\/\/www.brogliplast.com.br\/images\/seta.png\" alt=\"\" width=\"31\" height=\"20\" \/>Planejamos e implantamos cursos de divulga\u00e7\u00e3o sobre cuidados com SA\u00daDE, ALIMENTA\u00c7\u00c3O E AUTO-CUIDADOS para os colaboradores e suas fam\u00edlias;<\/p>\n<p class=\"style75 style36\" style=\"text-align: justify;\" align=\"left\"><img loading=\"lazy\" decoding=\"async\" src=\"http:\/\/www.brogliplast.com.br\/images\/seta.png\" alt=\"\" width=\"31\" height=\"20\" \/>Planejamos e implantamos cursos de divulga\u00e7\u00e3o sobre cuidados com PRONTO-SOCORRO, A\u00c7\u00d5ES PREVENTIVAS E CORRETIVAS DE UM SINISTRO DE INC\u00caNDIO E DE A\u00c7\u00d5ES CORRETAS NO TRABALHO E USO CORRETO DOS EQUIPAMENTOS DE SEGURAN\u00c7A para todos os colaboradores. PROGRAMA &#8220;SA\u00daDE NA EMPRESA&#8221; \u2013 uma parceria da Brogliplast com o SESI<\/p>\n<p class=\"style75 style36\" style=\"text-align: justify;\" align=\"left\"><img loading=\"lazy\" decoding=\"async\" src=\"http:\/\/www.brogliplast.com.br\/images\/seta.png\" alt=\"\" width=\"31\" height=\"20\" \/>Atrav\u00e9s deste programa todos os colaboradores foram avaliados por corpo m\u00e9dico daquela entidade (ap\u00f3s submetidos \u00e0 exames cl\u00ednicos e laboratoriais) e receberam feedbacks e orienta\u00e7\u00f5es m\u00e9dicas individuais e direcionadas \u00e0 melhoria de sua sa\u00fade.<\/p>\n<p class=\"style72 style36\" style=\"text-align: justify;\" align=\"left\"><span class=\"style66\"><img loading=\"lazy\" decoding=\"async\" src=\"http:\/\/www.brogliplast.com.br\/images\/seta.png\" alt=\"\" width=\"31\" height=\"20\" \/> Numa etapa posterior tivemos palestras sobre; HIPERTENS\u00c3O, DIABETES E OBESIDADE para esclarecimentos gerais e orienta\u00e7\u00f5es nutricionais adequadas e saud\u00e1veis.<\/span><\/p>\n<p class=\"style36\" style=\"text-align: justify;\" align=\"left\"><span class=\"style75\"><img loading=\"lazy\" decoding=\"async\" src=\"http:\/\/www.brogliplast.com.br\/images\/seta.png\" alt=\"\" width=\"31\" height=\"20\" \/> Com esta parceria, teremos anualmente o acompanhamento da sa\u00fade dos nossos colaboradores acompanhadas por tal Programa e profissionais do SESI.&#8221;<\/span><\/p>\n<p class=\"style36\" align=\"left\">\n<div id='gallery-1' class='gallery galleryid-135 gallery-columns-3 gallery-size-medium'><figure class='gallery-item'>\n\t\t\t<div class='gallery-icon landscape'>\n\t\t\t\t<a href='http:\/\/www.brogliplast.com.br\/site\/social-empresarial\/foto2_2007g-2\/'><img loading=\"lazy\" decoding=\"async\" width=\"300\" height=\"224\" src=\"http:\/\/www.brogliplast.com.br\/site\/wp-content\/uploads\/2014\/12\/foto2_2007g-300x224.jpg\" class=\"attachment-medium size-medium\" alt=\"\" srcset=\"http:\/\/www.brogliplast.com.br\/site\/wp-content\/uploads\/2014\/12\/foto2_2007g-300x224.jpg 300w, http:\/\/www.brogliplast.com.br\/site\/wp-content\/uploads\/2014\/12\/foto2_2007g.jpg 400w\" sizes=\"auto, (max-width: 300px) 100vw, 300px\" \/><\/a>\n\t\t\t<\/div><\/figure><figure class='gallery-item'>\n\t\t\t<div class='gallery-icon landscape'>\n\t\t\t\t<a href='http:\/\/www.brogliplast.com.br\/site\/social-empresarial\/foto1_2006g\/'><img loading=\"lazy\" decoding=\"async\" width=\"300\" height=\"224\" src=\"http:\/\/www.brogliplast.com.br\/site\/wp-content\/uploads\/2014\/12\/foto1_2006g-300x224.jpg\" class=\"attachment-medium size-medium\" alt=\"\" srcset=\"http:\/\/www.brogliplast.com.br\/site\/wp-content\/uploads\/2014\/12\/foto1_2006g-300x224.jpg 300w, http:\/\/www.brogliplast.com.br\/site\/wp-content\/uploads\/2014\/12\/foto1_2006g.jpg 400w\" sizes=\"auto, (max-width: 300px) 100vw, 300px\" \/><\/a>\n\t\t\t<\/div><\/figure><figure class='gallery-item'>\n\t\t\t<div class='gallery-icon landscape'>\n\t\t\t\t<a href='http:\/\/www.brogliplast.com.br\/site\/social-empresarial\/foto3_2006g\/'><img loading=\"lazy\" decoding=\"async\" width=\"300\" height=\"224\" src=\"http:\/\/www.brogliplast.com.br\/site\/wp-content\/uploads\/2014\/12\/foto3_2006g-300x224.jpg\" class=\"attachment-medium size-medium\" alt=\"\" srcset=\"http:\/\/www.brogliplast.com.br\/site\/wp-content\/uploads\/2014\/12\/foto3_2006g-300x224.jpg 300w, http:\/\/www.brogliplast.com.br\/site\/wp-content\/uploads\/2014\/12\/foto3_2006g.jpg 400w\" sizes=\"auto, (max-width: 300px) 100vw, 300px\" \/><\/a>\n\t\t\t<\/div><\/figure><figure class='gallery-item'>\n\t\t\t<div class='gallery-icon landscape'>\n\t\t\t\t<a href='http:\/\/www.brogliplast.com.br\/site\/social-empresarial\/foto1_2007g\/'><img loading=\"lazy\" decoding=\"async\" width=\"300\" height=\"224\" src=\"http:\/\/www.brogliplast.com.br\/site\/wp-content\/uploads\/2014\/12\/foto1_2007g-300x224.jpg\" class=\"attachment-medium size-medium\" alt=\"\" srcset=\"http:\/\/www.brogliplast.com.br\/site\/wp-content\/uploads\/2014\/12\/foto1_2007g-300x224.jpg 300w, http:\/\/www.brogliplast.com.br\/site\/wp-content\/uploads\/2014\/12\/foto1_2007g.jpg 400w\" sizes=\"auto, (max-width: 300px) 100vw, 300px\" \/><\/a>\n\t\t\t<\/div><\/figure><figure class='gallery-item'>\n\t\t\t<div class='gallery-icon landscape'>\n\t\t\t\t<a href='http:\/\/www.brogliplast.com.br\/site\/social-empresarial\/foto2_2006g\/'><img loading=\"lazy\" decoding=\"async\" width=\"300\" height=\"224\" src=\"http:\/\/www.brogliplast.com.br\/site\/wp-content\/uploads\/2014\/12\/foto2_2006g-300x224.jpg\" class=\"attachment-medium size-medium\" alt=\"\" srcset=\"http:\/\/www.brogliplast.com.br\/site\/wp-content\/uploads\/2014\/12\/foto2_2006g-300x224.jpg 300w, http:\/\/www.brogliplast.com.br\/site\/wp-content\/uploads\/2014\/12\/foto2_2006g.jpg 400w\" sizes=\"auto, (max-width: 300px) 100vw, 300px\" \/><\/a>\n\t\t\t<\/div><\/figure><figure class='gallery-item'>\n\t\t\t<div class='gallery-icon landscape'>\n\t\t\t\t<a href='http:\/\/www.brogliplast.com.br\/site\/social-empresarial\/foto4_2006g\/'><img loading=\"lazy\" decoding=\"async\" width=\"300\" height=\"224\" src=\"http:\/\/www.brogliplast.com.br\/site\/wp-content\/uploads\/2014\/12\/foto4_2006g-300x224.jpg\" class=\"attachment-medium size-medium\" alt=\"\" srcset=\"http:\/\/www.brogliplast.com.br\/site\/wp-content\/uploads\/2014\/12\/foto4_2006g-300x224.jpg 300w, http:\/\/www.brogliplast.com.br\/site\/wp-content\/uploads\/2014\/12\/foto4_2006g.jpg 400w\" sizes=\"auto, (max-width: 300px) 100vw, 300px\" \/><\/a>\n\t\t\t<\/div><\/figure>\n\t\t<\/div>\n\n","protected":false},"excerpt":{"rendered":"<p>\u00a0A consci\u00eancia empresarial da dire\u00e7\u00e3o da \u00a0\u00a0considera que sua import\u00e2ncia \u00e9 grande no tangente \u00e0 qualidade de vida de seus colaboradores e, para isto utiliza-se de v\u00e1rias estrat\u00e9gias para garantir que \u201celes cuidem para que elas sejam a melhor poss\u00edvel\u201d.<\/p>\n","protected":false},"author":1,"featured_media":0,"parent":0,"menu_order":0,"comment_status":"open","ping_status":"open","template":"","meta":{"footnotes":""},"class_list":["post-135","page","type-page","status-publish","hentry"],"_links":{"self":[{"href":"http:\/\/www.brogliplast.com.br\/site\/wp-json\/wp\/v2\/pages\/135","targetHints":{"allow":["GET"]}}],"collection":[{"href":"http:\/\/www.brogliplast.com.br\/site\/wp-json\/wp\/v2\/pages"}],"about":[{"href":"http:\/\/www.brogliplast.com.br\/site\/wp-json\/wp\/v2\/types\/page"}],"author":[{"embeddable":true,"href":"http:\/\/www.brogliplast.com.br\/site\/wp-json\/wp\/v2\/users\/1"}],"replies":[{"embeddable":true,"href":"http:\/\/www.brogliplast.com.br\/site\/wp-json\/wp\/v2\/comments?post=135"}],"version-history":[{"count":4,"href":"http:\/\/www.brogliplast.com.br\/site\/wp-json\/wp\/v2\/pages\/135\/revisions"}],"predecessor-version":[{"id":145,"href":"http:\/\/www.brogliplast.com.br\/site\/wp-json\/wp\/v2\/pages\/135\/revisions\/145"}],"wp:attachment":[{"href":"http:\/\/www.brogliplast.com.br\/site\/wp-json\/wp\/v2\/media?parent=135"}],"curies":[{"name":"wp","href":"https:\/\/api.w.org\/{rel}","templated":true}]}}