{"id":129,"date":"2014-12-26T11:19:56","date_gmt":"2014-12-26T11:19:56","guid":{"rendered":"http:\/\/www.brogliplast.com.br\/site\/?page_id=129"},"modified":"2015-01-22T11:06:39","modified_gmt":"2015-01-22T11:06:39","slug":"social-ambiental","status":"publish","type":"page","link":"http:\/\/www.brogliplast.com.br\/site\/social-ambiental\/","title":{"rendered":"Social Ambiental"},"content":{"rendered":"<p class=\"style62 style36\" style=\"text-align: justify;\" align=\"left\"><img loading=\"lazy\" decoding=\"async\" class=\" alignleft\" src=\"http:\/\/www.brogliplast.com.br\/images\/responsabilidade\/socio_ambiental.jpg\" alt=\"\" width=\"123\" height=\"123\" align=\"top\" border=\"0\" \/><img loading=\"lazy\" decoding=\"async\" src=\"http:\/\/www.brogliplast.com.br\/images\/seta.png\" alt=\"\" width=\"31\" height=\"20\" align=\"top\" \/><span class=\"style69\">Desde o in\u00edcio de nossas atividades empresariais cuidamos para que nossas atividades produtivas em nada prejudicassem o meio-ambiente. Ao contr\u00e1rio: buscamos informa\u00e7\u00f5es e implantamos uma cultura de preserva\u00e7\u00e3o de nossas atuais condi\u00e7\u00f5es ambientais e ainda, de buscarmos transformar o que pod\u00edamos em algo melhor e mais saud\u00e1vel ao ambiente em que vivemos. Passamos a demonstrar nossa preocupa\u00e7\u00e3o com as condutas irrespons\u00e1veis que muitos dentre n\u00f3s (governistas, empres\u00e1rios grandes ou pequenos, oper\u00e1rios ou simples aut\u00f4nomos ou desempregados, crian\u00e7as, adultos e idosos) estavam irrefletidamente adotando. Conscientizamos e implantamos a cultura de \u201cque nada se pode desperdi\u00e7ar\u201d em nossa empresa ou em nossas casas.<\/span><\/p>\n<p class=\"style62 style36\" style=\"text-align: justify;\" align=\"left\">\n<p class=\"style75 style36\" style=\"text-align: justify;\" align=\"left\"><img loading=\"lazy\" decoding=\"async\" src=\"http:\/\/www.brogliplast.com.br\/images\/seta.png\" alt=\"\" width=\"31\" height=\"20\" \/><span class=\"style29 style18 \">Programas de separa\u00e7\u00e3o adequada de res\u00edduos produtivos e lixo foram implantados. At\u00e9 os pap\u00e9is impressos e os filmes de fax s\u00e3o\u00a0reaproveitados\u00a0at\u00e9 esgotarmos sua utiliza\u00e7\u00e3o. A reciclagem dos materiais tornou-se rotina e, para aquelas que n\u00e3o temos infra-estrutura ou interesse em manter aqui, procuramos parceiros que o fazem.<\/span><\/p>\n<p class=\"style75 style36\" style=\"text-align: justify;\" align=\"left\"><img loading=\"lazy\" decoding=\"async\" src=\"http:\/\/www.brogliplast.com.br\/images\/seta.png\" alt=\"\" width=\"31\" height=\"20\" \/><span class=\"style29 style18 \">Cursos e divulga\u00e7\u00e3o de not\u00edcias s\u00e3o planejados e fornecidos aos funcion\u00e1rios para que apliquem isto em suas casas e comunidades tamb\u00e9m.<\/span><\/p>\n<p>&nbsp;<\/p>\n","protected":false},"excerpt":{"rendered":"<p>Desde o in\u00edcio de nossas atividades empresariais cuidamos para que nossas atividades produtivas em nada prejudicassem o meio-ambiente. Ao contr\u00e1rio: buscamos informa\u00e7\u00f5es e implantamos uma cultura de preserva\u00e7\u00e3o de nossas atuais condi\u00e7\u00f5es ambientais e ainda, de buscarmos transformar o que<\/p>\n","protected":false},"author":1,"featured_media":0,"parent":0,"menu_order":0,"comment_status":"open","ping_status":"open","template":"","meta":{"footnotes":""},"class_list":["post-129","page","type-page","status-publish","hentry"],"_links":{"self":[{"href":"http:\/\/www.brogliplast.com.br\/site\/wp-json\/wp\/v2\/pages\/129","targetHints":{"allow":["GET"]}}],"collection":[{"href":"http:\/\/www.brogliplast.com.br\/site\/wp-json\/wp\/v2\/pages"}],"about":[{"href":"http:\/\/www.brogliplast.com.br\/site\/wp-json\/wp\/v2\/types\/page"}],"author":[{"embeddable":true,"href":"http:\/\/www.brogliplast.com.br\/site\/wp-json\/wp\/v2\/users\/1"}],"replies":[{"embeddable":true,"href":"http:\/\/www.brogliplast.com.br\/site\/wp-json\/wp\/v2\/comments?post=129"}],"version-history":[{"count":6,"href":"http:\/\/www.brogliplast.com.br\/site\/wp-json\/wp\/v2\/pages\/129\/revisions"}],"predecessor-version":[{"id":660,"href":"http:\/\/www.brogliplast.com.br\/site\/wp-json\/wp\/v2\/pages\/129\/revisions\/660"}],"wp:attachment":[{"href":"http:\/\/www.brogliplast.com.br\/site\/wp-json\/wp\/v2\/media?parent=129"}],"curies":[{"name":"wp","href":"https:\/\/api.w.org\/{rel}","templated":true}]}}