{"id":109,"date":"2014-12-26T10:57:29","date_gmt":"2014-12-26T10:57:29","guid":{"rendered":"http:\/\/www.brogliplast.com.br\/site\/?page_id=109"},"modified":"2015-01-12T09:08:03","modified_gmt":"2015-01-12T09:08:03","slug":"ferramentaria","status":"publish","type":"page","link":"http:\/\/www.brogliplast.com.br\/site\/ferramentaria\/","title":{"rendered":"Ferramentaria"},"content":{"rendered":"<p class=\"style41 style40 style13\"><strong><span class=\"style14 \"><img loading=\"lazy\" decoding=\"async\" src=\"http:\/\/www.brogliplast.com.br\/images\/seta.png\" alt=\"\" width=\"31\" height=\"20\" \/>\u00a0<\/span><\/strong>Desenvolvemos, projetamos e constru\u00edmos moldes e prot\u00f3tipos:<\/p>\n<p class=\"style41 style40 style13\"><img loading=\"lazy\" decoding=\"async\" src=\"http:\/\/www.brogliplast.com.br\/images\/seta.png\" alt=\"\" width=\"31\" height=\"20\" \/><span class=\"style42\">simples ou complexos;<\/span><\/p>\n<p class=\"style41 style40 style13\"><img loading=\"lazy\" decoding=\"async\" src=\"http:\/\/www.brogliplast.com.br\/images\/seta.png\" alt=\"\" width=\"31\" height=\"20\" \/><span class=\"style42\">para grandes ou pequenas produ\u00e7\u00f5es;<\/span><\/p>\n<p class=\"style41 style40 style13\"><img loading=\"lazy\" decoding=\"async\" src=\"http:\/\/www.brogliplast.com.br\/images\/seta.png\" alt=\"\" width=\"31\" height=\"20\" \/><span class=\"style42\">para qualquer tipo de material;<\/span><\/p>\n<p class=\"style41 style40 style13\"><img loading=\"lazy\" decoding=\"async\" src=\"http:\/\/www.brogliplast.com.br\/images\/seta.png\" alt=\"\" width=\"31\" height=\"20\" \/><span class=\"style42\">de at\u00e9 500 Kgs.<\/span><\/p>\n<p class=\"style41 style40 style13\"><img loading=\"lazy\" decoding=\"async\" src=\"http:\/\/www.brogliplast.com.br\/images\/seta.png\" alt=\"\" width=\"31\" height=\"20\" \/><span class=\"style42\">Analisamos a mat\u00e9ria-prima do produto final e, \u00e0 partir dela, projetamos o molde para que seus canais de alimenta\u00e7\u00e3o e troca t\u00e9rmica sejam distribuidos corretamente &#8211; <i>propiciando o surgimento de pe\u00e7as perfeitas atrav\u00e9s de processos otimizados!<\/i><\/span><\/p>\n<div id='gallery-1' class='gallery galleryid-109 gallery-columns-2 gallery-size-medium'><figure class='gallery-item'>\n\t\t\t<div class='gallery-icon landscape'>\n\t\t\t\t<a href='http:\/\/www.brogliplast.com.br\/site\/ferramentaria\/01-2\/'><img loading=\"lazy\" decoding=\"async\" width=\"300\" height=\"225\" src=\"http:\/\/www.brogliplast.com.br\/site\/wp-content\/uploads\/2014\/12\/011-300x225.jpg\" class=\"attachment-medium size-medium\" alt=\"\" srcset=\"http:\/\/www.brogliplast.com.br\/site\/wp-content\/uploads\/2014\/12\/011-300x225.jpg 300w, http:\/\/www.brogliplast.com.br\/site\/wp-content\/uploads\/2014\/12\/011.jpg 640w\" sizes=\"auto, (max-width: 300px) 100vw, 300px\" \/><\/a>\n\t\t\t<\/div><\/figure><figure class='gallery-item'>\n\t\t\t<div class='gallery-icon portrait'>\n\t\t\t\t<a href='http:\/\/www.brogliplast.com.br\/site\/ferramentaria\/02-2\/'><img loading=\"lazy\" decoding=\"async\" width=\"199\" height=\"300\" src=\"http:\/\/www.brogliplast.com.br\/site\/wp-content\/uploads\/2014\/12\/021-199x300.jpg\" class=\"attachment-medium size-medium\" alt=\"\" srcset=\"http:\/\/www.brogliplast.com.br\/site\/wp-content\/uploads\/2014\/12\/021-199x300.jpg 199w, http:\/\/www.brogliplast.com.br\/site\/wp-content\/uploads\/2014\/12\/021.jpg 319w\" sizes=\"auto, (max-width: 199px) 100vw, 199px\" \/><\/a>\n\t\t\t<\/div><\/figure><figure class='gallery-item'>\n\t\t\t<div class='gallery-icon landscape'>\n\t\t\t\t<a href='http:\/\/www.brogliplast.com.br\/site\/ferramentaria\/03-2\/'><img loading=\"lazy\" decoding=\"async\" width=\"300\" height=\"225\" src=\"http:\/\/www.brogliplast.com.br\/site\/wp-content\/uploads\/2014\/12\/031-300x225.jpg\" class=\"attachment-medium size-medium\" alt=\"\" srcset=\"http:\/\/www.brogliplast.com.br\/site\/wp-content\/uploads\/2014\/12\/031-300x225.jpg 300w, http:\/\/www.brogliplast.com.br\/site\/wp-content\/uploads\/2014\/12\/031.jpg 640w\" sizes=\"auto, (max-width: 300px) 100vw, 300px\" \/><\/a>\n\t\t\t<\/div><\/figure><figure class='gallery-item'>\n\t\t\t<div class='gallery-icon landscape'>\n\t\t\t\t<a href='http:\/\/www.brogliplast.com.br\/site\/ferramentaria\/04-2\/'><img loading=\"lazy\" decoding=\"async\" width=\"300\" height=\"225\" src=\"http:\/\/www.brogliplast.com.br\/site\/wp-content\/uploads\/2014\/12\/041-300x225.jpg\" class=\"attachment-medium size-medium\" alt=\"\" srcset=\"http:\/\/www.brogliplast.com.br\/site\/wp-content\/uploads\/2014\/12\/041-300x225.jpg 300w, http:\/\/www.brogliplast.com.br\/site\/wp-content\/uploads\/2014\/12\/041.jpg 640w\" sizes=\"auto, (max-width: 300px) 100vw, 300px\" \/><\/a>\n\t\t\t<\/div><\/figure>\n\t\t<\/div>\n\n","protected":false},"excerpt":{"rendered":"<p>\u00a0Desenvolvemos, projetamos e constru\u00edmos moldes e prot\u00f3tipos: simples ou complexos; para grandes ou pequenas produ\u00e7\u00f5es; para qualquer tipo de material; de at\u00e9 500 Kgs. Analisamos a mat\u00e9ria-prima do produto final e, \u00e0 partir dela, projetamos o molde para que seus<\/p>\n","protected":false},"author":1,"featured_media":0,"parent":0,"menu_order":0,"comment_status":"open","ping_status":"open","template":"","meta":{"footnotes":""},"class_list":["post-109","page","type-page","status-publish","hentry"],"_links":{"self":[{"href":"http:\/\/www.brogliplast.com.br\/site\/wp-json\/wp\/v2\/pages\/109","targetHints":{"allow":["GET"]}}],"collection":[{"href":"http:\/\/www.brogliplast.com.br\/site\/wp-json\/wp\/v2\/pages"}],"about":[{"href":"http:\/\/www.brogliplast.com.br\/site\/wp-json\/wp\/v2\/types\/page"}],"author":[{"embeddable":true,"href":"http:\/\/www.brogliplast.com.br\/site\/wp-json\/wp\/v2\/users\/1"}],"replies":[{"embeddable":true,"href":"http:\/\/www.brogliplast.com.br\/site\/wp-json\/wp\/v2\/comments?post=109"}],"version-history":[{"count":3,"href":"http:\/\/www.brogliplast.com.br\/site\/wp-json\/wp\/v2\/pages\/109\/revisions"}],"predecessor-version":[{"id":454,"href":"http:\/\/www.brogliplast.com.br\/site\/wp-json\/wp\/v2\/pages\/109\/revisions\/454"}],"wp:attachment":[{"href":"http:\/\/www.brogliplast.com.br\/site\/wp-json\/wp\/v2\/media?parent=109"}],"curies":[{"name":"wp","href":"https:\/\/api.w.org\/{rel}","templated":true}]}}